{"id":30437,"date":"2022-02-07T17:25:12","date_gmt":"2022-02-07T16:25:12","guid":{"rendered":"https:\/\/pieceofcake.coach\/gesundheitsshop\/?post_type=product&#038;p=30437"},"modified":"2024-09-02T13:50:49","modified_gmt":"2024-09-02T11:50:49","slug":"haarmineralanalyse","status":"publish","type":"product","link":"https:\/\/pieceofcake.coach\/gesundheitsshop\/produkte\/haarmineralanalyse","title":{"rendered":"Haarmineralanalyse"},"content":{"rendered":"<h2>Haarmineralanalyse gibt Aufschluss \u00fcber Versorung mit und Verh\u00e4ltnisse von Mineralstoffen zueinander<\/h2>\n<p>Mit dieser Haarmineralanalyse bekommst Du nicht nur einen Aufschluss \u00fcber Deine Versorung\/Exposition mit 28 Mineralstoffen (sowohl essentielle als auch toxische Mineralien, Spurenelemente, Schwermetalle), sondern &#8211; ganz entscheidend &#8211; auf deren Verh\u00e4ltnis zueinander. Denn das richtige Verh\u00e4ltnis bestimmter Mineralstoffe zueinander erm\u00f6glicht erst einen gesunden Energiestoffwechsel, Zellstoffwechsel und Hormonhaushalt.<\/p>\n<h2>Aufschluss \u00fcber Deine Mineralversorgung f\u00fcr Energiestoffwechsel, Zellstoffwechsel, Hormonhaushalt oder eine eventuelle Schwermetallvergiftung<\/h2>\n<p>Gerade, wenn Du das Gef\u00fchl hast, dass Du &#8217;nicht ganz rund&#8216; l\u00e4ufst, was Deine <strong>Energie, Kraft, Laune, Hormone<\/strong> anbelangt, aber nicht klar ist, weshalb, kann dies an der Versorgung und dem Verh\u00e4ltnis Deiner Mineralstoffe zueinander liegen. Auch auf eine eventuelle Schwermetallvergiftung &#8211;\u00a0 die ich niemandem w\u00fcnsche &#8211; kann diese Haarmineralanalyse erste Hinweise geben. Schwermetallvergiftungen verursachen St\u00f6rungen im Hormonhaushalt, in der Verdauung, im Energiestoffwechsel oder Immunsystem., f\u00fcr die h\u00e4ufig lange keine eindeutige Ursache zu finden ist. Dar\u00fcber hinaus gelten Schwermetalle auch als einer der wichtigisten Gr\u00fcnde, weshalb Medikamente, bioidentische Hormone oder Supplementation mit Mikron\u00e4hrstoffen nicht die gew\u00fcnschten Wirkung haben k\u00f6nnen. Die g\u00e4ngisten toxischen Metalle werden mitgetestet. F\u00fcr eine eingehende Diagnose einer Schwermetallvergiftung ist dann ein Chelat-Provokationstest geeignet. Sprich mich gerne an, wenn Du dar\u00fcber etwas mehr wissen m\u00f6chtest.<\/p>\n<h2>Mineralhaushalt und Schwermetallbelastung bei Autoimmunerkrankungen<\/h2>\n<p>Eine Schwermetallbelastung kann Ursache f\u00fcr viele Erkrankungen sein bzw. diese beg\u00fcnstigen. F\u00fcr eine Ursachen bezogene, ganzheitlich Betrachtung solcher Erkrankungen kann sich diese Haarmineralanalyse sehr lohnen, denn sie kann einerseits Hinweise auf Verbesserungspotential in punctro Mineralversorung liefern als auch auf bislang noch nicht \u00fcberprufte Ursachen bzw. Zusammenh\u00e4nge.<\/p>\n<h2>Folgende Mineralstoffe (Mineralien, Spurenelemente, Leicht- und Schwermetalle) werden gestestet<\/h2>\n<p><strong>Mineralstoffe:<\/strong><\/p>\n<ul>\n<li>Calcium, Magnesium, Kalium, Natrium<\/li>\n<li>Phosphor, Kupfer, Zink, Eisen<\/li>\n<li>Mangan, Chrom, Selen, Kobalt<\/li>\n<li>Molybd\u00e4n, Schwefel<\/li>\n<\/ul>\n<p><strong>Schwermetalle:<\/strong><\/p>\n<ul>\n<li>Arsen, Beryllium, Quecksilber<\/li>\n<li>Cadmium, Blei, Aluminium<\/li>\n<li>Uran<\/li>\n<\/ul>\n<p><strong>Spurenelemente (potentiell toxisch):<\/strong><\/p>\n<ul>\n<li>Germanium, Barium, Wismut, Rubidium<\/li>\n<li>Lithium, Nickel, Platin, Thallium<\/li>\n<li>Vanadium, Strontium, Zinn, Titan<\/li>\n<li>Wolfram, Zirkonium<\/li>\n<\/ul>\n<p>&nbsp;<\/p>\n<section class=\"vc_cta3_content-container\">\n<div class=\"vc_general vc_cta3 vc_cta3-style-classic vc_cta3-shape-rounded vc_cta3-align-left vc_cta3-color-classic vc_cta3-icon-size-md vc_cta3-actions-bottom\">\n<div class=\"vc_cta3_content-container\">\n<div class=\"vc_cta3-content\">\n<blockquote>\n<h4>Meine Philosophie:<br \/>\nErstklassige Produkte, pers\u00f6nliche Beratung, entspanntes Einkaufen, durch den Versand entstehen Rohstoffe<\/h4>\n<p>Die Haarmineralanalyse beziehe ich von <em>verisana<\/em>, einem meiner handverlesenen Gesch\u00e4ftspartner, mit denen ich einen oft \u00fcber Jahre gewachsenen pers\u00f6nlichen Kontakt halte. Und ich mache nur Gesch\u00e4fte mit Menschen, die wie ich gerne ihr Bestes geben. Bei mir bekommst Du nur hochwertige Produkte, die ich selbst getestet habe und aus fachlicher Sicht f\u00fcr sinnvoll halte. Ich berate Dich gerne telefonisch. Du kannst dabei oder danach entspannt online einkaufen. Ich rufe Dich auch gerne zur\u00fcck.<br \/>\nVom Ern\u00e4hrungsberater mit Liebe recherchierte und individuell empfohlene Produkte f\u00fcr Deinen gesunden Lebensstil. Ich <a href=\"https:\/\/pieceofcake.coach\/gesundheitsshop\/meine-philosophie\">schaffe \u00fcbrigens mehr Rohstoffe<\/a> als durch den Versand Deiner Bestellung verbraucht werden. Gibt es so sonst nirgends.<\/p>\n<h4>Qualit\u00e4t unterst\u00fctzen oder &#8218;billiger, billiger&#8216;<\/h4>\n<p>Nat\u00fcrlich bekommst Du meine Produkte auch anderswo und m\u00f6glicherweise hier und da sogar etwas g\u00fcnstiger. Falls Du nicht auf jeden Cent achten musst, freue ich mich, wenn Du meinen Service wertsch\u00e4tzt und mein Kunde bleibst. Damit unterst\u00fctzt Du, dass mein erstklassiges Sortiment immer weiter w\u00e4chst. <a href=\"https:\/\/shop.pieceofcake.coach\/meine-philosophie\">Stammkunden<\/a> bekommen bei mir zudem Rabatte, <a href=\"https:\/\/pieceofcake.coach\/kontakt\">sprich mich gerne darauf an.<\/a><\/p><\/blockquote>\n<\/div>\n<\/div>\n<\/div>\n<\/section>\n","protected":false},"excerpt":{"rendered":"<p>Diese Haarmineralanalyse empfehle ich Dir, wenn Du genau wissen willst, wie Deine <strong>Versorgung<\/strong> mit den wichtigsten Mineralstoffen in den letzten <strong>zwei bis drei Monaten<\/strong> und <strong>deren Verh\u00e4tnis zueinander <\/strong>war &#8211; statt nur eine Momentaufnahme einer Blutabnahme weniger Werte zu bekommen. <strong>Mineralstoffmangel <\/strong>ist als Folge industrieller Agrarwirtschaft<strong> weiter verbreitet als Vitaminmangel <\/strong>und in bestimmter Hinsicht sogar noch gravierender. Unsere B\u00f6den und damit auch alles, was auf ihnen w\u00e4chst, enthalten immer weniger Mineralstoffe.<\/p>\n<p>Du sendest etwa 2g Haare ins Labor, die Auswertung erfolgt innerhalb von ca. 3 Wochen und wird dir per Email zugesendet. Porto, Laboranalyse und Befund sind im Preis inbegriffen. Getestet werden <strong>28 Mineralstoffe<\/strong> (Mineralien und Spurenelemente), darunter sowohl die <strong>f<\/strong><strong>\u00fcr Deine Gesundheit relevantesten<\/strong><strong>\u00a0<\/strong>als auch <strong>die am h\u00e4ufigsten vorkommenden potentiell toxischen Leicht- und Schwermetalle<\/strong>.<\/p>\n<p>Auf den Fotos, kannst Du Dir einen <strong>Musterbefund <\/strong>anschauen.<br \/>\nBei der Auswertung des Testes und beim Definieren etwaiger Ma\u00dfnahmen helfe ich Dir gerne.<\/p>\n<p>Nicht sinnvoll ist diese Analyse bei sehr kurzen Haaren, Dauerwelle, gebleichten oder (auch mit z.B. Henna) gef\u00e4rbten Haaren.<\/p>\n<p>Inhalt: 1 Testkit Haarmineralanalyse, portofreier Umschlag, Laboranalyse und Befund<\/p>\n","protected":false},"featured_media":30428,"comment_status":"closed","ping_status":"closed","template":"","meta":[],"product_brand":[],"product_cat":[376,377,358,357,356,354,352,359],"product_tag":[],"class_list":{"0":"post-30437","1":"product","2":"type-product","3":"status-publish","4":"has-post-thumbnail","6":"product_cat-entgiften","7":"product_cat-fuer-dein-liebesleben","8":"product_cat-fuer-sportler","9":"product_cat-darmsanierung","10":"product_cat-immunsystem-staerken","11":"product_cat-entzuendungshemmend","12":"product_cat-vitamine-und-mineralstoffe","13":"product_cat-antioxidantien","14":"description-off","16":"first","17":"instock","18":"taxable","19":"shipping-taxable","20":"purchasable","21":"product-type-simple"},"yoast_head":"<!-- This site is optimized with the Yoast SEO plugin v26.4 - https:\/\/yoast.com\/wordpress\/plugins\/seo\/ -->\n<title>Haarmineralanalyse - piece of cake Gesundheitsshop \ud83c\udf70<\/title>\n<meta name=\"description\" content=\"Haarmineralanalyse von verisana \u270528 Mineralstoffe \u27057 toxische Leicht- und Schwermetalle \u2705Analyse der letzen Monate \u2705Stoffwechsel einsch\u00e4tzen\" \/>\n<meta name=\"robots\" content=\"index, follow, max-snippet:-1, max-image-preview:large, max-video-preview:-1\" \/>\n<link rel=\"canonical\" href=\"https:\/\/pieceofcake.coach\/gesundheitsshop\/produkte\/haarmineralanalyse\" \/>\n<meta property=\"og:locale\" content=\"de_DE\" \/>\n<meta property=\"og:type\" content=\"article\" \/>\n<meta property=\"og:title\" content=\"Haarmineralanalyse - piece of cake Gesundheitsshop \ud83c\udf70\" \/>\n<meta property=\"og:description\" content=\"Haarmineralanalyse von verisana \u270528 Mineralstoffe \u27057 toxische Leicht- und Schwermetalle \u2705Analyse der letzen Monate \u2705Stoffwechsel einsch\u00e4tzen\" \/>\n<meta property=\"og:url\" content=\"https:\/\/pieceofcake.coach\/gesundheitsshop\/produkte\/haarmineralanalyse\" \/>\n<meta property=\"og:site_name\" content=\"piece of cake Gesundheitsshop\" \/>\n<meta property=\"article:modified_time\" content=\"2024-09-02T11:50:49+00:00\" \/>\n<meta property=\"og:image\" content=\"https:\/\/pieceofcake.coach\/gesundheitsshop\/wp-content\/uploads\/sites\/5\/2022\/02\/Haarmineralanalyse-Testkit.jpg\" \/>\n\t<meta property=\"og:image:width\" content=\"1422\" \/>\n\t<meta property=\"og:image:height\" content=\"1100\" \/>\n\t<meta property=\"og:image:type\" content=\"image\/jpeg\" \/>\n<meta name=\"twitter:card\" content=\"summary_large_image\" \/>\n<meta name=\"twitter:label1\" content=\"Gesch\u00e4tzte Lesezeit\" \/>\n\t<meta name=\"twitter:data1\" content=\"2\u00a0Minuten\" \/>\n<script type=\"application\/ld+json\" class=\"yoast-schema-graph\">{\"@context\":\"https:\/\/schema.org\",\"@graph\":[{\"@type\":\"WebPage\",\"@id\":\"https:\/\/pieceofcake.coach\/gesundheitsshop\/produkte\/haarmineralanalyse\",\"url\":\"https:\/\/pieceofcake.coach\/gesundheitsshop\/produkte\/haarmineralanalyse\",\"name\":\"Haarmineralanalyse - piece of cake Gesundheitsshop \ud83c\udf70\",\"isPartOf\":{\"@id\":\"https:\/\/pieceofcake.coach\/gesundheitsshop\/#website\"},\"primaryImageOfPage\":{\"@id\":\"https:\/\/pieceofcake.coach\/gesundheitsshop\/produkte\/haarmineralanalyse#primaryimage\"},\"image\":{\"@id\":\"https:\/\/pieceofcake.coach\/gesundheitsshop\/produkte\/haarmineralanalyse#primaryimage\"},\"thumbnailUrl\":\"https:\/\/pieceofcake.coach\/gesundheitsshop\/wp-content\/uploads\/sites\/5\/2022\/02\/Haarmineralanalyse-Testkit.jpg\",\"datePublished\":\"2022-02-07T16:25:12+00:00\",\"dateModified\":\"2024-09-02T11:50:49+00:00\",\"description\":\"Haarmineralanalyse von verisana \u270528 Mineralstoffe \u27057 toxische Leicht- und Schwermetalle \u2705Analyse der letzen Monate \u2705Stoffwechsel einsch\u00e4tzen\",\"breadcrumb\":{\"@id\":\"https:\/\/pieceofcake.coach\/gesundheitsshop\/produkte\/haarmineralanalyse#breadcrumb\"},\"inLanguage\":\"de\",\"potentialAction\":[{\"@type\":\"ReadAction\",\"target\":[\"https:\/\/pieceofcake.coach\/gesundheitsshop\/produkte\/haarmineralanalyse\"]}]},{\"@type\":\"ImageObject\",\"inLanguage\":\"de\",\"@id\":\"https:\/\/pieceofcake.coach\/gesundheitsshop\/produkte\/haarmineralanalyse#primaryimage\",\"url\":\"https:\/\/pieceofcake.coach\/gesundheitsshop\/wp-content\/uploads\/sites\/5\/2022\/02\/Haarmineralanalyse-Testkit.jpg\",\"contentUrl\":\"https:\/\/pieceofcake.coach\/gesundheitsshop\/wp-content\/uploads\/sites\/5\/2022\/02\/Haarmineralanalyse-Testkit.jpg\",\"width\":1422,\"height\":1100,\"caption\":\"Haarmineralanalyse 1\"},{\"@type\":\"BreadcrumbList\",\"@id\":\"https:\/\/pieceofcake.coach\/gesundheitsshop\/produkte\/haarmineralanalyse#breadcrumb\",\"itemListElement\":[{\"@type\":\"ListItem\",\"position\":1,\"name\":\"Startseite\",\"item\":\"https:\/\/pieceofcake.coach\/gesundheitsshop\/\"},{\"@type\":\"ListItem\",\"position\":2,\"name\":\"Produkte\",\"item\":\"https:\/\/pieceofcake.coach\/gesundheitsshop\/produkte\"},{\"@type\":\"ListItem\",\"position\":3,\"name\":\"Haarmineralanalyse\"}]},{\"@type\":\"WebSite\",\"@id\":\"https:\/\/pieceofcake.coach\/gesundheitsshop\/#website\",\"url\":\"https:\/\/pieceofcake.coach\/gesundheitsshop\/\",\"name\":\"piece of cake Gesundheitsshop\",\"description\":\"\",\"potentialAction\":[{\"@type\":\"SearchAction\",\"target\":{\"@type\":\"EntryPoint\",\"urlTemplate\":\"https:\/\/pieceofcake.coach\/gesundheitsshop\/?s={search_term_string}\"},\"query-input\":{\"@type\":\"PropertyValueSpecification\",\"valueRequired\":true,\"valueName\":\"search_term_string\"}}],\"inLanguage\":\"de\"}]}<\/script>\n<!-- \/ Yoast SEO plugin. -->","yoast_head_json":{"title":"Haarmineralanalyse - piece of cake Gesundheitsshop \ud83c\udf70","description":"Haarmineralanalyse von verisana \u270528 Mineralstoffe \u27057 toxische Leicht- und Schwermetalle \u2705Analyse der letzen Monate \u2705Stoffwechsel einsch\u00e4tzen","robots":{"index":"index","follow":"follow","max-snippet":"max-snippet:-1","max-image-preview":"max-image-preview:large","max-video-preview":"max-video-preview:-1"},"canonical":"https:\/\/pieceofcake.coach\/gesundheitsshop\/produkte\/haarmineralanalyse","og_locale":"de_DE","og_type":"article","og_title":"Haarmineralanalyse - piece of cake Gesundheitsshop \ud83c\udf70","og_description":"Haarmineralanalyse von verisana \u270528 Mineralstoffe \u27057 toxische Leicht- und Schwermetalle \u2705Analyse der letzen Monate \u2705Stoffwechsel einsch\u00e4tzen","og_url":"https:\/\/pieceofcake.coach\/gesundheitsshop\/produkte\/haarmineralanalyse","og_site_name":"piece of cake Gesundheitsshop","article_modified_time":"2024-09-02T11:50:49+00:00","og_image":[{"width":1422,"height":1100,"url":"https:\/\/pieceofcake.coach\/gesundheitsshop\/wp-content\/uploads\/sites\/5\/2022\/02\/Haarmineralanalyse-Testkit.jpg","type":"image\/jpeg"}],"twitter_card":"summary_large_image","twitter_misc":{"Gesch\u00e4tzte Lesezeit":"2\u00a0Minuten"},"schema":{"@context":"https:\/\/schema.org","@graph":[{"@type":"WebPage","@id":"https:\/\/pieceofcake.coach\/gesundheitsshop\/produkte\/haarmineralanalyse","url":"https:\/\/pieceofcake.coach\/gesundheitsshop\/produkte\/haarmineralanalyse","name":"Haarmineralanalyse - piece of cake Gesundheitsshop \ud83c\udf70","isPartOf":{"@id":"https:\/\/pieceofcake.coach\/gesundheitsshop\/#website"},"primaryImageOfPage":{"@id":"https:\/\/pieceofcake.coach\/gesundheitsshop\/produkte\/haarmineralanalyse#primaryimage"},"image":{"@id":"https:\/\/pieceofcake.coach\/gesundheitsshop\/produkte\/haarmineralanalyse#primaryimage"},"thumbnailUrl":"https:\/\/pieceofcake.coach\/gesundheitsshop\/wp-content\/uploads\/sites\/5\/2022\/02\/Haarmineralanalyse-Testkit.jpg","datePublished":"2022-02-07T16:25:12+00:00","dateModified":"2024-09-02T11:50:49+00:00","description":"Haarmineralanalyse von verisana \u270528 Mineralstoffe \u27057 toxische Leicht- und Schwermetalle \u2705Analyse der letzen Monate \u2705Stoffwechsel einsch\u00e4tzen","breadcrumb":{"@id":"https:\/\/pieceofcake.coach\/gesundheitsshop\/produkte\/haarmineralanalyse#breadcrumb"},"inLanguage":"de","potentialAction":[{"@type":"ReadAction","target":["https:\/\/pieceofcake.coach\/gesundheitsshop\/produkte\/haarmineralanalyse"]}]},{"@type":"ImageObject","inLanguage":"de","@id":"https:\/\/pieceofcake.coach\/gesundheitsshop\/produkte\/haarmineralanalyse#primaryimage","url":"https:\/\/pieceofcake.coach\/gesundheitsshop\/wp-content\/uploads\/sites\/5\/2022\/02\/Haarmineralanalyse-Testkit.jpg","contentUrl":"https:\/\/pieceofcake.coach\/gesundheitsshop\/wp-content\/uploads\/sites\/5\/2022\/02\/Haarmineralanalyse-Testkit.jpg","width":1422,"height":1100,"caption":"Haarmineralanalyse 1"},{"@type":"BreadcrumbList","@id":"https:\/\/pieceofcake.coach\/gesundheitsshop\/produkte\/haarmineralanalyse#breadcrumb","itemListElement":[{"@type":"ListItem","position":1,"name":"Startseite","item":"https:\/\/pieceofcake.coach\/gesundheitsshop\/"},{"@type":"ListItem","position":2,"name":"Produkte","item":"https:\/\/pieceofcake.coach\/gesundheitsshop\/produkte"},{"@type":"ListItem","position":3,"name":"Haarmineralanalyse"}]},{"@type":"WebSite","@id":"https:\/\/pieceofcake.coach\/gesundheitsshop\/#website","url":"https:\/\/pieceofcake.coach\/gesundheitsshop\/","name":"piece of cake Gesundheitsshop","description":"","potentialAction":[{"@type":"SearchAction","target":{"@type":"EntryPoint","urlTemplate":"https:\/\/pieceofcake.coach\/gesundheitsshop\/?s={search_term_string}"},"query-input":{"@type":"PropertyValueSpecification","valueRequired":true,"valueName":"search_term_string"}}],"inLanguage":"de"}]}},"_links":{"self":[{"href":"https:\/\/pieceofcake.coach\/gesundheitsshop\/wp-json\/wp\/v2\/product\/30437","targetHints":{"allow":["GET"]}}],"collection":[{"href":"https:\/\/pieceofcake.coach\/gesundheitsshop\/wp-json\/wp\/v2\/product"}],"about":[{"href":"https:\/\/pieceofcake.coach\/gesundheitsshop\/wp-json\/wp\/v2\/types\/product"}],"replies":[{"embeddable":true,"href":"https:\/\/pieceofcake.coach\/gesundheitsshop\/wp-json\/wp\/v2\/comments?post=30437"}],"wp:featuredmedia":[{"embeddable":true,"href":"https:\/\/pieceofcake.coach\/gesundheitsshop\/wp-json\/wp\/v2\/media\/30428"}],"wp:attachment":[{"href":"https:\/\/pieceofcake.coach\/gesundheitsshop\/wp-json\/wp\/v2\/media?parent=30437"}],"wp:term":[{"taxonomy":"product_brand","embeddable":true,"href":"https:\/\/pieceofcake.coach\/gesundheitsshop\/wp-json\/wp\/v2\/product_brand?post=30437"},{"taxonomy":"product_cat","embeddable":true,"href":"https:\/\/pieceofcake.coach\/gesundheitsshop\/wp-json\/wp\/v2\/product_cat?post=30437"},{"taxonomy":"product_tag","embeddable":true,"href":"https:\/\/pieceofcake.coach\/gesundheitsshop\/wp-json\/wp\/v2\/product_tag?post=30437"}],"curies":[{"name":"wp","href":"https:\/\/api.w.org\/{rel}","templated":true}]}}