{"id":30458,"date":"2022-02-14T17:17:52","date_gmt":"2022-02-14T16:17:52","guid":{"rendered":"https:\/\/pieceofcake.coach\/gesundheitsshop\/?post_type=product&#038;p=30458"},"modified":"2024-12-02T11:18:36","modified_gmt":"2024-12-02T10:18:36","slug":"carnitin-q10","status":"publish","type":"product","link":"https:\/\/pieceofcake.coach\/gesundheitsshop\/produkte\/carnitin-q10","title":{"rendered":"Carnitin &amp; Q10"},"content":{"rendered":"<p>&nbsp;<\/p>\n<section class=\"vc_cta3_content-container\">\n<div class=\"vc_general vc_cta3 vc_cta3-style-classic vc_cta3-shape-rounded vc_cta3-align-left vc_cta3-color-classic vc_cta3-icon-size-md vc_cta3-actions-bottom\">\n<div class=\"vc_cta3_content-container\">\n<div class=\"vc_cta3-content\">\n<blockquote>\n<h4>Meine Philosophie:<br \/>\nErstklassige Produkte, pers\u00f6nliche Beratung, entspanntes Einkaufen, durch den Versand entstehen Rohstoffe<\/h4>\n<p>Carnitin &amp; Q10 beziehe ich direkt vom Hersteller <a href=\"https:\/\/natugena.de\/Startseite.aspx?r=109602\" target=\"_blank\" rel=\"noopener\"><em>NatuGena<\/em><\/a>, einem meiner handverlesenen Gesch\u00e4ftspartner, mit denen ich einen oft \u00fcber Jahre gewachsenen pers\u00f6nlichen Kontakt halte. Und ich mache nur Gesch\u00e4fte mit Menschen, die wie ich gerne ihr Bestes geben. Bei mir bekommst Du nur hochwertige Produkte, die ich selbst getestet habe und aus fachlicher Sicht f\u00fcr sinnvoll halte. Ich berate Dich gerne telefonisch. Du kannst dabei oder danach entspannt online einkaufen. Ich rufe Dich auch gerne zur\u00fcck.<\/p>\n<p>Vom Ern\u00e4hrungsberater mit Liebe recherchierte und individuell empfohlene Produkte f\u00fcr Deinen gesunden Lebensstil. Ich <a href=\"https:\/\/pieceofcake.coach\/gesundheitsshop\/meine-philosophie\">schaffe \u00fcbrigens mehr Rohstoffe<\/a> als durch den Versand Deiner Bestellung verbraucht werden. Gibt es so sonst nirgends.<\/p>\n<h4>Qualit\u00e4t unterst\u00fctzen oder &#8218;billiger, billiger&#8216;<\/h4>\n<p>Nat\u00fcrlich bekommst Du meine Produkte auch anderswo und m\u00f6glicherweise hier und da sogar etwas g\u00fcnstiger. Falls Du nicht auf jeden Cent achten musst, freue ich mich, wenn Du meinen Service wertsch\u00e4tzt und mein Kunde bleibst. Damit unterst\u00fctzt Du, dass mein erstklassiges Sortiment immer weiter w\u00e4chst. <a href=\"https:\/\/shop.pieceofcake.coach\/meine-philosophie\">Stammkunden<\/a> bekommen bei mir zudem Rabatte, <a href=\"https:\/\/pieceofcake.coach\/kontakt\">sprich mich gerne darauf an.<\/a><\/p><\/blockquote>\n<\/div>\n<\/div>\n<\/div>\n<\/section>\n<p>&nbsp;<\/p>\n","protected":false},"excerpt":{"rendered":"<p>Carnitin &amp; Q10 ist geeignet, wenn Du Muskeln (wieder) aufbauen und auch Deinen Energiestoffwechsel in Gang bringen kannst. Die in diesem Produkt enthaltenen Vitamin C (aus Camu-Camu) und Magnesiumcitrat leisten einen entz\u00fcndungshemmenden und antioxidativen Beitrag.<\/p>\n<p>Inhalt: 90 Kapseln f\u00fcr 30 Tage<\/p>\n<p>&nbsp;<\/p>\n","protected":false},"featured_media":30459,"comment_status":"closed","ping_status":"closed","template":"","meta":[],"product_brand":[],"product_cat":[390,391,358,356,354,352],"product_tag":[],"class_list":{"0":"post-30458","1":"product","2":"type-product","3":"status-publish","4":"has-post-thumbnail","6":"product_cat-stress-infekt","7":"product_cat-fuer-vegane-ernaehrung","8":"product_cat-fuer-sportler","9":"product_cat-immunsystem-staerken","10":"product_cat-entzuendungshemmend","11":"product_cat-vitamine-und-mineralstoffe","12":"description-off","14":"first","15":"onbackorder","16":"taxable","17":"shipping-taxable","18":"purchasable","19":"product-type-simple"},"yoast_head":"<!-- This site is optimized with the Yoast SEO plugin v26.4 - https:\/\/yoast.com\/wordpress\/plugins\/seo\/ -->\n<title>Carnitin &amp; Q10 von NatuGena- piece of cake Gesundheitsshop \ud83c\udf70<\/title>\n<meta name=\"description\" content=\"Carnitin &amp; Q10 von NatuGena \u2705unterst\u00fctzt den Aufbau und Erhalt der Muskulatur \u2705f\u00fcr Vegetarier und Veganer geeignet \u2705entz\u00fcndungshemmend\" \/>\n<meta name=\"robots\" content=\"index, follow, max-snippet:-1, max-image-preview:large, max-video-preview:-1\" \/>\n<link rel=\"canonical\" href=\"https:\/\/pieceofcake.coach\/gesundheitsshop\/produkte\/carnitin-q10\" \/>\n<meta property=\"og:locale\" content=\"de_DE\" \/>\n<meta property=\"og:type\" content=\"article\" \/>\n<meta property=\"og:title\" content=\"Carnitin &amp; Q10 von NatuGena- piece of cake Gesundheitsshop \ud83c\udf70\" \/>\n<meta property=\"og:description\" content=\"Carnitin &amp; Q10 von NatuGena \u2705unterst\u00fctzt den Aufbau und Erhalt der Muskulatur \u2705f\u00fcr Vegetarier und Veganer geeignet \u2705entz\u00fcndungshemmend\" \/>\n<meta property=\"og:url\" content=\"https:\/\/pieceofcake.coach\/gesundheitsshop\/produkte\/carnitin-q10\" \/>\n<meta property=\"og:site_name\" content=\"piece of cake Gesundheitsshop\" \/>\n<meta property=\"article:modified_time\" content=\"2024-12-02T10:18:36+00:00\" \/>\n<meta property=\"og:image\" content=\"https:\/\/pieceofcake.coach\/gesundheitsshop\/wp-content\/uploads\/sites\/5\/2022\/02\/IMG-7431-1.jpg\" \/>\n\t<meta property=\"og:image:width\" content=\"2067\" \/>\n\t<meta property=\"og:image:height\" content=\"1947\" \/>\n\t<meta property=\"og:image:type\" content=\"image\/jpeg\" \/>\n<meta name=\"twitter:card\" content=\"summary_large_image\" \/>\n<meta name=\"twitter:label1\" content=\"Gesch\u00e4tzte Lesezeit\" \/>\n\t<meta name=\"twitter:data1\" content=\"1\u00a0Minute\" \/>\n<script type=\"application\/ld+json\" class=\"yoast-schema-graph\">{\"@context\":\"https:\/\/schema.org\",\"@graph\":[{\"@type\":\"WebPage\",\"@id\":\"https:\/\/pieceofcake.coach\/gesundheitsshop\/produkte\/carnitin-q10\",\"url\":\"https:\/\/pieceofcake.coach\/gesundheitsshop\/produkte\/carnitin-q10\",\"name\":\"Carnitin &amp; Q10 von NatuGena- piece of cake Gesundheitsshop \ud83c\udf70\",\"isPartOf\":{\"@id\":\"https:\/\/pieceofcake.coach\/gesundheitsshop\/#website\"},\"primaryImageOfPage\":{\"@id\":\"https:\/\/pieceofcake.coach\/gesundheitsshop\/produkte\/carnitin-q10#primaryimage\"},\"image\":{\"@id\":\"https:\/\/pieceofcake.coach\/gesundheitsshop\/produkte\/carnitin-q10#primaryimage\"},\"thumbnailUrl\":\"https:\/\/pieceofcake.coach\/gesundheitsshop\/wp-content\/uploads\/sites\/5\/2022\/02\/IMG-7431-1.jpg\",\"datePublished\":\"2022-02-14T16:17:52+00:00\",\"dateModified\":\"2024-12-02T10:18:36+00:00\",\"description\":\"Carnitin & Q10 von NatuGena \u2705unterst\u00fctzt den Aufbau und Erhalt der Muskulatur \u2705f\u00fcr Vegetarier und Veganer geeignet \u2705entz\u00fcndungshemmend\",\"breadcrumb\":{\"@id\":\"https:\/\/pieceofcake.coach\/gesundheitsshop\/produkte\/carnitin-q10#breadcrumb\"},\"inLanguage\":\"de\",\"potentialAction\":[{\"@type\":\"ReadAction\",\"target\":[\"https:\/\/pieceofcake.coach\/gesundheitsshop\/produkte\/carnitin-q10\"]}]},{\"@type\":\"ImageObject\",\"inLanguage\":\"de\",\"@id\":\"https:\/\/pieceofcake.coach\/gesundheitsshop\/produkte\/carnitin-q10#primaryimage\",\"url\":\"https:\/\/pieceofcake.coach\/gesundheitsshop\/wp-content\/uploads\/sites\/5\/2022\/02\/IMG-7431-1.jpg\",\"contentUrl\":\"https:\/\/pieceofcake.coach\/gesundheitsshop\/wp-content\/uploads\/sites\/5\/2022\/02\/IMG-7431-1.jpg\",\"width\":2067,\"height\":1947,\"caption\":\"Carnitin &amp; Q10\"},{\"@type\":\"BreadcrumbList\",\"@id\":\"https:\/\/pieceofcake.coach\/gesundheitsshop\/produkte\/carnitin-q10#breadcrumb\",\"itemListElement\":[{\"@type\":\"ListItem\",\"position\":1,\"name\":\"Startseite\",\"item\":\"https:\/\/pieceofcake.coach\/gesundheitsshop\/\"},{\"@type\":\"ListItem\",\"position\":2,\"name\":\"Produkte\",\"item\":\"https:\/\/pieceofcake.coach\/gesundheitsshop\/produkte\"},{\"@type\":\"ListItem\",\"position\":3,\"name\":\"Carnitin &amp; Q10\"}]},{\"@type\":\"WebSite\",\"@id\":\"https:\/\/pieceofcake.coach\/gesundheitsshop\/#website\",\"url\":\"https:\/\/pieceofcake.coach\/gesundheitsshop\/\",\"name\":\"piece of cake Gesundheitsshop\",\"description\":\"\",\"potentialAction\":[{\"@type\":\"SearchAction\",\"target\":{\"@type\":\"EntryPoint\",\"urlTemplate\":\"https:\/\/pieceofcake.coach\/gesundheitsshop\/?s={search_term_string}\"},\"query-input\":{\"@type\":\"PropertyValueSpecification\",\"valueRequired\":true,\"valueName\":\"search_term_string\"}}],\"inLanguage\":\"de\"}]}<\/script>\n<!-- \/ Yoast SEO plugin. -->","yoast_head_json":{"title":"Carnitin &amp; Q10 von NatuGena- piece of cake Gesundheitsshop \ud83c\udf70","description":"Carnitin & Q10 von NatuGena \u2705unterst\u00fctzt den Aufbau und Erhalt der Muskulatur \u2705f\u00fcr Vegetarier und Veganer geeignet \u2705entz\u00fcndungshemmend","robots":{"index":"index","follow":"follow","max-snippet":"max-snippet:-1","max-image-preview":"max-image-preview:large","max-video-preview":"max-video-preview:-1"},"canonical":"https:\/\/pieceofcake.coach\/gesundheitsshop\/produkte\/carnitin-q10","og_locale":"de_DE","og_type":"article","og_title":"Carnitin &amp; Q10 von NatuGena- piece of cake Gesundheitsshop \ud83c\udf70","og_description":"Carnitin & Q10 von NatuGena \u2705unterst\u00fctzt den Aufbau und Erhalt der Muskulatur \u2705f\u00fcr Vegetarier und Veganer geeignet \u2705entz\u00fcndungshemmend","og_url":"https:\/\/pieceofcake.coach\/gesundheitsshop\/produkte\/carnitin-q10","og_site_name":"piece of cake Gesundheitsshop","article_modified_time":"2024-12-02T10:18:36+00:00","og_image":[{"width":2067,"height":1947,"url":"https:\/\/pieceofcake.coach\/gesundheitsshop\/wp-content\/uploads\/sites\/5\/2022\/02\/IMG-7431-1.jpg","type":"image\/jpeg"}],"twitter_card":"summary_large_image","twitter_misc":{"Gesch\u00e4tzte Lesezeit":"1\u00a0Minute"},"schema":{"@context":"https:\/\/schema.org","@graph":[{"@type":"WebPage","@id":"https:\/\/pieceofcake.coach\/gesundheitsshop\/produkte\/carnitin-q10","url":"https:\/\/pieceofcake.coach\/gesundheitsshop\/produkte\/carnitin-q10","name":"Carnitin &amp; Q10 von NatuGena- piece of cake Gesundheitsshop \ud83c\udf70","isPartOf":{"@id":"https:\/\/pieceofcake.coach\/gesundheitsshop\/#website"},"primaryImageOfPage":{"@id":"https:\/\/pieceofcake.coach\/gesundheitsshop\/produkte\/carnitin-q10#primaryimage"},"image":{"@id":"https:\/\/pieceofcake.coach\/gesundheitsshop\/produkte\/carnitin-q10#primaryimage"},"thumbnailUrl":"https:\/\/pieceofcake.coach\/gesundheitsshop\/wp-content\/uploads\/sites\/5\/2022\/02\/IMG-7431-1.jpg","datePublished":"2022-02-14T16:17:52+00:00","dateModified":"2024-12-02T10:18:36+00:00","description":"Carnitin & Q10 von NatuGena \u2705unterst\u00fctzt den Aufbau und Erhalt der Muskulatur \u2705f\u00fcr Vegetarier und Veganer geeignet \u2705entz\u00fcndungshemmend","breadcrumb":{"@id":"https:\/\/pieceofcake.coach\/gesundheitsshop\/produkte\/carnitin-q10#breadcrumb"},"inLanguage":"de","potentialAction":[{"@type":"ReadAction","target":["https:\/\/pieceofcake.coach\/gesundheitsshop\/produkte\/carnitin-q10"]}]},{"@type":"ImageObject","inLanguage":"de","@id":"https:\/\/pieceofcake.coach\/gesundheitsshop\/produkte\/carnitin-q10#primaryimage","url":"https:\/\/pieceofcake.coach\/gesundheitsshop\/wp-content\/uploads\/sites\/5\/2022\/02\/IMG-7431-1.jpg","contentUrl":"https:\/\/pieceofcake.coach\/gesundheitsshop\/wp-content\/uploads\/sites\/5\/2022\/02\/IMG-7431-1.jpg","width":2067,"height":1947,"caption":"Carnitin &amp; Q10"},{"@type":"BreadcrumbList","@id":"https:\/\/pieceofcake.coach\/gesundheitsshop\/produkte\/carnitin-q10#breadcrumb","itemListElement":[{"@type":"ListItem","position":1,"name":"Startseite","item":"https:\/\/pieceofcake.coach\/gesundheitsshop\/"},{"@type":"ListItem","position":2,"name":"Produkte","item":"https:\/\/pieceofcake.coach\/gesundheitsshop\/produkte"},{"@type":"ListItem","position":3,"name":"Carnitin &amp; Q10"}]},{"@type":"WebSite","@id":"https:\/\/pieceofcake.coach\/gesundheitsshop\/#website","url":"https:\/\/pieceofcake.coach\/gesundheitsshop\/","name":"piece of cake Gesundheitsshop","description":"","potentialAction":[{"@type":"SearchAction","target":{"@type":"EntryPoint","urlTemplate":"https:\/\/pieceofcake.coach\/gesundheitsshop\/?s={search_term_string}"},"query-input":{"@type":"PropertyValueSpecification","valueRequired":true,"valueName":"search_term_string"}}],"inLanguage":"de"}]}},"_links":{"self":[{"href":"https:\/\/pieceofcake.coach\/gesundheitsshop\/wp-json\/wp\/v2\/product\/30458","targetHints":{"allow":["GET"]}}],"collection":[{"href":"https:\/\/pieceofcake.coach\/gesundheitsshop\/wp-json\/wp\/v2\/product"}],"about":[{"href":"https:\/\/pieceofcake.coach\/gesundheitsshop\/wp-json\/wp\/v2\/types\/product"}],"replies":[{"embeddable":true,"href":"https:\/\/pieceofcake.coach\/gesundheitsshop\/wp-json\/wp\/v2\/comments?post=30458"}],"wp:featuredmedia":[{"embeddable":true,"href":"https:\/\/pieceofcake.coach\/gesundheitsshop\/wp-json\/wp\/v2\/media\/30459"}],"wp:attachment":[{"href":"https:\/\/pieceofcake.coach\/gesundheitsshop\/wp-json\/wp\/v2\/media?parent=30458"}],"wp:term":[{"taxonomy":"product_brand","embeddable":true,"href":"https:\/\/pieceofcake.coach\/gesundheitsshop\/wp-json\/wp\/v2\/product_brand?post=30458"},{"taxonomy":"product_cat","embeddable":true,"href":"https:\/\/pieceofcake.coach\/gesundheitsshop\/wp-json\/wp\/v2\/product_cat?post=30458"},{"taxonomy":"product_tag","embeddable":true,"href":"https:\/\/pieceofcake.coach\/gesundheitsshop\/wp-json\/wp\/v2\/product_tag?post=30458"}],"curies":[{"name":"wp","href":"https:\/\/api.w.org\/{rel}","templated":true}]}}