{"id":30670,"date":"2022-04-21T14:52:10","date_gmt":"2022-04-21T12:52:10","guid":{"rendered":"https:\/\/pieceofcake.coach\/gesundheitsshop\/?post_type=product&#038;p=30670"},"modified":"2024-09-19T10:22:54","modified_gmt":"2024-09-19T08:22:54","slug":"basische-aufbaucreme","status":"publish","type":"product","link":"https:\/\/pieceofcake.coach\/gesundheitsshop\/produkte\/basische-aufbaucreme","title":{"rendered":"Basische Aufbaucreme"},"content":{"rendered":"<h2>Basische Aufbaucreme von ph-Cosmetics<\/h2>\n<p>Basische Aufbaucreme von ph-Cosmetics ist eine reichhaltige, n\u00e4hrende und aufbauende Tages- sowie Nachtpflege. Besonders geeignet f\u00fcr stark strapazierte und belastete Haut, die extremen Umwelteinfl\u00fcssen ausgesetzt ist. Das enthaltene \u00df-Glucan regt die Kollagensynthese an, Vitamin E und pflanzlichen Extrakte aus Zitronengrass, Rotbuche und Ylang-Ylang bewirken eine intensive Pflege der Haut.<\/p>\n<p>Wie alle Produkte von ph-Cosmetics ist auch die Aufbaucreme frei von Erd\u00f6l, Parabenen, PEG, Propylene Glycol, Aluminiumverbindungen, Lanolinen, Silikonen, Vaseline, Sodium Laureth Sulfaten, Konservierungsstoffen oder tierischen Substanzen. Die Pflegestoffkombination aus Beta-Glucan, Zitronengrass, Ylang-Ylang, Rotbuche, Palmarosa und Vitamin E, allesamt aus Pflanzenextrakten oder \u00e4therischen \u00d6len, ergibt zusammen mit dem leicht basischen ph Wert echte Wellness f\u00fcr Deine Haut.<\/p>\n<p>&nbsp;<\/p>\n<section class=\"vc_cta3_content-container\">\n<div class=\"vc_general vc_cta3 vc_cta3-style-classic vc_cta3-shape-rounded vc_cta3-align-left vc_cta3-color-classic vc_cta3-icon-size-md vc_cta3-actions-bottom\">\n<div class=\"vc_cta3_content-container\">\n<div class=\"vc_cta3-content\">\n<blockquote>\n<h4>Meine Philosophie:<br \/>\nErstklassige Produkte, pers\u00f6nliche Beratung, entspanntes Einkaufen, durch den Versand entstehen Rohstoffe<\/h4>\n<p>Basische Aufbaucreme beziehe ich direkt von <em>ph-Cosmetics<\/em>, einem meiner handverlesenen Hersteller und Lieferanten. Mit meinen Gesch\u00e4ftspartnern halte ich einen oft \u00fcber Jahre gewachsenen pers\u00f6nlichen Kontakt. Und ich mache nur Gesch\u00e4fte mit Menschen, die wie ich gerne ihr Bestes geben. Bei mir bekommst Du nur hochwertige Produkte, die ich selbst getestet habe und aus fachlicher Sicht f\u00fcr sinnvoll halte. Ich berate Dich gerne telefonisch. Du kannst dabei oder danach entspannt online einkaufen. Ich rufe Dich auch gerne zur\u00fcck.<br \/>\nVom Ern\u00e4hrungsberater mit Liebe recherchierte und individuell empfohlene Produkte f\u00fcr Deinen gesunden Lebensstil. Durch den Versand Deiner Bestellung <a href=\"https:\/\/shop.pieceofcake.coach\/meine-philosophie\">entstehen mehr Rohstoffe<\/a> als verbraucht werden. Gibt es so sonst nirgends.<\/p>\n<h4>Qualit\u00e4t unterst\u00fctzen oder &#8218;billiger, billiger&#8216;<\/h4>\n<p>Nat\u00fcrlich bekommst Du meine Produkte auch anderswo und m\u00f6glicherweise hier und da sogar etwas g\u00fcnstiger. Falls Du nicht auf jeden Cent achten musst, freue ich mich, wenn Du meinen Service wertsch\u00e4tzt und mein Kunde bleibst. Damit unterst\u00fctzt Du, dass mein erstklassiges Sortiment immer weiter w\u00e4chst. <a href=\"https:\/\/shop.pieceofcake.coach\/meine-philosophie\">Stammkunden<\/a> bekommen bei mir zudem Rabatte, <a href=\"https:\/\/pieceofcake.coach\/kontakt\">sprich mich gerne darauf an.<\/a><\/p><\/blockquote>\n<\/div>\n<\/div>\n<\/div>\n<\/section>\n","protected":false},"excerpt":{"rendered":"<p><strong>Basische Aufbaucreme <\/strong>pflegt und n\u00e4hrt besonders <b>stark strapazierte <\/b>und <b>beanspruchte <\/b>Haut. Sie sch\u00fctzt die Haut im Alltag vor extremen Umwelteinfl\u00fcssen und spendet durch das enthaltene <strong>Vitamin E<\/strong> einen geringen <strong>Lichtschutzfaktor.<\/strong><br \/>\nSie ist im leicht basischen Bereich und regt die Haut damit an, <strong>Feuchtigkeit, S\u00e4ure<\/strong> und <strong>Fettgehalt<\/strong> zu <strong>regulieren<\/strong>. Wie alle Produkte der Pflegeserie ist sie <strong>vegan<\/strong> und <strong>frei von<\/strong> den \u00fcblichen <strong>Schadstoffen<\/strong> konventioneller Kosmetik.<\/p>\n<p>Inhalt: 50 ml<\/p>\n","protected":false},"featured_media":30756,"comment_status":"closed","ping_status":"closed","template":"","meta":[],"product_brand":[],"product_cat":[361,360],"product_tag":[],"class_list":{"0":"post-30670","1":"product","2":"type-product","3":"status-publish","4":"has-post-thumbnail","6":"product_cat-basische-kosmetik","7":"product_cat-entsaeuerung","8":"description-off","10":"first","11":"outofstock","12":"taxable","13":"shipping-taxable","14":"purchasable","15":"product-type-simple"},"yoast_head":"<!-- This site is optimized with the Yoast SEO plugin v26.4 - https:\/\/yoast.com\/wordpress\/plugins\/seo\/ -->\n<title>Basische Aufbaucreme von pH Cosmetics - piece of cake Gesundheitsshop<\/title>\n<meta name=\"description\" content=\"Basische Aufbaucreme \u2705ph Cosmetics\u2705Beta-Glucan, Vitamin E, Zitronengrass \u2705\u00e4therische \u00d6le und Pflanzenextrakte \u2705vegan \u2705ohne Erd\u00f6l, Aluminium, Parabene, Konservierungsmittel, Silikon\" \/>\n<meta name=\"robots\" content=\"index, follow, max-snippet:-1, max-image-preview:large, max-video-preview:-1\" \/>\n<link rel=\"canonical\" href=\"https:\/\/pieceofcake.coach\/gesundheitsshop\/produkte\/basische-aufbaucreme\" \/>\n<meta property=\"og:locale\" content=\"de_DE\" \/>\n<meta property=\"og:type\" content=\"article\" \/>\n<meta property=\"og:title\" content=\"Basische Aufbaucreme von pH Cosmetics - piece of cake Gesundheitsshop\" \/>\n<meta property=\"og:description\" content=\"Basische Aufbaucreme \u2705ph Cosmetics\u2705Beta-Glucan, Vitamin E, Zitronengrass \u2705\u00e4therische \u00d6le und Pflanzenextrakte \u2705vegan \u2705ohne Erd\u00f6l, Aluminium, Parabene, Konservierungsmittel, Silikon\" \/>\n<meta property=\"og:url\" content=\"https:\/\/pieceofcake.coach\/gesundheitsshop\/produkte\/basische-aufbaucreme\" \/>\n<meta property=\"og:site_name\" content=\"piece of cake Gesundheitsshop\" \/>\n<meta property=\"article:modified_time\" content=\"2024-09-19T08:22:54+00:00\" \/>\n<meta property=\"og:image\" content=\"https:\/\/pieceofcake.coach\/gesundheitsshop\/wp-content\/uploads\/sites\/5\/2022\/05\/IMG_8730.jpeg\" \/>\n\t<meta property=\"og:image:width\" content=\"1772\" \/>\n\t<meta property=\"og:image:height\" content=\"1772\" \/>\n\t<meta property=\"og:image:type\" content=\"image\/jpeg\" \/>\n<meta name=\"twitter:card\" content=\"summary_large_image\" \/>\n<meta name=\"twitter:label1\" content=\"Gesch\u00e4tzte Lesezeit\" \/>\n\t<meta name=\"twitter:data1\" content=\"1\u00a0Minute\" \/>\n<script type=\"application\/ld+json\" class=\"yoast-schema-graph\">{\"@context\":\"https:\/\/schema.org\",\"@graph\":[{\"@type\":\"WebPage\",\"@id\":\"https:\/\/pieceofcake.coach\/gesundheitsshop\/produkte\/basische-aufbaucreme\",\"url\":\"https:\/\/pieceofcake.coach\/gesundheitsshop\/produkte\/basische-aufbaucreme\",\"name\":\"Basische Aufbaucreme von pH Cosmetics - piece of cake Gesundheitsshop\",\"isPartOf\":{\"@id\":\"https:\/\/pieceofcake.coach\/gesundheitsshop\/#website\"},\"primaryImageOfPage\":{\"@id\":\"https:\/\/pieceofcake.coach\/gesundheitsshop\/produkte\/basische-aufbaucreme#primaryimage\"},\"image\":{\"@id\":\"https:\/\/pieceofcake.coach\/gesundheitsshop\/produkte\/basische-aufbaucreme#primaryimage\"},\"thumbnailUrl\":\"https:\/\/pieceofcake.coach\/gesundheitsshop\/wp-content\/uploads\/sites\/5\/2022\/05\/IMG_8730.jpeg\",\"datePublished\":\"2022-04-21T12:52:10+00:00\",\"dateModified\":\"2024-09-19T08:22:54+00:00\",\"description\":\"Basische Aufbaucreme \u2705ph Cosmetics\u2705Beta-Glucan, Vitamin E, Zitronengrass \u2705\u00e4therische \u00d6le und Pflanzenextrakte \u2705vegan \u2705ohne Erd\u00f6l, Aluminium, Parabene, Konservierungsmittel, Silikon\",\"breadcrumb\":{\"@id\":\"https:\/\/pieceofcake.coach\/gesundheitsshop\/produkte\/basische-aufbaucreme#breadcrumb\"},\"inLanguage\":\"de\",\"potentialAction\":[{\"@type\":\"ReadAction\",\"target\":[\"https:\/\/pieceofcake.coach\/gesundheitsshop\/produkte\/basische-aufbaucreme\"]}]},{\"@type\":\"ImageObject\",\"inLanguage\":\"de\",\"@id\":\"https:\/\/pieceofcake.coach\/gesundheitsshop\/produkte\/basische-aufbaucreme#primaryimage\",\"url\":\"https:\/\/pieceofcake.coach\/gesundheitsshop\/wp-content\/uploads\/sites\/5\/2022\/05\/IMG_8730.jpeg\",\"contentUrl\":\"https:\/\/pieceofcake.coach\/gesundheitsshop\/wp-content\/uploads\/sites\/5\/2022\/05\/IMG_8730.jpeg\",\"width\":1772,\"height\":1772},{\"@type\":\"BreadcrumbList\",\"@id\":\"https:\/\/pieceofcake.coach\/gesundheitsshop\/produkte\/basische-aufbaucreme#breadcrumb\",\"itemListElement\":[{\"@type\":\"ListItem\",\"position\":1,\"name\":\"Startseite\",\"item\":\"https:\/\/pieceofcake.coach\/gesundheitsshop\/\"},{\"@type\":\"ListItem\",\"position\":2,\"name\":\"Produkte\",\"item\":\"https:\/\/pieceofcake.coach\/gesundheitsshop\/produkte\"},{\"@type\":\"ListItem\",\"position\":3,\"name\":\"Basische Aufbaucreme\"}]},{\"@type\":\"WebSite\",\"@id\":\"https:\/\/pieceofcake.coach\/gesundheitsshop\/#website\",\"url\":\"https:\/\/pieceofcake.coach\/gesundheitsshop\/\",\"name\":\"piece of cake Gesundheitsshop\",\"description\":\"\",\"potentialAction\":[{\"@type\":\"SearchAction\",\"target\":{\"@type\":\"EntryPoint\",\"urlTemplate\":\"https:\/\/pieceofcake.coach\/gesundheitsshop\/?s={search_term_string}\"},\"query-input\":{\"@type\":\"PropertyValueSpecification\",\"valueRequired\":true,\"valueName\":\"search_term_string\"}}],\"inLanguage\":\"de\"}]}<\/script>\n<!-- \/ Yoast SEO plugin. -->","yoast_head_json":{"title":"Basische Aufbaucreme von pH Cosmetics - piece of cake Gesundheitsshop","description":"Basische Aufbaucreme \u2705ph Cosmetics\u2705Beta-Glucan, Vitamin E, Zitronengrass \u2705\u00e4therische \u00d6le und Pflanzenextrakte \u2705vegan \u2705ohne Erd\u00f6l, Aluminium, Parabene, Konservierungsmittel, Silikon","robots":{"index":"index","follow":"follow","max-snippet":"max-snippet:-1","max-image-preview":"max-image-preview:large","max-video-preview":"max-video-preview:-1"},"canonical":"https:\/\/pieceofcake.coach\/gesundheitsshop\/produkte\/basische-aufbaucreme","og_locale":"de_DE","og_type":"article","og_title":"Basische Aufbaucreme von pH Cosmetics - piece of cake Gesundheitsshop","og_description":"Basische Aufbaucreme \u2705ph Cosmetics\u2705Beta-Glucan, Vitamin E, Zitronengrass \u2705\u00e4therische \u00d6le und Pflanzenextrakte \u2705vegan \u2705ohne Erd\u00f6l, Aluminium, Parabene, Konservierungsmittel, Silikon","og_url":"https:\/\/pieceofcake.coach\/gesundheitsshop\/produkte\/basische-aufbaucreme","og_site_name":"piece of cake Gesundheitsshop","article_modified_time":"2024-09-19T08:22:54+00:00","og_image":[{"width":1772,"height":1772,"url":"https:\/\/pieceofcake.coach\/gesundheitsshop\/wp-content\/uploads\/sites\/5\/2022\/05\/IMG_8730.jpeg","type":"image\/jpeg"}],"twitter_card":"summary_large_image","twitter_misc":{"Gesch\u00e4tzte Lesezeit":"1\u00a0Minute"},"schema":{"@context":"https:\/\/schema.org","@graph":[{"@type":"WebPage","@id":"https:\/\/pieceofcake.coach\/gesundheitsshop\/produkte\/basische-aufbaucreme","url":"https:\/\/pieceofcake.coach\/gesundheitsshop\/produkte\/basische-aufbaucreme","name":"Basische Aufbaucreme von pH Cosmetics - piece of cake Gesundheitsshop","isPartOf":{"@id":"https:\/\/pieceofcake.coach\/gesundheitsshop\/#website"},"primaryImageOfPage":{"@id":"https:\/\/pieceofcake.coach\/gesundheitsshop\/produkte\/basische-aufbaucreme#primaryimage"},"image":{"@id":"https:\/\/pieceofcake.coach\/gesundheitsshop\/produkte\/basische-aufbaucreme#primaryimage"},"thumbnailUrl":"https:\/\/pieceofcake.coach\/gesundheitsshop\/wp-content\/uploads\/sites\/5\/2022\/05\/IMG_8730.jpeg","datePublished":"2022-04-21T12:52:10+00:00","dateModified":"2024-09-19T08:22:54+00:00","description":"Basische Aufbaucreme \u2705ph Cosmetics\u2705Beta-Glucan, Vitamin E, Zitronengrass \u2705\u00e4therische \u00d6le und Pflanzenextrakte \u2705vegan \u2705ohne Erd\u00f6l, Aluminium, Parabene, Konservierungsmittel, Silikon","breadcrumb":{"@id":"https:\/\/pieceofcake.coach\/gesundheitsshop\/produkte\/basische-aufbaucreme#breadcrumb"},"inLanguage":"de","potentialAction":[{"@type":"ReadAction","target":["https:\/\/pieceofcake.coach\/gesundheitsshop\/produkte\/basische-aufbaucreme"]}]},{"@type":"ImageObject","inLanguage":"de","@id":"https:\/\/pieceofcake.coach\/gesundheitsshop\/produkte\/basische-aufbaucreme#primaryimage","url":"https:\/\/pieceofcake.coach\/gesundheitsshop\/wp-content\/uploads\/sites\/5\/2022\/05\/IMG_8730.jpeg","contentUrl":"https:\/\/pieceofcake.coach\/gesundheitsshop\/wp-content\/uploads\/sites\/5\/2022\/05\/IMG_8730.jpeg","width":1772,"height":1772},{"@type":"BreadcrumbList","@id":"https:\/\/pieceofcake.coach\/gesundheitsshop\/produkte\/basische-aufbaucreme#breadcrumb","itemListElement":[{"@type":"ListItem","position":1,"name":"Startseite","item":"https:\/\/pieceofcake.coach\/gesundheitsshop\/"},{"@type":"ListItem","position":2,"name":"Produkte","item":"https:\/\/pieceofcake.coach\/gesundheitsshop\/produkte"},{"@type":"ListItem","position":3,"name":"Basische Aufbaucreme"}]},{"@type":"WebSite","@id":"https:\/\/pieceofcake.coach\/gesundheitsshop\/#website","url":"https:\/\/pieceofcake.coach\/gesundheitsshop\/","name":"piece of cake Gesundheitsshop","description":"","potentialAction":[{"@type":"SearchAction","target":{"@type":"EntryPoint","urlTemplate":"https:\/\/pieceofcake.coach\/gesundheitsshop\/?s={search_term_string}"},"query-input":{"@type":"PropertyValueSpecification","valueRequired":true,"valueName":"search_term_string"}}],"inLanguage":"de"}]}},"_links":{"self":[{"href":"https:\/\/pieceofcake.coach\/gesundheitsshop\/wp-json\/wp\/v2\/product\/30670","targetHints":{"allow":["GET"]}}],"collection":[{"href":"https:\/\/pieceofcake.coach\/gesundheitsshop\/wp-json\/wp\/v2\/product"}],"about":[{"href":"https:\/\/pieceofcake.coach\/gesundheitsshop\/wp-json\/wp\/v2\/types\/product"}],"replies":[{"embeddable":true,"href":"https:\/\/pieceofcake.coach\/gesundheitsshop\/wp-json\/wp\/v2\/comments?post=30670"}],"wp:featuredmedia":[{"embeddable":true,"href":"https:\/\/pieceofcake.coach\/gesundheitsshop\/wp-json\/wp\/v2\/media\/30756"}],"wp:attachment":[{"href":"https:\/\/pieceofcake.coach\/gesundheitsshop\/wp-json\/wp\/v2\/media?parent=30670"}],"wp:term":[{"taxonomy":"product_brand","embeddable":true,"href":"https:\/\/pieceofcake.coach\/gesundheitsshop\/wp-json\/wp\/v2\/product_brand?post=30670"},{"taxonomy":"product_cat","embeddable":true,"href":"https:\/\/pieceofcake.coach\/gesundheitsshop\/wp-json\/wp\/v2\/product_cat?post=30670"},{"taxonomy":"product_tag","embeddable":true,"href":"https:\/\/pieceofcake.coach\/gesundheitsshop\/wp-json\/wp\/v2\/product_tag?post=30670"}],"curies":[{"name":"wp","href":"https:\/\/api.w.org\/{rel}","templated":true}]}}