{"id":30949,"date":"2022-07-12T17:10:30","date_gmt":"2022-07-12T15:10:30","guid":{"rendered":"https:\/\/pieceofcake.coach\/gesundheitsshop\/?post_type=product&#038;p=30949"},"modified":"2025-12-15T15:43:43","modified_gmt":"2025-12-15T14:43:43","slug":"wacker-gekeimte-brotbackmischung-bio","status":"publish","type":"product","link":"https:\/\/pieceofcake.coach\/gesundheitsshop\/produkte\/wacker-gekeimte-brotbackmischung-bio","title":{"rendered":"Wacker\u00ae Gekeimte Brotbackmischung Bio"},"content":{"rendered":"<h2>Gekeimtes Getreide ist ges\u00fcnder, n\u00e4hrstoffreicher und bek\u00f6mmlicher<\/h2>\n<p>Der Dinkel dieser Brotbackmischung wird in einem kontrollierten Prozess wenige Tage lang eingeweicht und damit angekeimt bis sich kleine Sprossen bilden. Das signalisiert, dass das Korn nun aktiviert ist. Nach dem Keimungsprozess enth\u00e4lt das Korn mehr Enzyme und weniger Phytins\u00e4ure, die zuvor viele der wertvollen Mineralien gebunden hatte. Auch ver\u00e4ndert sich die Zusammensetzung bzw. Struktur des Korns und wird besser verdaulich. Abschlie\u00dfend werden die K\u00f6rner bei Temperaturen unter 40 Grad Celsius getrocknet, vermahlen, und zusammen mit Flohsamenschalen und Hefe ergeben sie eine leckere, bek\u00f6mmliche und gesunde Brotbackmischung. Die Zutaten sind biologisch zertifiziert.<\/p>\n<p>Gekeimtes Getreide eignet sich hervorragend zu einer basen\u00fcbersch\u00fcssigen Ern\u00e4hrung.<\/p>\n<p>F\u00fcr dieses Brot sind keine gro\u00dfen Backk\u00fcnste notwendig: Du musst einfach nur Wasser, Apfelessig und etwas Salz hinzuf\u00fcgen, den Teig verr\u00fchren dann ab damit in den Backofen. Nach 90 Minuten ist Dein Brot fertig.<\/p>\n<p>&nbsp;<\/p>\n<blockquote>\n<h4>Meine Philosophie im Onlineshop und Ladengesch\u00e4ft:<br \/>\nErstklassige Produkte, pers\u00f6nliche Beratung, entspanntes Einkaufen, durch den Versand entstehen Rohstoffe<\/h4>\n<p>Wacker\u00ae Gekeimte Brotbackmischung Bio beziehe ich direkt von der Herstellerin <em><a href=\"https:\/\/bleibwacker.com\/?sPartner=pieceofcake\" target=\"_blank\" rel=\"noopener noreferrer\">Sabine Wacker<\/a><\/em>, eine meiner handverlesenen Gesch\u00e4ftspartner, mit denen ich einen oft \u00fcber Jahre gewachsenen pers\u00f6nlichen Kontakt halte. Und ich mache nur Gesch\u00e4fte mit Menschen, die wie ich gerne ihr Bestes geben. In meinem Onlineshop bekommst Du deshalb genau wie in meinem <a href=\"https:\/\/pieceofcake.coach\/kontakt\/praxis-shop-berlin-weissensee\" target=\"_blank\" rel=\"noopener noreferrer\">Ladengesch\u00e4ft in Berlin-Wei\u00dfensee<\/a> nur hochwertige Produkte, die ich selbst getestet habe und aus fachlicher Sicht f\u00fcr sinnvoll halte. W\u00e4hrend der \u00d6ffnungszeiten meines Ladens biete ich Dir gerne eine telefonische Live Beratung. Du kannst dabei oder danach entspannt online einkaufen. Falls ich gerade in einer Ern\u00e4hrungsberatung bin, rufe ich Dich gerne zur\u00fcck.<br \/>\nVom Ern\u00e4hrungsberater mit Liebe recherchierte und individuell empfohlene Produkte f\u00fcr Deinen gesunden Lebensstil. Ich <a href=\"https:\/\/pieceofcake.coach\/gesundheitsshop\/meine-philosophie\">schaffe \u00fcbrigens mehr Rohstoffe<\/a> als durch den Versand Deiner Bestellung verbraucht werden. Gibt es so sonst nirgends.<\/p>\n<h4>Qualit\u00e4t unterst\u00fctzen oder &#8218;billiger, billiger&#8216;<\/h4>\n<p>Nat\u00fcrlich bekommst Du meine Produkte auch anderswo und m\u00f6glicherweise hier und da sogar etwas g\u00fcnstiger. Falls Du nicht auf jeden Cent achten musst, freue ich mich, wenn Du meinen Service wertsch\u00e4tzt und mein Kunde bleibst. Damit unterst\u00fctzt Du, dass mein erstklassiges Sortiment immer weiter w\u00e4chst. <a href=\"https:\/\/shop.pieceofcake.coach\/meine-philosophie\">Stammkunden<\/a> bekommen bei mir zudem Rabatte, <a href=\"https:\/\/pieceofcake.coach\/kontakt\">sprich mich gerne darauf an.<\/a><\/p><\/blockquote>\n","protected":false},"excerpt":{"rendered":"<p><strong>Wacker\u00ae gekeimte Brotbackmischung<\/strong> ist ideal f\u00fcr alle Brotliebhaber und eine tolle <strong>Alternative<\/strong> zum herk\u00f6mmlichen Brot. F\u00fcr dieses Brot sind keine gro\u00dfen Backk\u00fcnste notwendig: Du musst einfach nur Wasser, Apfelessig und etwas Salz hinzuf\u00fcgen, den Teig verr\u00fchren und nach 90 Minuten backen hast Du ein gesundes und bek\u00f6mmliches Brot kreiert. <strong>Gekeimtes Getreide<\/strong>\u00a0ist &#8218;aktiviert&#8216; und damit <strong>enzymreicher<\/strong>, <strong>n\u00e4hrstoffreicher <\/strong>und wird im K\u00f6rper<strong> basisch <\/strong>verstoffwechselt. Durch das Keimen wird es <strong>bek\u00f6mmlicher<\/strong> und h\u00e4ufig selbst f\u00fcr glutensensible gut vertr\u00e4glich<strong>.<\/strong> Alle Zutaten dieser Backmischung haben Bioqualit\u00e4t.<\/p>\n","protected":false},"featured_media":31839,"comment_status":"closed","ping_status":"closed","template":"","meta":[],"product_brand":[],"product_cat":[370,391,389,371,364],"product_tag":[],"class_list":{"0":"post-30949","1":"product","2":"type-product","3":"status-publish","4":"has-post-thumbnail","6":"product_cat-autonom-mit-autoimmun","7":"product_cat-fuer-vegane-ernaehrung","8":"product_cat-gekeimte-lebensmittel","9":"product_cat-mittag-und-abendessen","10":"product_cat-zum-fruehstueck","11":"description-off","13":"first","14":"instock","15":"taxable","16":"shipping-taxable","17":"purchasable","18":"product-type-simple"},"yoast_head":"<!-- This site is optimized with the Yoast SEO plugin v26.4 - https:\/\/yoast.com\/wordpress\/plugins\/seo\/ -->\n<title>Wacker\u00ae Gekeimte Brotbackmischung Bio - piece of cake Gesundheitsshop - piece of cake Gesundheitsshop<\/title>\n<meta name=\"description\" content=\"Wacker\u00ae Gekeimte Brotbackmischung Bio \u2705gekeimt und n\u00e4hrstoffreich \u2705bio \u2705viele Ballaststoffe \u2705Dinkel, Flohsamenschalen, Hefe\" \/>\n<meta name=\"robots\" content=\"index, follow, max-snippet:-1, max-image-preview:large, max-video-preview:-1\" \/>\n<link rel=\"canonical\" href=\"https:\/\/pieceofcake.coach\/gesundheitsshop\/produkte\/wacker-gekeimte-brotbackmischung-bio\" \/>\n<meta property=\"og:locale\" content=\"de_DE\" \/>\n<meta property=\"og:type\" content=\"article\" \/>\n<meta property=\"og:title\" content=\"Wacker\u00ae Gekeimte Brotbackmischung Bio - piece of cake Gesundheitsshop - piece of cake Gesundheitsshop\" \/>\n<meta property=\"og:description\" content=\"Wacker\u00ae Gekeimte Brotbackmischung Bio \u2705gekeimt und n\u00e4hrstoffreich \u2705bio \u2705viele Ballaststoffe \u2705Dinkel, Flohsamenschalen, Hefe\" \/>\n<meta property=\"og:url\" content=\"https:\/\/pieceofcake.coach\/gesundheitsshop\/produkte\/wacker-gekeimte-brotbackmischung-bio\" \/>\n<meta property=\"og:site_name\" content=\"piece of cake Gesundheitsshop\" \/>\n<meta property=\"article:modified_time\" content=\"2025-12-15T14:43:43+00:00\" \/>\n<meta property=\"og:image\" content=\"https:\/\/pieceofcake.coach\/gesundheitsshop\/wp-content\/uploads\/sites\/5\/2024\/10\/IMG_1702-scaled.jpeg\" \/>\n\t<meta property=\"og:image:width\" content=\"2560\" \/>\n\t<meta property=\"og:image:height\" content=\"2560\" \/>\n\t<meta property=\"og:image:type\" content=\"image\/jpeg\" \/>\n<meta name=\"twitter:card\" content=\"summary_large_image\" \/>\n<meta name=\"twitter:label1\" content=\"Gesch\u00e4tzte Lesezeit\" \/>\n\t<meta name=\"twitter:data1\" content=\"1\u00a0Minute\" \/>\n<script type=\"application\/ld+json\" class=\"yoast-schema-graph\">{\"@context\":\"https:\/\/schema.org\",\"@graph\":[{\"@type\":\"WebPage\",\"@id\":\"https:\/\/pieceofcake.coach\/gesundheitsshop\/produkte\/wacker-gekeimte-brotbackmischung-bio\",\"url\":\"https:\/\/pieceofcake.coach\/gesundheitsshop\/produkte\/wacker-gekeimte-brotbackmischung-bio\",\"name\":\"Wacker\u00ae Gekeimte Brotbackmischung Bio - piece of cake Gesundheitsshop - piece of cake Gesundheitsshop\",\"isPartOf\":{\"@id\":\"https:\/\/pieceofcake.coach\/gesundheitsshop\/#website\"},\"primaryImageOfPage\":{\"@id\":\"https:\/\/pieceofcake.coach\/gesundheitsshop\/produkte\/wacker-gekeimte-brotbackmischung-bio#primaryimage\"},\"image\":{\"@id\":\"https:\/\/pieceofcake.coach\/gesundheitsshop\/produkte\/wacker-gekeimte-brotbackmischung-bio#primaryimage\"},\"thumbnailUrl\":\"https:\/\/pieceofcake.coach\/gesundheitsshop\/wp-content\/uploads\/sites\/5\/2024\/10\/IMG_1702-scaled.jpeg\",\"datePublished\":\"2022-07-12T15:10:30+00:00\",\"dateModified\":\"2025-12-15T14:43:43+00:00\",\"description\":\"Wacker\u00ae Gekeimte Brotbackmischung Bio \u2705gekeimt und n\u00e4hrstoffreich \u2705bio \u2705viele Ballaststoffe \u2705Dinkel, Flohsamenschalen, Hefe\",\"breadcrumb\":{\"@id\":\"https:\/\/pieceofcake.coach\/gesundheitsshop\/produkte\/wacker-gekeimte-brotbackmischung-bio#breadcrumb\"},\"inLanguage\":\"de\",\"potentialAction\":[{\"@type\":\"ReadAction\",\"target\":[\"https:\/\/pieceofcake.coach\/gesundheitsshop\/produkte\/wacker-gekeimte-brotbackmischung-bio\"]}]},{\"@type\":\"ImageObject\",\"inLanguage\":\"de\",\"@id\":\"https:\/\/pieceofcake.coach\/gesundheitsshop\/produkte\/wacker-gekeimte-brotbackmischung-bio#primaryimage\",\"url\":\"https:\/\/pieceofcake.coach\/gesundheitsshop\/wp-content\/uploads\/sites\/5\/2024\/10\/IMG_1702-scaled.jpeg\",\"contentUrl\":\"https:\/\/pieceofcake.coach\/gesundheitsshop\/wp-content\/uploads\/sites\/5\/2024\/10\/IMG_1702-scaled.jpeg\",\"width\":2560,\"height\":2560,\"caption\":\"Wacker\u00ae Gekeimte Brotbackmischung\"},{\"@type\":\"BreadcrumbList\",\"@id\":\"https:\/\/pieceofcake.coach\/gesundheitsshop\/produkte\/wacker-gekeimte-brotbackmischung-bio#breadcrumb\",\"itemListElement\":[{\"@type\":\"ListItem\",\"position\":1,\"name\":\"Startseite\",\"item\":\"https:\/\/pieceofcake.coach\/gesundheitsshop\/\"},{\"@type\":\"ListItem\",\"position\":2,\"name\":\"Produkte\",\"item\":\"https:\/\/pieceofcake.coach\/gesundheitsshop\/produkte\"},{\"@type\":\"ListItem\",\"position\":3,\"name\":\"Wacker\u00ae Gekeimte Brotbackmischung Bio\"}]},{\"@type\":\"WebSite\",\"@id\":\"https:\/\/pieceofcake.coach\/gesundheitsshop\/#website\",\"url\":\"https:\/\/pieceofcake.coach\/gesundheitsshop\/\",\"name\":\"piece of cake Gesundheitsshop\",\"description\":\"\",\"potentialAction\":[{\"@type\":\"SearchAction\",\"target\":{\"@type\":\"EntryPoint\",\"urlTemplate\":\"https:\/\/pieceofcake.coach\/gesundheitsshop\/?s={search_term_string}\"},\"query-input\":{\"@type\":\"PropertyValueSpecification\",\"valueRequired\":true,\"valueName\":\"search_term_string\"}}],\"inLanguage\":\"de\"}]}<\/script>\n<!-- \/ Yoast SEO plugin. -->","yoast_head_json":{"title":"Wacker\u00ae Gekeimte Brotbackmischung Bio - piece of cake Gesundheitsshop - piece of cake Gesundheitsshop","description":"Wacker\u00ae Gekeimte Brotbackmischung Bio \u2705gekeimt und n\u00e4hrstoffreich \u2705bio \u2705viele Ballaststoffe \u2705Dinkel, Flohsamenschalen, Hefe","robots":{"index":"index","follow":"follow","max-snippet":"max-snippet:-1","max-image-preview":"max-image-preview:large","max-video-preview":"max-video-preview:-1"},"canonical":"https:\/\/pieceofcake.coach\/gesundheitsshop\/produkte\/wacker-gekeimte-brotbackmischung-bio","og_locale":"de_DE","og_type":"article","og_title":"Wacker\u00ae Gekeimte Brotbackmischung Bio - piece of cake Gesundheitsshop - piece of cake Gesundheitsshop","og_description":"Wacker\u00ae Gekeimte Brotbackmischung Bio \u2705gekeimt und n\u00e4hrstoffreich \u2705bio \u2705viele Ballaststoffe \u2705Dinkel, Flohsamenschalen, Hefe","og_url":"https:\/\/pieceofcake.coach\/gesundheitsshop\/produkte\/wacker-gekeimte-brotbackmischung-bio","og_site_name":"piece of cake Gesundheitsshop","article_modified_time":"2025-12-15T14:43:43+00:00","og_image":[{"width":2560,"height":2560,"url":"https:\/\/pieceofcake.coach\/gesundheitsshop\/wp-content\/uploads\/sites\/5\/2024\/10\/IMG_1702-scaled.jpeg","type":"image\/jpeg"}],"twitter_card":"summary_large_image","twitter_misc":{"Gesch\u00e4tzte Lesezeit":"1\u00a0Minute"},"schema":{"@context":"https:\/\/schema.org","@graph":[{"@type":"WebPage","@id":"https:\/\/pieceofcake.coach\/gesundheitsshop\/produkte\/wacker-gekeimte-brotbackmischung-bio","url":"https:\/\/pieceofcake.coach\/gesundheitsshop\/produkte\/wacker-gekeimte-brotbackmischung-bio","name":"Wacker\u00ae Gekeimte Brotbackmischung Bio - piece of cake Gesundheitsshop - piece of cake Gesundheitsshop","isPartOf":{"@id":"https:\/\/pieceofcake.coach\/gesundheitsshop\/#website"},"primaryImageOfPage":{"@id":"https:\/\/pieceofcake.coach\/gesundheitsshop\/produkte\/wacker-gekeimte-brotbackmischung-bio#primaryimage"},"image":{"@id":"https:\/\/pieceofcake.coach\/gesundheitsshop\/produkte\/wacker-gekeimte-brotbackmischung-bio#primaryimage"},"thumbnailUrl":"https:\/\/pieceofcake.coach\/gesundheitsshop\/wp-content\/uploads\/sites\/5\/2024\/10\/IMG_1702-scaled.jpeg","datePublished":"2022-07-12T15:10:30+00:00","dateModified":"2025-12-15T14:43:43+00:00","description":"Wacker\u00ae Gekeimte Brotbackmischung Bio \u2705gekeimt und n\u00e4hrstoffreich \u2705bio \u2705viele Ballaststoffe \u2705Dinkel, Flohsamenschalen, Hefe","breadcrumb":{"@id":"https:\/\/pieceofcake.coach\/gesundheitsshop\/produkte\/wacker-gekeimte-brotbackmischung-bio#breadcrumb"},"inLanguage":"de","potentialAction":[{"@type":"ReadAction","target":["https:\/\/pieceofcake.coach\/gesundheitsshop\/produkte\/wacker-gekeimte-brotbackmischung-bio"]}]},{"@type":"ImageObject","inLanguage":"de","@id":"https:\/\/pieceofcake.coach\/gesundheitsshop\/produkte\/wacker-gekeimte-brotbackmischung-bio#primaryimage","url":"https:\/\/pieceofcake.coach\/gesundheitsshop\/wp-content\/uploads\/sites\/5\/2024\/10\/IMG_1702-scaled.jpeg","contentUrl":"https:\/\/pieceofcake.coach\/gesundheitsshop\/wp-content\/uploads\/sites\/5\/2024\/10\/IMG_1702-scaled.jpeg","width":2560,"height":2560,"caption":"Wacker\u00ae Gekeimte Brotbackmischung"},{"@type":"BreadcrumbList","@id":"https:\/\/pieceofcake.coach\/gesundheitsshop\/produkte\/wacker-gekeimte-brotbackmischung-bio#breadcrumb","itemListElement":[{"@type":"ListItem","position":1,"name":"Startseite","item":"https:\/\/pieceofcake.coach\/gesundheitsshop\/"},{"@type":"ListItem","position":2,"name":"Produkte","item":"https:\/\/pieceofcake.coach\/gesundheitsshop\/produkte"},{"@type":"ListItem","position":3,"name":"Wacker\u00ae Gekeimte Brotbackmischung Bio"}]},{"@type":"WebSite","@id":"https:\/\/pieceofcake.coach\/gesundheitsshop\/#website","url":"https:\/\/pieceofcake.coach\/gesundheitsshop\/","name":"piece of cake Gesundheitsshop","description":"","potentialAction":[{"@type":"SearchAction","target":{"@type":"EntryPoint","urlTemplate":"https:\/\/pieceofcake.coach\/gesundheitsshop\/?s={search_term_string}"},"query-input":{"@type":"PropertyValueSpecification","valueRequired":true,"valueName":"search_term_string"}}],"inLanguage":"de"}]}},"_links":{"self":[{"href":"https:\/\/pieceofcake.coach\/gesundheitsshop\/wp-json\/wp\/v2\/product\/30949","targetHints":{"allow":["GET"]}}],"collection":[{"href":"https:\/\/pieceofcake.coach\/gesundheitsshop\/wp-json\/wp\/v2\/product"}],"about":[{"href":"https:\/\/pieceofcake.coach\/gesundheitsshop\/wp-json\/wp\/v2\/types\/product"}],"replies":[{"embeddable":true,"href":"https:\/\/pieceofcake.coach\/gesundheitsshop\/wp-json\/wp\/v2\/comments?post=30949"}],"wp:featuredmedia":[{"embeddable":true,"href":"https:\/\/pieceofcake.coach\/gesundheitsshop\/wp-json\/wp\/v2\/media\/31839"}],"wp:attachment":[{"href":"https:\/\/pieceofcake.coach\/gesundheitsshop\/wp-json\/wp\/v2\/media?parent=30949"}],"wp:term":[{"taxonomy":"product_brand","embeddable":true,"href":"https:\/\/pieceofcake.coach\/gesundheitsshop\/wp-json\/wp\/v2\/product_brand?post=30949"},{"taxonomy":"product_cat","embeddable":true,"href":"https:\/\/pieceofcake.coach\/gesundheitsshop\/wp-json\/wp\/v2\/product_cat?post=30949"},{"taxonomy":"product_tag","embeddable":true,"href":"https:\/\/pieceofcake.coach\/gesundheitsshop\/wp-json\/wp\/v2\/product_tag?post=30949"}],"curies":[{"name":"wp","href":"https:\/\/api.w.org\/{rel}","templated":true}]}}