{"id":3097,"date":"2018-07-03T20:25:49","date_gmt":"2018-07-03T18:25:49","guid":{"rendered":"https:\/\/shop.pieceofcake.coach\/?post_type=product&#038;p=3097"},"modified":"2025-12-15T15:47:55","modified_gmt":"2025-12-15T14:47:55","slug":"vitamin-d3-50-000","status":"publish","type":"product","link":"https:\/\/pieceofcake.coach\/gesundheitsshop\/produkte\/vitamin-d3-50-000","title":{"rendered":"Vitamin D3 50.000"},"content":{"rendered":"<h2>Vitamin<strong> D3 50.000 IE hochdosiert zur Sto\u00dftherapie oder im Coimbra Protokoll<\/strong><\/h2>\n<p>Vitamin D3 (hochdosiert) 50.000 IE Kapseln sind f\u00fcr therapeutische Zwecke (Sto\u00dftherapie, <a href=\"https:\/\/shop.pieceofcake.coach\/ernaehrung-im-coimbra-protokoll\">Coimbra Protokoll<\/a>) zur Verwendung in Abstimmung mit Deinem Arzt oder Therapeuten geeignet.<\/p>\n<p>&nbsp;<\/p>\n<p><strong>WICHTIGER HINWEIS:<\/strong><br \/>\nEine \u00dcberdosierung mit Vitamin D3 kommt sehr selten vor, kann aber ernsthafte Folgen haben. Um einer Hyperkalz\u00e4mie (zu viel Calcium im Blut) vorzubeugen, musst Du zuvor mit Deinem Arzt besprechen, wenn Du mehr als 2 Kapseln dieses Produktes pro Monat einnehmen willst. Bei regelm\u00e4\u00dfiger Einnahme dieses Produktes empfiehlt sich begleitend die Einnahme von Vitamin K2 sowie eine kalziumarme Ern\u00e4hrung. Das <em>Bundesinstitut f\u00fcr Risikobewertung<\/em> sch\u00e4tzt die Einnahme von 10.000 internationalen Einheiten (IE oder IU) t\u00e4glich \u00fcber einen langen Zeitraum f\u00fcr gesundheitlich unbedenklich ein.<br \/>\n<strong>Mit der Bestellung dieses Produktes best\u00e4tigst Du, dies verstanden zu haben und dass Du dieses hochdosierte Produkt nur in Absprache mit Deinem Arzt verwenden wirst.<\/strong><\/p>\n<section class=\"vc_cta3_content-container\">\n<div class=\"vc_general vc_cta3 vc_cta3-style-classic vc_cta3-shape-rounded vc_cta3-align-left vc_cta3-color-classic vc_cta3-icon-size-md vc_cta3-actions-bottom\">\n<div class=\"vc_cta3_content-container\">\n<div class=\"vc_cta3-content\">\n<blockquote>\n<h4><\/h4>\n<h4>Meine Philosophie:<br \/>\nErstklassige Produkte, pers\u00f6nliche Beratung, entspanntes Einkaufen, durch den Versand entstehen Rohstoffe<\/h4>\n<p>Vitamin D3 50.000 IE beziehe ich direkt vom Hersteller <em>WLS products<\/em>, einem meiner handverlesenen Gesch\u00e4ftspartner, mit denen ich einen oft \u00fcber Jahre gewachsenen pers\u00f6nlichen Kontakt halte. Und ich mache nur Gesch\u00e4fte mit Menschen, die wie ich gerne ihr Bestes geben.Bei mir bekommst Du nur hochwertige Produkte, die ich selbst getestet habe und aus fachlicher Sicht f\u00fcr sinnvoll halte. Ich berate Dich gerne telefonisch. Du kannst dabei oder danach entspannt online einkaufen. Ich rufe Dich auch gerne zur\u00fcck.<br \/>\nVom Ern\u00e4hrungsberater mit Liebe recherchierte und individuell empfohlene Produkte f\u00fcr Deinen gesunden Lebensstil. Ich <a href=\"https:\/\/pieceofcake.coach\/gesundheitsshop\/meine-philosophie\">schaffe \u00fcbrigens mehr Rohstoffe<\/a> als durch den Versand Deiner Bestellung verbraucht werden. Gibt es so sonst nirgends.<\/p>\n<h4>Qualit\u00e4t unterst\u00fctzen oder &#8218;billiger, billiger&#8216;<\/h4>\n<p>Nat\u00fcrlich bekommst Du meine Produkte auch anderswo und m\u00f6glicherweise hier und da sogar etwas g\u00fcnstiger. Falls Du nicht auf jeden Cent achten musst, freue ich mich, wenn Du meinen Service wertsch\u00e4tzt und mein Kunde bleibst. Damit unterst\u00fctzt Du, dass mein erstklassiges Sortiment immer weiter w\u00e4chst. <a href=\"https:\/\/shop.pieceofcake.coach\/meine-philosophie\">Stammkunden<\/a> bekommen bei mir zudem Rabatte, <a href=\"https:\/\/pieceofcake.coach\/gesundheitsshop\/kontakt\">sprich mich gerne darauf an.<\/a><\/p><\/blockquote>\n<\/div>\n<\/div>\n<\/div>\n<\/section>\n","protected":false},"excerpt":{"rendered":"<p><strong>Hochdosiertes Vitamin D3<\/strong> f\u00fcr <strong>therapeutische Zwecke<\/strong> (z.B. Sto\u00dftherapie, <a href=\"https:\/\/shop.pieceofcake.coach\/ernaehrung-im-coimbra-protokoll\">Coimbra Protokoll<\/a>). Dieses Produkt ist nicht f\u00fcr Dich geeignet, wenn Du &#8217;nur&#8216; Deinen t\u00e4glichen Bedart decken willst. Denn eine regelm\u00e4\u00dfige t\u00e4gliche Substitution mit Vitamin D ist effizienter. Du nimmst dann mehr Vitamin D auf. F\u00fcr diesen Zweck empfehle ich Dir das Produkt <a href=\"https:\/\/pieceofcake.coach\/gesundheitsshop\/produkte\/lipo-vitamine-forte-5000\">Lipo Vitamine Forte 5000<\/a>.<br \/>\nEine <strong>\u00dcberdosierung<\/strong> mit Vitamin D3 kann <strong>gravierende gesundheitliche Folge<\/strong>n haben (u.a. Hyperkalz\u00e4mie). Vor der Einnahme dieses Produktes sprich bitte mit Deinem Therapeuten oder Arzt.<\/p>\n<p>Inhalt: 100 vegetarische Kapseln<\/p>\n","protected":false},"featured_media":28909,"comment_status":"closed","ping_status":"closed","template":"","meta":[],"product_brand":[],"product_cat":[352,351],"product_tag":[],"class_list":{"0":"post-3097","1":"product","2":"type-product","3":"status-publish","4":"has-post-thumbnail","6":"product_cat-vitamine-und-mineralstoffe","7":"product_cat-vitamin-d-praeparat","8":"description-off","10":"first","11":"onbackorder","12":"taxable","13":"shipping-taxable","14":"purchasable","15":"product-type-simple"},"yoast_head":"<!-- This site is optimized with the Yoast SEO plugin v26.4 - https:\/\/yoast.com\/wordpress\/plugins\/seo\/ -->\n<title>Vitamin D3 50.000 Kapseln - piece of cake Gesundheitsshop \ud83c\udf70<\/title>\n<meta name=\"description\" content=\"Vitamin D3 50.000 IE \u2705hochdosiert \u2705zur Versorgung im Coimbra Protokoll \u2705vom Ern\u00e4hrungsberater kaufen \u2705100 vegetarische Kapseln\" \/>\n<meta name=\"robots\" content=\"index, follow, max-snippet:-1, max-image-preview:large, max-video-preview:-1\" \/>\n<link rel=\"canonical\" href=\"https:\/\/pieceofcake.coach\/gesundheitsshop\/produkte\/vitamin-d3-50-000\" \/>\n<meta property=\"og:locale\" content=\"de_DE\" \/>\n<meta property=\"og:type\" content=\"article\" \/>\n<meta property=\"og:title\" content=\"Vitamin D3 50.000 Kapseln - piece of cake Gesundheitsshop \ud83c\udf70\" \/>\n<meta property=\"og:description\" content=\"Vitamin D3 50.000 IE \u2705hochdosiert \u2705zur Versorgung im Coimbra Protokoll \u2705vom Ern\u00e4hrungsberater kaufen \u2705100 vegetarische Kapseln\" \/>\n<meta property=\"og:url\" content=\"https:\/\/pieceofcake.coach\/gesundheitsshop\/produkte\/vitamin-d3-50-000\" \/>\n<meta property=\"og:site_name\" content=\"piece of cake Gesundheitsshop\" \/>\n<meta property=\"article:modified_time\" content=\"2025-12-15T14:47:55+00:00\" \/>\n<meta property=\"og:image\" content=\"https:\/\/pieceofcake.coach\/gesundheitsshop\/wp-content\/uploads\/sites\/5\/2020\/10\/IMG_8741-scaled.jpg\" \/>\n\t<meta property=\"og:image:width\" content=\"2560\" \/>\n\t<meta property=\"og:image:height\" content=\"2560\" \/>\n\t<meta property=\"og:image:type\" content=\"image\/jpeg\" \/>\n<meta name=\"twitter:card\" content=\"summary_large_image\" \/>\n<meta name=\"twitter:label1\" content=\"Gesch\u00e4tzte Lesezeit\" \/>\n\t<meta name=\"twitter:data1\" content=\"1\u00a0Minute\" \/>\n<script type=\"application\/ld+json\" class=\"yoast-schema-graph\">{\"@context\":\"https:\/\/schema.org\",\"@graph\":[{\"@type\":\"WebPage\",\"@id\":\"https:\/\/pieceofcake.coach\/gesundheitsshop\/produkte\/vitamin-d3-50-000\",\"url\":\"https:\/\/pieceofcake.coach\/gesundheitsshop\/produkte\/vitamin-d3-50-000\",\"name\":\"Vitamin D3 50.000 Kapseln - piece of cake Gesundheitsshop \ud83c\udf70\",\"isPartOf\":{\"@id\":\"https:\/\/pieceofcake.coach\/gesundheitsshop\/#website\"},\"primaryImageOfPage\":{\"@id\":\"https:\/\/pieceofcake.coach\/gesundheitsshop\/produkte\/vitamin-d3-50-000#primaryimage\"},\"image\":{\"@id\":\"https:\/\/pieceofcake.coach\/gesundheitsshop\/produkte\/vitamin-d3-50-000#primaryimage\"},\"thumbnailUrl\":\"https:\/\/pieceofcake.coach\/gesundheitsshop\/wp-content\/uploads\/sites\/5\/2020\/10\/IMG_8741-scaled.jpg\",\"datePublished\":\"2018-07-03T18:25:49+00:00\",\"dateModified\":\"2025-12-15T14:47:55+00:00\",\"description\":\"Vitamin D3 50.000 IE \u2705hochdosiert \u2705zur Versorgung im Coimbra Protokoll \u2705vom Ern\u00e4hrungsberater kaufen \u2705100 vegetarische Kapseln\",\"breadcrumb\":{\"@id\":\"https:\/\/pieceofcake.coach\/gesundheitsshop\/produkte\/vitamin-d3-50-000#breadcrumb\"},\"inLanguage\":\"de\",\"potentialAction\":[{\"@type\":\"ReadAction\",\"target\":[\"https:\/\/pieceofcake.coach\/gesundheitsshop\/produkte\/vitamin-d3-50-000\"]}]},{\"@type\":\"ImageObject\",\"inLanguage\":\"de\",\"@id\":\"https:\/\/pieceofcake.coach\/gesundheitsshop\/produkte\/vitamin-d3-50-000#primaryimage\",\"url\":\"https:\/\/pieceofcake.coach\/gesundheitsshop\/wp-content\/uploads\/sites\/5\/2020\/10\/IMG_8741-scaled.jpg\",\"contentUrl\":\"https:\/\/pieceofcake.coach\/gesundheitsshop\/wp-content\/uploads\/sites\/5\/2020\/10\/IMG_8741-scaled.jpg\",\"width\":2560,\"height\":2560,\"caption\":\"Vitamin D3 50.000\"},{\"@type\":\"BreadcrumbList\",\"@id\":\"https:\/\/pieceofcake.coach\/gesundheitsshop\/produkte\/vitamin-d3-50-000#breadcrumb\",\"itemListElement\":[{\"@type\":\"ListItem\",\"position\":1,\"name\":\"Startseite\",\"item\":\"https:\/\/pieceofcake.coach\/gesundheitsshop\/\"},{\"@type\":\"ListItem\",\"position\":2,\"name\":\"Produkte\",\"item\":\"https:\/\/pieceofcake.coach\/gesundheitsshop\/produkte\"},{\"@type\":\"ListItem\",\"position\":3,\"name\":\"Vitamin D3 50.000\"}]},{\"@type\":\"WebSite\",\"@id\":\"https:\/\/pieceofcake.coach\/gesundheitsshop\/#website\",\"url\":\"https:\/\/pieceofcake.coach\/gesundheitsshop\/\",\"name\":\"piece of cake Gesundheitsshop\",\"description\":\"\",\"potentialAction\":[{\"@type\":\"SearchAction\",\"target\":{\"@type\":\"EntryPoint\",\"urlTemplate\":\"https:\/\/pieceofcake.coach\/gesundheitsshop\/?s={search_term_string}\"},\"query-input\":{\"@type\":\"PropertyValueSpecification\",\"valueRequired\":true,\"valueName\":\"search_term_string\"}}],\"inLanguage\":\"de\"}]}<\/script>\n<!-- \/ Yoast SEO plugin. -->","yoast_head_json":{"title":"Vitamin D3 50.000 Kapseln - piece of cake Gesundheitsshop \ud83c\udf70","description":"Vitamin D3 50.000 IE \u2705hochdosiert \u2705zur Versorgung im Coimbra Protokoll \u2705vom Ern\u00e4hrungsberater kaufen \u2705100 vegetarische Kapseln","robots":{"index":"index","follow":"follow","max-snippet":"max-snippet:-1","max-image-preview":"max-image-preview:large","max-video-preview":"max-video-preview:-1"},"canonical":"https:\/\/pieceofcake.coach\/gesundheitsshop\/produkte\/vitamin-d3-50-000","og_locale":"de_DE","og_type":"article","og_title":"Vitamin D3 50.000 Kapseln - piece of cake Gesundheitsshop \ud83c\udf70","og_description":"Vitamin D3 50.000 IE \u2705hochdosiert \u2705zur Versorgung im Coimbra Protokoll \u2705vom Ern\u00e4hrungsberater kaufen \u2705100 vegetarische Kapseln","og_url":"https:\/\/pieceofcake.coach\/gesundheitsshop\/produkte\/vitamin-d3-50-000","og_site_name":"piece of cake Gesundheitsshop","article_modified_time":"2025-12-15T14:47:55+00:00","og_image":[{"width":2560,"height":2560,"url":"https:\/\/pieceofcake.coach\/gesundheitsshop\/wp-content\/uploads\/sites\/5\/2020\/10\/IMG_8741-scaled.jpg","type":"image\/jpeg"}],"twitter_card":"summary_large_image","twitter_misc":{"Gesch\u00e4tzte Lesezeit":"1\u00a0Minute"},"schema":{"@context":"https:\/\/schema.org","@graph":[{"@type":"WebPage","@id":"https:\/\/pieceofcake.coach\/gesundheitsshop\/produkte\/vitamin-d3-50-000","url":"https:\/\/pieceofcake.coach\/gesundheitsshop\/produkte\/vitamin-d3-50-000","name":"Vitamin D3 50.000 Kapseln - piece of cake Gesundheitsshop \ud83c\udf70","isPartOf":{"@id":"https:\/\/pieceofcake.coach\/gesundheitsshop\/#website"},"primaryImageOfPage":{"@id":"https:\/\/pieceofcake.coach\/gesundheitsshop\/produkte\/vitamin-d3-50-000#primaryimage"},"image":{"@id":"https:\/\/pieceofcake.coach\/gesundheitsshop\/produkte\/vitamin-d3-50-000#primaryimage"},"thumbnailUrl":"https:\/\/pieceofcake.coach\/gesundheitsshop\/wp-content\/uploads\/sites\/5\/2020\/10\/IMG_8741-scaled.jpg","datePublished":"2018-07-03T18:25:49+00:00","dateModified":"2025-12-15T14:47:55+00:00","description":"Vitamin D3 50.000 IE \u2705hochdosiert \u2705zur Versorgung im Coimbra Protokoll \u2705vom Ern\u00e4hrungsberater kaufen \u2705100 vegetarische Kapseln","breadcrumb":{"@id":"https:\/\/pieceofcake.coach\/gesundheitsshop\/produkte\/vitamin-d3-50-000#breadcrumb"},"inLanguage":"de","potentialAction":[{"@type":"ReadAction","target":["https:\/\/pieceofcake.coach\/gesundheitsshop\/produkte\/vitamin-d3-50-000"]}]},{"@type":"ImageObject","inLanguage":"de","@id":"https:\/\/pieceofcake.coach\/gesundheitsshop\/produkte\/vitamin-d3-50-000#primaryimage","url":"https:\/\/pieceofcake.coach\/gesundheitsshop\/wp-content\/uploads\/sites\/5\/2020\/10\/IMG_8741-scaled.jpg","contentUrl":"https:\/\/pieceofcake.coach\/gesundheitsshop\/wp-content\/uploads\/sites\/5\/2020\/10\/IMG_8741-scaled.jpg","width":2560,"height":2560,"caption":"Vitamin D3 50.000"},{"@type":"BreadcrumbList","@id":"https:\/\/pieceofcake.coach\/gesundheitsshop\/produkte\/vitamin-d3-50-000#breadcrumb","itemListElement":[{"@type":"ListItem","position":1,"name":"Startseite","item":"https:\/\/pieceofcake.coach\/gesundheitsshop\/"},{"@type":"ListItem","position":2,"name":"Produkte","item":"https:\/\/pieceofcake.coach\/gesundheitsshop\/produkte"},{"@type":"ListItem","position":3,"name":"Vitamin D3 50.000"}]},{"@type":"WebSite","@id":"https:\/\/pieceofcake.coach\/gesundheitsshop\/#website","url":"https:\/\/pieceofcake.coach\/gesundheitsshop\/","name":"piece of cake Gesundheitsshop","description":"","potentialAction":[{"@type":"SearchAction","target":{"@type":"EntryPoint","urlTemplate":"https:\/\/pieceofcake.coach\/gesundheitsshop\/?s={search_term_string}"},"query-input":{"@type":"PropertyValueSpecification","valueRequired":true,"valueName":"search_term_string"}}],"inLanguage":"de"}]}},"_links":{"self":[{"href":"https:\/\/pieceofcake.coach\/gesundheitsshop\/wp-json\/wp\/v2\/product\/3097","targetHints":{"allow":["GET"]}}],"collection":[{"href":"https:\/\/pieceofcake.coach\/gesundheitsshop\/wp-json\/wp\/v2\/product"}],"about":[{"href":"https:\/\/pieceofcake.coach\/gesundheitsshop\/wp-json\/wp\/v2\/types\/product"}],"replies":[{"embeddable":true,"href":"https:\/\/pieceofcake.coach\/gesundheitsshop\/wp-json\/wp\/v2\/comments?post=3097"}],"wp:featuredmedia":[{"embeddable":true,"href":"https:\/\/pieceofcake.coach\/gesundheitsshop\/wp-json\/wp\/v2\/media\/28909"}],"wp:attachment":[{"href":"https:\/\/pieceofcake.coach\/gesundheitsshop\/wp-json\/wp\/v2\/media?parent=3097"}],"wp:term":[{"taxonomy":"product_brand","embeddable":true,"href":"https:\/\/pieceofcake.coach\/gesundheitsshop\/wp-json\/wp\/v2\/product_brand?post=3097"},{"taxonomy":"product_cat","embeddable":true,"href":"https:\/\/pieceofcake.coach\/gesundheitsshop\/wp-json\/wp\/v2\/product_cat?post=3097"},{"taxonomy":"product_tag","embeddable":true,"href":"https:\/\/pieceofcake.coach\/gesundheitsshop\/wp-json\/wp\/v2\/product_tag?post=3097"}],"curies":[{"name":"wp","href":"https:\/\/api.w.org\/{rel}","templated":true}]}}