{"id":3126,"date":"2018-07-04T14:00:58","date_gmt":"2018-07-04T12:00:58","guid":{"rendered":"https:\/\/shop.pieceofcake.coach\/?post_type=product&#038;p=3126"},"modified":"2025-11-26T15:27:18","modified_gmt":"2025-11-26T14:27:18","slug":"bitterstern-kraeuterbitter-50ml","status":"publish","type":"product","link":"https:\/\/pieceofcake.coach\/gesundheitsshop\/produkte\/bitterstern-kraeuterbitter-50ml","title":{"rendered":"Bitterstern 50ml"},"content":{"rendered":"<div class=\"product_note\">\n<h2>Bitterstern versorgt Dich mit wertvollen Bitterstoffen<\/h2>\n<p>Bitterstern ist ein traditioneller Kr\u00e4uterbitter, der 17 verschiedene Kr\u00e4uter enth\u00e4lt, die in 59% Alkohol gel\u00f6st sind. Aber keine Sorge, Du wirst Dich nicht damit betrinken. Denn mehr als ein paar Tropfen braucht es nicht, um die Wirkung der enthaltenen Bitterstoffe zu entfesseln. Dennoch sollten Kinder und Alkoholempfindliche, die Tropfen in hei\u00dfes Wasser geben. Dann verdunstet der Alkohol, aber die Bitterstoffe bleiben. Diese regen die Produktion der Gallenfl\u00fcssigkeit und k\u00f6rpereigener Enzyme an. Deswegen ist Bitterstern eine gute Unterst\u00fctzung f\u00fcr Leber und Verdauung. Einfach mehrmals t\u00e4glich ein paar Tropfen auf der Zunge zergehen lassen, z.B. kurz vorm Essen. Du unterst\u00fctzt damit Deine N\u00e4hrstoffresorption. Und weil Dein Darm besser funktioniert, st\u00e4rkst Du damit selbstverst\u00e4ndlich auch Dein Immunsystem. Insgesamt tr\u00e4gt Bitterstern also dazu bei, Dein Wohlbefinden und Deine Abwehrkr\u00e4fte zu steigern. Ausf\u00fchrliche Infos \u00fcber Bitterstoffe findest Du in meinem <a href=\"https:\/\/pieceofcake.coach\/bitterstoffe-lebensmittel\">Blog<\/a>.<\/p>\n<h2>Bitterstoffe werden aus Lebensmitteln herausgez\u00fcchtet<\/h2>\n<\/div>\n<p>Bitterstoffe kommen in unserer modernen Ern\u00e4hrung h\u00e4ufig zu kurz, unter anderem weil Bitterstoffe aus Gem\u00fcsen wie Chicor\u00e9e, Ruccola und Artischocken herausgez\u00fcchtet werden. Denn &#8218;bitter&#8216; ist geschmacklich das genaue Gegenteil von &#8217;s\u00fc\u00df&#8216;. Und s\u00fc\u00df schmeckt uns zwar, tut uns aber ohne ausreichend Ballaststoffe und Mineralien nicht gut. Bitterstern hilft die Versorgungsl\u00fccke von Bitterstoffen zu schlie\u00dfen. Dar\u00fcber hinaus ist er auch eine gute &#8218;Erste Hilfe&#8216; bei Hei\u00dfhungerattacken. Denn der Appetit auf &#8217;s\u00fc\u00df&#8216; vergeht beim Schmecken von &#8218;bitter&#8216;. Ich habe immer ein Fl\u00e4schchen Bitterstern dabei.<\/p>\n<div class=\"product_note\">\n<p>Inhaltsstoffe: Lavendel, Galgant, Schafgarbe, Engelwurz, K\u00fcmmel, Zimt, Fenchel, Enzian, L\u00f6wenzahn, Majoran, Ingwer, Pomeranze, Gew\u00fcrznelke, Zitwer, Kardamom, Isl\u00e4ndisch Moos, Koriander, Wasser, Alkohol 59%.<\/p>\n<section class=\"vc_cta3_content-container\">\n<div class=\"vc_general vc_cta3 vc_cta3-style-classic vc_cta3-shape-rounded vc_cta3-align-left vc_cta3-color-classic vc_cta3-icon-size-md vc_cta3-actions-bottom\">\n<div class=\"vc_cta3_content-container\">\n<div class=\"vc_cta3-content\">\n<blockquote>\n<h4>Meine Philosophie:<br \/>\nErstklassige Produkte, pers\u00f6nliche Beratung, entspanntes Einkaufen, durch den Versand entstehen Rohstoffe<\/h4>\n<p>Bitterstern beziehe ich von <em>laetitia Naturprodukte<\/em>, einem meiner handverlesenen Hersteller und Lieferanten. Mit meinen Gesch\u00e4ftspartnern halte ich einen oft \u00fcber Jahre gewachsenen pers\u00f6nlichen Kontakt. Und ich mache nur Gesch\u00e4fte mit Menschen, die wie ich gerne ihr Bestes geben. Bei mir bekommst Du nur hochwertige Produkte, die ich selbst getestet habe und aus fachlicher Sicht f\u00fcr sinnvoll halte. Ich berate Dich gerne telefonisch. Du kannst dabei oder danach entspannt online einkaufen. Ich rufe Dich auch gerne zur\u00fcck..<br \/>\nVom Ern\u00e4hrungsberater mit Liebe recherchierte und individuell empfohlene Produkte f\u00fcr Deinen gesunden Lebensstil. Durch den Versand Deiner Bestellung <a href=\"https:\/\/shop.pieceofcake.coach\/meine-philosophie\">entstehen mehr Rohstoffe<\/a> als verbraucht werden. Gibt es so sonst nirgends.<\/p>\n<h4>Qualit\u00e4t unterst\u00fctzen oder &#8218;billiger, billiger&#8216;<\/h4>\n<p>Nat\u00fcrlich bekommst Du meine Produkte auch anderswo und m\u00f6glicherweise hier und da sogar etwas g\u00fcnstiger. Falls Du nicht auf jeden Cent achten musst, freue ich mich, wenn Du meinen Service wertsch\u00e4tzt und mein Kunde bleibst. Damit unterst\u00fctzt Du, dass mein erstklassiges Sortiment immer weiter w\u00e4chst. <a href=\"https:\/\/shop.pieceofcake.coach\/meine-philosophie\">Stammkunden<\/a> bekommen bei mir zudem Rabatte, <a href=\"https:\/\/pieceofcake.coach\/kontakt\">sprich mich gerne darauf an.<\/a><\/p><\/blockquote>\n<\/div>\n<\/div>\n<\/div>\n<\/section>\n<\/div>\n","protected":false},"excerpt":{"rendered":"<p><strong>Bitterstern<\/strong> ist ein<strong> traditioneller Kr\u00e4uterbitter<\/strong>, der Dich mit wertvollen <strong>Bitterstoffen<\/strong> versorgt, Deine <strong>Verdauung<\/strong> anregt und Dich gegen <strong>Hei\u00dfhungerattacken<\/strong> feiht. So ist Bitterstern eine st\u00e4ndige Unterst\u00fctzung f\u00fcr die <strong>Darmgesundheit<\/strong> und f\u00fcrs <strong>Immunsystem<\/strong>.<br \/>\nIch habe selbst <strong>immer<\/strong> ein Fl\u00e4schchen <strong>dabei<\/strong>.<\/p>\n<p>Inhalt: Bitterstern 50ml<\/p>\n","protected":false},"featured_media":27621,"comment_status":"closed","ping_status":"closed","template":"","meta":[],"product_brand":[],"product_cat":[376,371,357,356,350],"product_tag":[],"class_list":{"0":"post-3126","1":"product","2":"type-product","3":"status-publish","4":"has-post-thumbnail","6":"product_cat-entgiften","7":"product_cat-mittag-und-abendessen","8":"product_cat-darmsanierung","9":"product_cat-immunsystem-staerken","10":"product_cat-bitterstoffe","11":"description-off","13":"first","14":"instock","15":"taxable","16":"shipping-taxable","17":"purchasable","18":"product-type-simple"},"yoast_head":"<!-- This site is optimized with the Yoast SEO plugin v26.4 - https:\/\/yoast.com\/wordpress\/plugins\/seo\/ -->\n<title>Bitterstern 50 ml Kr\u00e4uterbitter - piece of cake Gesundheitsshop<\/title>\n<meta name=\"description\" content=\"Bitterstern \u2705traditioneller Kr\u00e4uterbitter \u2705Bitterstoffe \u2705regt Enzymbildung an \u2705gegen Hei\u00dfhunger \u2705f\u00fcr unterwegs \u2705gut f\u00fcr Darm und Immunsystem\" \/>\n<meta name=\"robots\" content=\"index, follow, max-snippet:-1, max-image-preview:large, max-video-preview:-1\" \/>\n<link rel=\"canonical\" href=\"https:\/\/pieceofcake.coach\/gesundheitsshop\/produkte\/bitterstern-kraeuterbitter-50ml\" \/>\n<meta property=\"og:locale\" content=\"de_DE\" \/>\n<meta property=\"og:type\" content=\"article\" \/>\n<meta property=\"og:title\" content=\"Bitterstern 50 ml Kr\u00e4uterbitter - piece of cake Gesundheitsshop\" \/>\n<meta property=\"og:description\" content=\"Bitterstern \u2705traditioneller Kr\u00e4uterbitter \u2705Bitterstoffe \u2705regt Enzymbildung an \u2705gegen Hei\u00dfhunger \u2705f\u00fcr unterwegs \u2705gut f\u00fcr Darm und Immunsystem\" \/>\n<meta property=\"og:url\" content=\"https:\/\/pieceofcake.coach\/gesundheitsshop\/produkte\/bitterstern-kraeuterbitter-50ml\" \/>\n<meta property=\"og:site_name\" content=\"piece of cake Gesundheitsshop\" \/>\n<meta property=\"article:modified_time\" content=\"2025-11-26T14:27:18+00:00\" \/>\n<meta property=\"og:image\" content=\"https:\/\/pieceofcake.coach\/gesundheitsshop\/wp-content\/uploads\/sites\/5\/2018\/07\/Bitterstern50-scaled-e1585582491277.jpg\" \/>\n\t<meta property=\"og:image:width\" content=\"1000\" \/>\n\t<meta property=\"og:image:height\" content=\"1000\" \/>\n\t<meta property=\"og:image:type\" content=\"image\/jpeg\" \/>\n<meta name=\"twitter:card\" content=\"summary_large_image\" \/>\n<meta name=\"twitter:label1\" content=\"Gesch\u00e4tzte Lesezeit\" \/>\n\t<meta name=\"twitter:data1\" content=\"2\u00a0Minuten\" \/>\n<script type=\"application\/ld+json\" class=\"yoast-schema-graph\">{\"@context\":\"https:\/\/schema.org\",\"@graph\":[{\"@type\":\"WebPage\",\"@id\":\"https:\/\/pieceofcake.coach\/gesundheitsshop\/produkte\/bitterstern-kraeuterbitter-50ml\",\"url\":\"https:\/\/pieceofcake.coach\/gesundheitsshop\/produkte\/bitterstern-kraeuterbitter-50ml\",\"name\":\"Bitterstern 50 ml Kr\u00e4uterbitter - piece of cake Gesundheitsshop\",\"isPartOf\":{\"@id\":\"https:\/\/pieceofcake.coach\/gesundheitsshop\/#website\"},\"primaryImageOfPage\":{\"@id\":\"https:\/\/pieceofcake.coach\/gesundheitsshop\/produkte\/bitterstern-kraeuterbitter-50ml#primaryimage\"},\"image\":{\"@id\":\"https:\/\/pieceofcake.coach\/gesundheitsshop\/produkte\/bitterstern-kraeuterbitter-50ml#primaryimage\"},\"thumbnailUrl\":\"https:\/\/pieceofcake.coach\/gesundheitsshop\/wp-content\/uploads\/sites\/5\/2018\/07\/Bitterstern50-scaled-e1585582491277.jpg\",\"datePublished\":\"2018-07-04T12:00:58+00:00\",\"dateModified\":\"2025-11-26T14:27:18+00:00\",\"description\":\"Bitterstern \u2705traditioneller Kr\u00e4uterbitter \u2705Bitterstoffe \u2705regt Enzymbildung an \u2705gegen Hei\u00dfhunger \u2705f\u00fcr unterwegs \u2705gut f\u00fcr Darm und Immunsystem\",\"breadcrumb\":{\"@id\":\"https:\/\/pieceofcake.coach\/gesundheitsshop\/produkte\/bitterstern-kraeuterbitter-50ml#breadcrumb\"},\"inLanguage\":\"de\",\"potentialAction\":[{\"@type\":\"ReadAction\",\"target\":[\"https:\/\/pieceofcake.coach\/gesundheitsshop\/produkte\/bitterstern-kraeuterbitter-50ml\"]}]},{\"@type\":\"ImageObject\",\"inLanguage\":\"de\",\"@id\":\"https:\/\/pieceofcake.coach\/gesundheitsshop\/produkte\/bitterstern-kraeuterbitter-50ml#primaryimage\",\"url\":\"https:\/\/pieceofcake.coach\/gesundheitsshop\/wp-content\/uploads\/sites\/5\/2018\/07\/Bitterstern50-scaled-e1585582491277.jpg\",\"contentUrl\":\"https:\/\/pieceofcake.coach\/gesundheitsshop\/wp-content\/uploads\/sites\/5\/2018\/07\/Bitterstern50-scaled-e1585582491277.jpg\",\"width\":1000,\"height\":1000,\"caption\":\"Bitterstern\"},{\"@type\":\"BreadcrumbList\",\"@id\":\"https:\/\/pieceofcake.coach\/gesundheitsshop\/produkte\/bitterstern-kraeuterbitter-50ml#breadcrumb\",\"itemListElement\":[{\"@type\":\"ListItem\",\"position\":1,\"name\":\"Startseite\",\"item\":\"https:\/\/pieceofcake.coach\/gesundheitsshop\/\"},{\"@type\":\"ListItem\",\"position\":2,\"name\":\"Produkte\",\"item\":\"https:\/\/pieceofcake.coach\/gesundheitsshop\/produkte\"},{\"@type\":\"ListItem\",\"position\":3,\"name\":\"Bitterstern 50ml\"}]},{\"@type\":\"WebSite\",\"@id\":\"https:\/\/pieceofcake.coach\/gesundheitsshop\/#website\",\"url\":\"https:\/\/pieceofcake.coach\/gesundheitsshop\/\",\"name\":\"piece of cake Gesundheitsshop\",\"description\":\"\",\"potentialAction\":[{\"@type\":\"SearchAction\",\"target\":{\"@type\":\"EntryPoint\",\"urlTemplate\":\"https:\/\/pieceofcake.coach\/gesundheitsshop\/?s={search_term_string}\"},\"query-input\":{\"@type\":\"PropertyValueSpecification\",\"valueRequired\":true,\"valueName\":\"search_term_string\"}}],\"inLanguage\":\"de\"}]}<\/script>\n<!-- \/ Yoast SEO plugin. -->","yoast_head_json":{"title":"Bitterstern 50 ml Kr\u00e4uterbitter - piece of cake Gesundheitsshop","description":"Bitterstern \u2705traditioneller Kr\u00e4uterbitter \u2705Bitterstoffe \u2705regt Enzymbildung an \u2705gegen Hei\u00dfhunger \u2705f\u00fcr unterwegs \u2705gut f\u00fcr Darm und Immunsystem","robots":{"index":"index","follow":"follow","max-snippet":"max-snippet:-1","max-image-preview":"max-image-preview:large","max-video-preview":"max-video-preview:-1"},"canonical":"https:\/\/pieceofcake.coach\/gesundheitsshop\/produkte\/bitterstern-kraeuterbitter-50ml","og_locale":"de_DE","og_type":"article","og_title":"Bitterstern 50 ml Kr\u00e4uterbitter - piece of cake Gesundheitsshop","og_description":"Bitterstern \u2705traditioneller Kr\u00e4uterbitter \u2705Bitterstoffe \u2705regt Enzymbildung an \u2705gegen Hei\u00dfhunger \u2705f\u00fcr unterwegs \u2705gut f\u00fcr Darm und Immunsystem","og_url":"https:\/\/pieceofcake.coach\/gesundheitsshop\/produkte\/bitterstern-kraeuterbitter-50ml","og_site_name":"piece of cake Gesundheitsshop","article_modified_time":"2025-11-26T14:27:18+00:00","og_image":[{"width":1000,"height":1000,"url":"https:\/\/pieceofcake.coach\/gesundheitsshop\/wp-content\/uploads\/sites\/5\/2018\/07\/Bitterstern50-scaled-e1585582491277.jpg","type":"image\/jpeg"}],"twitter_card":"summary_large_image","twitter_misc":{"Gesch\u00e4tzte Lesezeit":"2\u00a0Minuten"},"schema":{"@context":"https:\/\/schema.org","@graph":[{"@type":"WebPage","@id":"https:\/\/pieceofcake.coach\/gesundheitsshop\/produkte\/bitterstern-kraeuterbitter-50ml","url":"https:\/\/pieceofcake.coach\/gesundheitsshop\/produkte\/bitterstern-kraeuterbitter-50ml","name":"Bitterstern 50 ml Kr\u00e4uterbitter - piece of cake Gesundheitsshop","isPartOf":{"@id":"https:\/\/pieceofcake.coach\/gesundheitsshop\/#website"},"primaryImageOfPage":{"@id":"https:\/\/pieceofcake.coach\/gesundheitsshop\/produkte\/bitterstern-kraeuterbitter-50ml#primaryimage"},"image":{"@id":"https:\/\/pieceofcake.coach\/gesundheitsshop\/produkte\/bitterstern-kraeuterbitter-50ml#primaryimage"},"thumbnailUrl":"https:\/\/pieceofcake.coach\/gesundheitsshop\/wp-content\/uploads\/sites\/5\/2018\/07\/Bitterstern50-scaled-e1585582491277.jpg","datePublished":"2018-07-04T12:00:58+00:00","dateModified":"2025-11-26T14:27:18+00:00","description":"Bitterstern \u2705traditioneller Kr\u00e4uterbitter \u2705Bitterstoffe \u2705regt Enzymbildung an \u2705gegen Hei\u00dfhunger \u2705f\u00fcr unterwegs \u2705gut f\u00fcr Darm und Immunsystem","breadcrumb":{"@id":"https:\/\/pieceofcake.coach\/gesundheitsshop\/produkte\/bitterstern-kraeuterbitter-50ml#breadcrumb"},"inLanguage":"de","potentialAction":[{"@type":"ReadAction","target":["https:\/\/pieceofcake.coach\/gesundheitsshop\/produkte\/bitterstern-kraeuterbitter-50ml"]}]},{"@type":"ImageObject","inLanguage":"de","@id":"https:\/\/pieceofcake.coach\/gesundheitsshop\/produkte\/bitterstern-kraeuterbitter-50ml#primaryimage","url":"https:\/\/pieceofcake.coach\/gesundheitsshop\/wp-content\/uploads\/sites\/5\/2018\/07\/Bitterstern50-scaled-e1585582491277.jpg","contentUrl":"https:\/\/pieceofcake.coach\/gesundheitsshop\/wp-content\/uploads\/sites\/5\/2018\/07\/Bitterstern50-scaled-e1585582491277.jpg","width":1000,"height":1000,"caption":"Bitterstern"},{"@type":"BreadcrumbList","@id":"https:\/\/pieceofcake.coach\/gesundheitsshop\/produkte\/bitterstern-kraeuterbitter-50ml#breadcrumb","itemListElement":[{"@type":"ListItem","position":1,"name":"Startseite","item":"https:\/\/pieceofcake.coach\/gesundheitsshop\/"},{"@type":"ListItem","position":2,"name":"Produkte","item":"https:\/\/pieceofcake.coach\/gesundheitsshop\/produkte"},{"@type":"ListItem","position":3,"name":"Bitterstern 50ml"}]},{"@type":"WebSite","@id":"https:\/\/pieceofcake.coach\/gesundheitsshop\/#website","url":"https:\/\/pieceofcake.coach\/gesundheitsshop\/","name":"piece of cake Gesundheitsshop","description":"","potentialAction":[{"@type":"SearchAction","target":{"@type":"EntryPoint","urlTemplate":"https:\/\/pieceofcake.coach\/gesundheitsshop\/?s={search_term_string}"},"query-input":{"@type":"PropertyValueSpecification","valueRequired":true,"valueName":"search_term_string"}}],"inLanguage":"de"}]}},"_links":{"self":[{"href":"https:\/\/pieceofcake.coach\/gesundheitsshop\/wp-json\/wp\/v2\/product\/3126","targetHints":{"allow":["GET"]}}],"collection":[{"href":"https:\/\/pieceofcake.coach\/gesundheitsshop\/wp-json\/wp\/v2\/product"}],"about":[{"href":"https:\/\/pieceofcake.coach\/gesundheitsshop\/wp-json\/wp\/v2\/types\/product"}],"replies":[{"embeddable":true,"href":"https:\/\/pieceofcake.coach\/gesundheitsshop\/wp-json\/wp\/v2\/comments?post=3126"}],"wp:featuredmedia":[{"embeddable":true,"href":"https:\/\/pieceofcake.coach\/gesundheitsshop\/wp-json\/wp\/v2\/media\/27621"}],"wp:attachment":[{"href":"https:\/\/pieceofcake.coach\/gesundheitsshop\/wp-json\/wp\/v2\/media?parent=3126"}],"wp:term":[{"taxonomy":"product_brand","embeddable":true,"href":"https:\/\/pieceofcake.coach\/gesundheitsshop\/wp-json\/wp\/v2\/product_brand?post=3126"},{"taxonomy":"product_cat","embeddable":true,"href":"https:\/\/pieceofcake.coach\/gesundheitsshop\/wp-json\/wp\/v2\/product_cat?post=3126"},{"taxonomy":"product_tag","embeddable":true,"href":"https:\/\/pieceofcake.coach\/gesundheitsshop\/wp-json\/wp\/v2\/product_tag?post=3126"}],"curies":[{"name":"wp","href":"https:\/\/api.w.org\/{rel}","templated":true}]}}