{"id":3129,"date":"2018-07-04T15:48:35","date_gmt":"2018-07-04T13:48:35","guid":{"rendered":"https:\/\/shop.pieceofcake.coach\/?post_type=product&#038;p=3129"},"modified":"2025-10-27T11:01:28","modified_gmt":"2025-10-27T10:01:28","slug":"sango-meereskoralle","status":"publish","type":"product","link":"https:\/\/pieceofcake.coach\/gesundheitsshop\/produkte\/sango-meereskoralle","title":{"rendered":"Sango Meereskoralle"},"content":{"rendered":"<div class=\"tab-menu--product js--tab-menu\">\n<div class=\"tab--container-list\">\n<div class=\"tab--container has--content is--active\">\n<div class=\"tab--content\">\n<div class=\"is-description content--description\">\n<div class=\"product--description columns\">\n<h2>Sango Koralle hat Calcium und Magnesium im richtigen Verh\u00e4ltnis &#8211; und 70 andere Mineralstoffe<\/h2>\n<p>Sango Meereskoralle aus dem Japanischen Meer enth\u00e4lt rund 70 Mineralien und Spurenelemente. Vor allem sind es die beiden am meisten gebrauchten Mineralien Calcium und Magnesium im idealen Verh\u00e4ltnis von 2:1. Die insgesamt rund 70 Mineralien in der Sangokoralle kommen in nat\u00fcrlicher Form und im Verbund miteinander vor. Deswegen sind sie besonders bioverf\u00fcgbar &#8211; also vom K\u00f6rper gut aufnehmbar.<br \/>\nUnd das ist der &#8218;Trick&#8216; bei Mineralien. Denn sie lassen sich nur in geringen Mengen, im Verbund und in nat\u00fcrlicher Form gut vom K\u00f6rper aufnehmen. Sango Meereskoralle versorgt Dich sehr gut mit zahlreichen Mineralien. Es tr\u00e4gt auf diese Weise zu vielen Stoffwechselprozessen und einem basischeren Milieu im K\u00f6rper bei, zur Hormonbildung, Entz\u00fcndungshemmung, Regeneration nach dem Sport. Einige Mineralien wie z.B. Zink und Selen sind zudem sehr gute Antioxidantien und wichtig f\u00fcr das Immunsystem und die Fruchtbarkeit.<\/p>\n<h3>Nat\u00fcrlich ist besser als synthetisch isoliert<\/h3>\n<p>Synthetisch hergestellte, isolierte Mineralpr\u00e4parate sind teurer und weniger effektiv, haben daf\u00fcr oft aber eine sch\u00f6nere Verpackung als dieses Produkt. Ihr Haupteffekt ist nicht die Mineralisierung Deines K\u00f6rpers und eine positive Beeinflu\u00dfung Deines S\u00e4ure-Basen-Haushaltes, sondern teurer Urin. Meiner Meinung nach. Denn diese synthetisch isolierten Mineralien resorbiert der K\u00f6rper nicht gut. Er scheidet sie einfach wieder aus.<br \/>\nDu merkst vermutlich schon, welches Produkt\u00a0 ich pers\u00f6nlich bevorzuge<strong>.<\/strong> Sango Meereskoralle ist das einzige Mineralprodukt, das ich in meinem Gesundheitsshop anbiete. Ausnahme sind Produkte f\u00fcr Patientin <a href=\"https:\/\/pieceofcake.coach\/gesundheitsshop\/gesundheit-foerdern\/nahrungsergaenzungsmittel-im-coimbra-protokoll\">im Coimbra Protokoll<\/a>, die strikt auf eine calciumarme Ern\u00e4hrung achten m\u00fcssen. Ansonsten empfehle ich, dass Du viel Gem\u00fcse ist, denn da bekommst Du neben nat\u00fcrlichen Mineralien im Verbund noch jede Menge anderer brauchbarer N\u00e4hrstoffe. <a href=\"https:\/\/pieceofcake.coach\/iss-dein-gemuese\" target=\"_blank\" rel=\"noopener noreferrer\">Fast alle n\u00e4mlich.<\/a><\/p>\n<h2>Calcium und Magnesium erg\u00e4nzen sich, wenn das Verh\u00e4ltnis stimmt<\/h2>\n<p>Calcium und Magnesium sind in ihren Funktionen im K\u00f6rper eng miteinander verbunden. Du brauchst das eine um das andere zu resorbieren. Calcium macht Knochen stark, Magnesium hilft, sie flexibel zu machen. Magnesium ist zudem durchblutungsf\u00f6rdernd, entz\u00fcndungshemmend und muskelentspannend. Dar\u00fcber hinaus ist eine wichtige Aufgabe des Calciums, \u00fcbersch\u00fcssige S\u00e4uren im K\u00f6rper abzupuffern &#8211; unterst\u00fctzt von Magnesium.<\/p>\n<h2>Sango Meereskoralle kommt aus Okinawa und wirkt dort schon lange<\/h2>\n<p>Die Sango Meereskoralle kommt urspr\u00fcnglich von der japanischen Insel Okinawa. Die dortigen Bewohner haben eine deutlich erh\u00f6hte Lebenserwartung, was mit der Sango Meereskoralle in Verbindung gebracht wrid. Denn viele Menschen auf der Insel werden \u00fcber 100 Jahre alt. Die Einwohner Okinawas nehmen die Bestandteile der dortigen Sango Meereskoralle \u00fcber ihr Trinkwasser auf.<br \/>\nDie Hersteller und Lieferanten Sangokorallenprodukte versichern, dass bei der Ernte des Grundstoffs keine intakten Riffe abgebaut, sondern nur Korallen verwendet werden, die bereits auf den Meeresgrund abgesunken sind. Au\u00dferdem werden alle Chargen im Japan und Deutschland auf Radioaktivit\u00e4t gepr\u00fcft und gelangen nur in den Verkauf, wenn sie unbedenklich sind.<\/p>\n<h3>Welche Menge?<\/h3>\n<p>Ich empfehle eine geringere Dosis als auf der Verpackung angegeben. Einen Teel\u00f6ffel (kein Metalll\u00f6ffel) t\u00e4glich in 1 Liter stilles Wasser aufl\u00f6sen und \u00fcber den Tag verteilt trinken. In dieser Weise h\u00e4lt die 250g Dose mehrere Monate.<br \/>\nSango Meereskoralle ist ein sinnvoller Bestandteil von Basenkuren.<\/p>\n<p>&nbsp;<\/p>\n<\/div>\n<\/div>\n<\/div>\n<\/div>\n<\/div>\n<\/div>\n<section class=\"vc_cta3_content-container\">\n<div class=\"vc_general vc_cta3 vc_cta3-style-classic vc_cta3-shape-rounded vc_cta3-align-left vc_cta3-color-classic vc_cta3-icon-size-md vc_cta3-actions-bottom\">\n<div class=\"vc_cta3_content-container\">\n<div class=\"vc_cta3-content\">\n<blockquote>\n<h4>Meine Philosophie:<br \/>\nErstklassige Produkte, pers\u00f6nliche Beratung, entspanntes Einkaufen, durch den Versand entstehen Rohstoffe<\/h4>\n<p>Sango Meereskoralle beziehe ich von <em>myfairtrade,<\/em> einem meiner handverlesenen Hersteller und Lieferanten. Mit meinen Gesch\u00e4ftspartnern halte ich einen oft \u00fcber Jahre gewachsenen pers\u00f6nlichen Kontakt. Und ich mache nur Gesch\u00e4fte mit Menschen, die wie ich gerne ihr Bestes geben. ei mir bekommst Du nur hochwertige Produkte, die ich selbst getestet habe und aus fachlicher Sicht f\u00fcr sinnvoll halte. Ich berate Dich gerne telefonisch. Du kannst dabei oder danach entspannt online einkaufen. Ich rufe Dich auch gerne zur\u00fcck.<br \/>\nVom Ern\u00e4hrungsberater mit Liebe recherchierte und individuell empfohlene Produkte f\u00fcr Deinen gesunden Lebensstil. Durch den Versand Deiner Bestellung <a href=\"https:\/\/shop.pieceofcake.coach\/meine-philosophie\">entstehen mehr Rohstoffe<\/a> als verbraucht werden. Gibt es so sonst nirgends.<\/p>\n<h4>Qualit\u00e4t unterst\u00fctzen oder &#8218;billiger, billiger&#8216;<\/h4>\n<p>Nat\u00fcrlich bekommst Du meine Produkte auch anderswo und m\u00f6glicherweise hier und da sogar etwas g\u00fcnstiger. Falls Du nicht auf jeden Cent achten musst, freue ich mich, wenn Du meinen Service wertsch\u00e4tzt und mein Kunde bleibst. Damit unterst\u00fctzt Du, dass mein erstklassiges Sortiment immer weiter w\u00e4chst. <a href=\"https:\/\/shop.pieceofcake.coach\/meine-philosophie\">Stammkunden<\/a> bekommen bei mir zudem Rabatte, <a href=\"https:\/\/pieceofcake.coach\/kontakt\">sprich mich gerne darauf an.<\/a><\/p><\/blockquote>\n<\/div>\n<\/div>\n<\/div>\n<\/section>\n","protected":false},"excerpt":{"rendered":"<p><strong>Sango Meereskoralle<\/strong> ist ein <strong>hochwertiges<\/strong> und <strong>g\u00fcnstiges Naturprodukt<\/strong> und versorgt Dich mit <strong>bioverf\u00fcgbarem Calcium, Magnesium<\/strong> und etwa <strong>70 weiteren Mineralien und Spurenelementen<\/strong>. Es ist ideal f\u00fcr die <strong>t\u00e4gliche Zufuhr<\/strong> von wertvollen <strong>Mineralstoffen,<\/strong> zur <strong>Unterst\u00fctzung von Basenkuren<\/strong>, zur <strong>Regeneration<\/strong> nach dem Sport und des <strong>Immunsystems,<\/strong> zur St\u00e4rkung der <strong>Fruchtbarkeit,<\/strong> zur <strong>Hormonbildung, Entz\u00fcndungshemmung.<\/strong> Undundund.<br \/>\nDie besten Mineralstofflieferanten findest Du aber nach wie vor in der Gem\u00fcseabteilung Deines Biomarktes.<\/p>\n<p>Inhalt: 250g Pulver<\/p>\n","protected":false},"featured_media":28263,"comment_status":"closed","ping_status":"closed","template":"","meta":[],"product_brand":[],"product_cat":[390,377,360,358,363,356,354,355,352,359],"product_tag":[],"class_list":{"0":"post-3129","1":"product","2":"type-product","3":"status-publish","4":"has-post-thumbnail","6":"product_cat-stress-infekt","7":"product_cat-fuer-dein-liebesleben","8":"product_cat-entsaeuerung","9":"product_cat-fuer-sportler","10":"product_cat-unterwegs-gesund","11":"product_cat-immunsystem-staerken","12":"product_cat-entzuendungshemmend","13":"product_cat-nahrungsergaenzungsmittel-fuer-frauen","14":"product_cat-vitamine-und-mineralstoffe","15":"product_cat-antioxidantien","16":"description-off","18":"first","19":"onbackorder","20":"taxable","21":"shipping-taxable","22":"purchasable","23":"product-type-simple"},"yoast_head":"<!-- This site is optimized with the Yoast SEO plugin v26.4 - https:\/\/yoast.com\/wordpress\/plugins\/seo\/ -->\n<title>Sango Meereskoralle | piece of cake Gesundheitsshop \ud83c\udf70<\/title>\n<meta name=\"description\" content=\"Sango Meereskoralle \u2705bioverf\u00fcgbares Calcium + Magnesium \u2705rund 70 weitere Mineralien \u2705zur Unterst\u00fctzung von Basenkuren, entz\u00fcndungshemmend\" \/>\n<meta name=\"robots\" content=\"index, follow, max-snippet:-1, max-image-preview:large, max-video-preview:-1\" \/>\n<link rel=\"canonical\" href=\"https:\/\/pieceofcake.coach\/gesundheitsshop\/produkte\/sango-meereskoralle\" \/>\n<meta property=\"og:locale\" content=\"de_DE\" \/>\n<meta property=\"og:type\" content=\"article\" \/>\n<meta property=\"og:title\" content=\"Sango Meereskoralle | piece of cake Gesundheitsshop \ud83c\udf70\" \/>\n<meta property=\"og:description\" content=\"Sango Meereskoralle \u2705bioverf\u00fcgbares Calcium + Magnesium \u2705rund 70 weitere Mineralien \u2705zur Unterst\u00fctzung von Basenkuren, entz\u00fcndungshemmend\" \/>\n<meta property=\"og:url\" content=\"https:\/\/pieceofcake.coach\/gesundheitsshop\/produkte\/sango-meereskoralle\" \/>\n<meta property=\"og:site_name\" content=\"piece of cake Gesundheitsshop\" \/>\n<meta property=\"article:modified_time\" content=\"2025-10-27T10:01:28+00:00\" \/>\n<meta property=\"og:image\" content=\"https:\/\/pieceofcake.coach\/gesundheitsshop\/wp-content\/uploads\/sites\/5\/2018\/07\/Sango-Meereskoralle-scaled.jpg\" \/>\n\t<meta property=\"og:image:width\" content=\"2560\" \/>\n\t<meta property=\"og:image:height\" content=\"2560\" \/>\n\t<meta property=\"og:image:type\" content=\"image\/jpeg\" \/>\n<meta name=\"twitter:card\" content=\"summary_large_image\" \/>\n<meta name=\"twitter:label1\" content=\"Gesch\u00e4tzte Lesezeit\" \/>\n\t<meta name=\"twitter:data1\" content=\"3\u00a0Minuten\" \/>\n<script type=\"application\/ld+json\" class=\"yoast-schema-graph\">{\"@context\":\"https:\/\/schema.org\",\"@graph\":[{\"@type\":\"WebPage\",\"@id\":\"https:\/\/pieceofcake.coach\/gesundheitsshop\/produkte\/sango-meereskoralle\",\"url\":\"https:\/\/pieceofcake.coach\/gesundheitsshop\/produkte\/sango-meereskoralle\",\"name\":\"Sango Meereskoralle | piece of cake Gesundheitsshop \ud83c\udf70\",\"isPartOf\":{\"@id\":\"https:\/\/pieceofcake.coach\/gesundheitsshop\/#website\"},\"primaryImageOfPage\":{\"@id\":\"https:\/\/pieceofcake.coach\/gesundheitsshop\/produkte\/sango-meereskoralle#primaryimage\"},\"image\":{\"@id\":\"https:\/\/pieceofcake.coach\/gesundheitsshop\/produkte\/sango-meereskoralle#primaryimage\"},\"thumbnailUrl\":\"https:\/\/pieceofcake.coach\/gesundheitsshop\/wp-content\/uploads\/sites\/5\/2018\/07\/Sango-Meereskoralle-scaled.jpg\",\"datePublished\":\"2018-07-04T13:48:35+00:00\",\"dateModified\":\"2025-10-27T10:01:28+00:00\",\"description\":\"Sango Meereskoralle \u2705bioverf\u00fcgbares Calcium + Magnesium \u2705rund 70 weitere Mineralien \u2705zur Unterst\u00fctzung von Basenkuren, entz\u00fcndungshemmend\",\"breadcrumb\":{\"@id\":\"https:\/\/pieceofcake.coach\/gesundheitsshop\/produkte\/sango-meereskoralle#breadcrumb\"},\"inLanguage\":\"de\",\"potentialAction\":[{\"@type\":\"ReadAction\",\"target\":[\"https:\/\/pieceofcake.coach\/gesundheitsshop\/produkte\/sango-meereskoralle\"]}]},{\"@type\":\"ImageObject\",\"inLanguage\":\"de\",\"@id\":\"https:\/\/pieceofcake.coach\/gesundheitsshop\/produkte\/sango-meereskoralle#primaryimage\",\"url\":\"https:\/\/pieceofcake.coach\/gesundheitsshop\/wp-content\/uploads\/sites\/5\/2018\/07\/Sango-Meereskoralle-scaled.jpg\",\"contentUrl\":\"https:\/\/pieceofcake.coach\/gesundheitsshop\/wp-content\/uploads\/sites\/5\/2018\/07\/Sango-Meereskoralle-scaled.jpg\",\"width\":2560,\"height\":2560,\"caption\":\"Sango Meereskoralle\"},{\"@type\":\"BreadcrumbList\",\"@id\":\"https:\/\/pieceofcake.coach\/gesundheitsshop\/produkte\/sango-meereskoralle#breadcrumb\",\"itemListElement\":[{\"@type\":\"ListItem\",\"position\":1,\"name\":\"Startseite\",\"item\":\"https:\/\/pieceofcake.coach\/gesundheitsshop\/\"},{\"@type\":\"ListItem\",\"position\":2,\"name\":\"Produkte\",\"item\":\"https:\/\/pieceofcake.coach\/gesundheitsshop\/produkte\"},{\"@type\":\"ListItem\",\"position\":3,\"name\":\"Sango Meereskoralle\"}]},{\"@type\":\"WebSite\",\"@id\":\"https:\/\/pieceofcake.coach\/gesundheitsshop\/#website\",\"url\":\"https:\/\/pieceofcake.coach\/gesundheitsshop\/\",\"name\":\"piece of cake Gesundheitsshop\",\"description\":\"\",\"potentialAction\":[{\"@type\":\"SearchAction\",\"target\":{\"@type\":\"EntryPoint\",\"urlTemplate\":\"https:\/\/pieceofcake.coach\/gesundheitsshop\/?s={search_term_string}\"},\"query-input\":{\"@type\":\"PropertyValueSpecification\",\"valueRequired\":true,\"valueName\":\"search_term_string\"}}],\"inLanguage\":\"de\"}]}<\/script>\n<!-- \/ Yoast SEO plugin. -->","yoast_head_json":{"title":"Sango Meereskoralle | piece of cake Gesundheitsshop \ud83c\udf70","description":"Sango Meereskoralle \u2705bioverf\u00fcgbares Calcium + Magnesium \u2705rund 70 weitere Mineralien \u2705zur Unterst\u00fctzung von Basenkuren, entz\u00fcndungshemmend","robots":{"index":"index","follow":"follow","max-snippet":"max-snippet:-1","max-image-preview":"max-image-preview:large","max-video-preview":"max-video-preview:-1"},"canonical":"https:\/\/pieceofcake.coach\/gesundheitsshop\/produkte\/sango-meereskoralle","og_locale":"de_DE","og_type":"article","og_title":"Sango Meereskoralle | piece of cake Gesundheitsshop \ud83c\udf70","og_description":"Sango Meereskoralle \u2705bioverf\u00fcgbares Calcium + Magnesium \u2705rund 70 weitere Mineralien \u2705zur Unterst\u00fctzung von Basenkuren, entz\u00fcndungshemmend","og_url":"https:\/\/pieceofcake.coach\/gesundheitsshop\/produkte\/sango-meereskoralle","og_site_name":"piece of cake Gesundheitsshop","article_modified_time":"2025-10-27T10:01:28+00:00","og_image":[{"width":2560,"height":2560,"url":"https:\/\/pieceofcake.coach\/gesundheitsshop\/wp-content\/uploads\/sites\/5\/2018\/07\/Sango-Meereskoralle-scaled.jpg","type":"image\/jpeg"}],"twitter_card":"summary_large_image","twitter_misc":{"Gesch\u00e4tzte Lesezeit":"3\u00a0Minuten"},"schema":{"@context":"https:\/\/schema.org","@graph":[{"@type":"WebPage","@id":"https:\/\/pieceofcake.coach\/gesundheitsshop\/produkte\/sango-meereskoralle","url":"https:\/\/pieceofcake.coach\/gesundheitsshop\/produkte\/sango-meereskoralle","name":"Sango Meereskoralle | piece of cake Gesundheitsshop \ud83c\udf70","isPartOf":{"@id":"https:\/\/pieceofcake.coach\/gesundheitsshop\/#website"},"primaryImageOfPage":{"@id":"https:\/\/pieceofcake.coach\/gesundheitsshop\/produkte\/sango-meereskoralle#primaryimage"},"image":{"@id":"https:\/\/pieceofcake.coach\/gesundheitsshop\/produkte\/sango-meereskoralle#primaryimage"},"thumbnailUrl":"https:\/\/pieceofcake.coach\/gesundheitsshop\/wp-content\/uploads\/sites\/5\/2018\/07\/Sango-Meereskoralle-scaled.jpg","datePublished":"2018-07-04T13:48:35+00:00","dateModified":"2025-10-27T10:01:28+00:00","description":"Sango Meereskoralle \u2705bioverf\u00fcgbares Calcium + Magnesium \u2705rund 70 weitere Mineralien \u2705zur Unterst\u00fctzung von Basenkuren, entz\u00fcndungshemmend","breadcrumb":{"@id":"https:\/\/pieceofcake.coach\/gesundheitsshop\/produkte\/sango-meereskoralle#breadcrumb"},"inLanguage":"de","potentialAction":[{"@type":"ReadAction","target":["https:\/\/pieceofcake.coach\/gesundheitsshop\/produkte\/sango-meereskoralle"]}]},{"@type":"ImageObject","inLanguage":"de","@id":"https:\/\/pieceofcake.coach\/gesundheitsshop\/produkte\/sango-meereskoralle#primaryimage","url":"https:\/\/pieceofcake.coach\/gesundheitsshop\/wp-content\/uploads\/sites\/5\/2018\/07\/Sango-Meereskoralle-scaled.jpg","contentUrl":"https:\/\/pieceofcake.coach\/gesundheitsshop\/wp-content\/uploads\/sites\/5\/2018\/07\/Sango-Meereskoralle-scaled.jpg","width":2560,"height":2560,"caption":"Sango Meereskoralle"},{"@type":"BreadcrumbList","@id":"https:\/\/pieceofcake.coach\/gesundheitsshop\/produkte\/sango-meereskoralle#breadcrumb","itemListElement":[{"@type":"ListItem","position":1,"name":"Startseite","item":"https:\/\/pieceofcake.coach\/gesundheitsshop\/"},{"@type":"ListItem","position":2,"name":"Produkte","item":"https:\/\/pieceofcake.coach\/gesundheitsshop\/produkte"},{"@type":"ListItem","position":3,"name":"Sango Meereskoralle"}]},{"@type":"WebSite","@id":"https:\/\/pieceofcake.coach\/gesundheitsshop\/#website","url":"https:\/\/pieceofcake.coach\/gesundheitsshop\/","name":"piece of cake Gesundheitsshop","description":"","potentialAction":[{"@type":"SearchAction","target":{"@type":"EntryPoint","urlTemplate":"https:\/\/pieceofcake.coach\/gesundheitsshop\/?s={search_term_string}"},"query-input":{"@type":"PropertyValueSpecification","valueRequired":true,"valueName":"search_term_string"}}],"inLanguage":"de"}]}},"_links":{"self":[{"href":"https:\/\/pieceofcake.coach\/gesundheitsshop\/wp-json\/wp\/v2\/product\/3129","targetHints":{"allow":["GET"]}}],"collection":[{"href":"https:\/\/pieceofcake.coach\/gesundheitsshop\/wp-json\/wp\/v2\/product"}],"about":[{"href":"https:\/\/pieceofcake.coach\/gesundheitsshop\/wp-json\/wp\/v2\/types\/product"}],"replies":[{"embeddable":true,"href":"https:\/\/pieceofcake.coach\/gesundheitsshop\/wp-json\/wp\/v2\/comments?post=3129"}],"wp:featuredmedia":[{"embeddable":true,"href":"https:\/\/pieceofcake.coach\/gesundheitsshop\/wp-json\/wp\/v2\/media\/28263"}],"wp:attachment":[{"href":"https:\/\/pieceofcake.coach\/gesundheitsshop\/wp-json\/wp\/v2\/media?parent=3129"}],"wp:term":[{"taxonomy":"product_brand","embeddable":true,"href":"https:\/\/pieceofcake.coach\/gesundheitsshop\/wp-json\/wp\/v2\/product_brand?post=3129"},{"taxonomy":"product_cat","embeddable":true,"href":"https:\/\/pieceofcake.coach\/gesundheitsshop\/wp-json\/wp\/v2\/product_cat?post=3129"},{"taxonomy":"product_tag","embeddable":true,"href":"https:\/\/pieceofcake.coach\/gesundheitsshop\/wp-json\/wp\/v2\/product_tag?post=3129"}],"curies":[{"name":"wp","href":"https:\/\/api.w.org\/{rel}","templated":true}]}}