{"id":31788,"date":"2024-09-13T13:16:16","date_gmt":"2024-09-13T11:16:16","guid":{"rendered":"https:\/\/pieceofcake.coach\/gesundheitsshop\/?post_type=product&#038;p=31788"},"modified":"2024-09-13T14:14:58","modified_gmt":"2024-09-13T12:14:58","slug":"libido-mann","status":"publish","type":"product","link":"https:\/\/pieceofcake.coach\/gesundheitsshop\/produkte\/libido-mann","title":{"rendered":"Libido Mann"},"content":{"rendered":"<div class=\"wpb-content-wrapper\"><p>[vc_row][vc_column][vc_column_text css=&#8220;&#8220;]<\/p>\n<h2>Diese Inhaltsstoffe von Libido Mann k\u00f6nnen Dir wie folgt auf die Spr\u00fcnge helfen<\/h2>\n<p>Die<strong> Macawurzel<\/strong> kann zur Steigerung der Libido beitragen. Auch bei Frauen.<\/p>\n<p><strong>Roter Ginseng <\/strong>tr\u00e4gt zur Produktion von Testosteron bei.<\/p>\n<p><strong>Zink <\/strong>aktiviert Testosteron und ist der wichtigste Mineralstoff im Testosteronstoffwechsel. Zusammen mit <strong>Selen <\/strong>ist Zink ebenfalls entscheidend f\u00fcr ein gut funktionierendes Immunsystem.<\/p>\n<p><strong>Tribulus <\/strong>ist ein insbesondere in der Ayurvedischen Tradition bekanntes Aphrodisiakum f\u00fcr Ma\u00e4nner und kann zur Steigerung des Testosteronspiegels beitragen. Hier in Libido Mann liegt er in einem 8:1 Extrakt vor.<\/p>\n<p><strong>Arginin <\/strong>ist eine Aminos\u00e4ure, die f\u00fcr die Bildung von Testosteron und auch zur Bildung von Muskeln entscheidend ist.<\/p>\n<p>Die enthaltenen bioaktiven <strong>Vitamine B6, B9 und B12<\/strong> tragen zu einem gesunden Energiestoffwechsel und zur Zellbildung.<\/p>\n<p>&nbsp;<\/p>\n<section class=\"vc_cta3_content-container\">\n<div class=\"vc_general vc_cta3 vc_cta3-style-classic vc_cta3-shape-rounded vc_cta3-align-left vc_cta3-color-classic vc_cta3-icon-size-md vc_cta3-actions-bottom\">\n<div class=\"vc_cta3_content-container\">\n<div class=\"vc_cta3-content\">\n<blockquote>\n<h4>Meine Philosophie:<br \/>\nErstklassige Produkte, pers\u00f6nliche Beratung, entspanntes Einkaufen, durch den Versand entstehen Rohstoffe<\/h4>\n<p>Libido Mann beziehe ich direkt von <a href=\"https:\/\/natugena.de\/Startseite.aspx?r=109602\" target=\"_blank\" rel=\"noopener\"><em>NatuGena<\/em><\/a>, einem meiner handverlesenen Hersteller und Lieferanten. Mit meinen Gesch\u00e4ftspartnern halte ich einen oft \u00fcber Jahre gewachsenen pers\u00f6nlichen Kontakt. Und ich mache nur Gesch\u00e4fte mit Menschen, die wie ich gerne ihr Bestes geben. Bei mir bekommst Du nur hochwertige Produkte, die ich selbst getestet habe und aus fachlicher Sicht f\u00fcr sinnvoll halte. Ich berate Dich gerne telefonisch. Du kannst dabei oder danach entspannt online einkaufen. Ich rufe Dich auch gerne zur\u00fcck.<br \/>\nVom Ern\u00e4hrungsberater mit Liebe recherchierte und individuell empfohlene Produkte f\u00fcr Deinen gesunden Lebensstil. Durch den Versand Deiner Bestellung <a href=\"https:\/\/shop.pieceofcake.coach\/meine-philosophie\">entstehen mehr Rohstoffe<\/a> als verbraucht werden. Gibt es so sonst nirgends.<\/p>\n<h4>Qualit\u00e4t unterst\u00fctzen oder &#8218;billiger, billiger&#8216;<\/h4>\n<p>Nat\u00fcrlich bekommst Du meine Produkte auch anderswo und m\u00f6glicherweise hier und da sogar etwas g\u00fcnstiger. Falls Du nicht auf jeden Cent achten musst, freue ich mich, wenn Du meinen Service wertsch\u00e4tzt und mein Kunde bleibst. Damit unterst\u00fctzt Du, dass mein erstklassiges Sortiment immer weiter w\u00e4chst. <a href=\"https:\/\/shop.pieceofcake.coach\/meine-philosophie\">Stammkunden<\/a> bekommen bei mir zudem Rabatte, <a href=\"https:\/\/pieceofcake.coach\/kontakt\">sprich mich gerne darauf an.<\/a><\/p><\/blockquote>\n<\/div>\n<\/div>\n<\/div>\n<\/section>\n<p>\u00a0[\/vc_column_text][\/vc_column][\/vc_row]<\/p>\n<\/div>","protected":false},"excerpt":{"rendered":"<p>Nat\u00fcrlich reden wir M\u00e4nner nicht dar\u00fcber. Oder wir fragen nur f\u00fcr einen Freund. Aber es ist nicht komplett au\u00dfergew\u00f6hnlich, dass wir irgendwann um 45 oder 50 nicht mehr genau so &#8218;gut drauf&#8216; sind wie noch mit Anfang 30. Oder wie Madonna sagte: &#8218;Young men don&#8217;t know what they are doing, but they do it all night long.&#8216; W\u00e4re doch sch\u00f6n, wenn wir mit der Erfahrung auch die Leistungsf\u00e4higkeit und Lust erhalten w\u00fcrden, oder?<\/p>\n<p>Nun, Libido Mann enth\u00e4lt einige wichtige Inhaltsstoffe, die uns dabei unterst\u00fctzen, unsere <strong>Testosteronproduktion<\/strong> auf Trab zu halten. Dieses wichtigste m\u00e4nnliche Sexualhormon ist nicht nur gut f\u00fcr mehr und l\u00e4ngere Freude im Bett, sondern ganz entscheidend auch f\u00fcr unsere Laune, Muskelkraft, Fettverbrennung und Selbstvertrauen. All das spielt ja m\u00f6glicherweise auch eine Rolle dabei, wie sexy man sich so f\u00fchlt. Falls Du f\u00fcr einen Freund gefagt haben solltest.<\/p>\n<p>Inhalt: 180 Kapseln f\u00fcr 30 Tage<\/p>\n","protected":false},"featured_media":31769,"comment_status":"closed","ping_status":"closed","template":"","meta":[],"product_brand":[],"product_cat":[377,358,352],"product_tag":[],"class_list":{"0":"post-31788","1":"product","2":"type-product","3":"status-publish","4":"has-post-thumbnail","6":"product_cat-fuer-dein-liebesleben","7":"product_cat-fuer-sportler","8":"product_cat-vitamine-und-mineralstoffe","9":"description-off","11":"first","12":"onbackorder","13":"taxable","14":"shipping-taxable","15":"purchasable","16":"product-type-simple"},"yoast_head":"<!-- This site is optimized with the Yoast SEO plugin v26.4 - https:\/\/yoast.com\/wordpress\/plugins\/seo\/ -->\n<title>Libido Mann - piece of cake Gesundheitsshop \ud83c\udf70<\/title>\n<meta name=\"description\" content=\"Libido Mann von NatuGena \u2705Maca Pulver \u2705roter Ginseng \u2705Zink, Selen \u2705B Vitamine \u2705verbessert die Spermienqualit\u00e4t \u2705tr\u00e4gt zur Bildung von Testosteron bei\" \/>\n<meta name=\"robots\" content=\"index, follow, max-snippet:-1, max-image-preview:large, max-video-preview:-1\" \/>\n<link rel=\"canonical\" href=\"https:\/\/pieceofcake.coach\/gesundheitsshop\/produkte\/libido-mann\" \/>\n<meta property=\"og:locale\" content=\"de_DE\" \/>\n<meta property=\"og:type\" content=\"article\" \/>\n<meta property=\"og:title\" content=\"Libido Mann - piece of cake Gesundheitsshop \ud83c\udf70\" \/>\n<meta property=\"og:description\" content=\"Libido Mann von NatuGena \u2705Maca Pulver \u2705roter Ginseng \u2705Zink, Selen \u2705B Vitamine \u2705verbessert die Spermienqualit\u00e4t \u2705tr\u00e4gt zur Bildung von Testosteron bei\" \/>\n<meta property=\"og:url\" content=\"https:\/\/pieceofcake.coach\/gesundheitsshop\/produkte\/libido-mann\" \/>\n<meta property=\"og:site_name\" content=\"piece of cake Gesundheitsshop\" \/>\n<meta property=\"article:modified_time\" content=\"2024-09-13T12:14:58+00:00\" \/>\n<meta property=\"og:image\" content=\"https:\/\/pieceofcake.coach\/gesundheitsshop\/wp-content\/uploads\/sites\/5\/2024\/09\/IMG_1599.jpg\" \/>\n\t<meta property=\"og:image:width\" content=\"1512\" \/>\n\t<meta property=\"og:image:height\" content=\"1512\" \/>\n\t<meta property=\"og:image:type\" content=\"image\/jpeg\" \/>\n<meta name=\"twitter:card\" content=\"summary_large_image\" \/>\n<meta name=\"twitter:label1\" content=\"Gesch\u00e4tzte Lesezeit\" \/>\n\t<meta name=\"twitter:data1\" content=\"1\u00a0Minute\" \/>\n<script type=\"application\/ld+json\" class=\"yoast-schema-graph\">{\"@context\":\"https:\/\/schema.org\",\"@graph\":[{\"@type\":\"WebPage\",\"@id\":\"https:\/\/pieceofcake.coach\/gesundheitsshop\/produkte\/libido-mann\",\"url\":\"https:\/\/pieceofcake.coach\/gesundheitsshop\/produkte\/libido-mann\",\"name\":\"Libido Mann - piece of cake Gesundheitsshop \ud83c\udf70\",\"isPartOf\":{\"@id\":\"https:\/\/pieceofcake.coach\/gesundheitsshop\/#website\"},\"primaryImageOfPage\":{\"@id\":\"https:\/\/pieceofcake.coach\/gesundheitsshop\/produkte\/libido-mann#primaryimage\"},\"image\":{\"@id\":\"https:\/\/pieceofcake.coach\/gesundheitsshop\/produkte\/libido-mann#primaryimage\"},\"thumbnailUrl\":\"https:\/\/pieceofcake.coach\/gesundheitsshop\/wp-content\/uploads\/sites\/5\/2024\/09\/IMG_1599.jpg\",\"datePublished\":\"2024-09-13T11:16:16+00:00\",\"dateModified\":\"2024-09-13T12:14:58+00:00\",\"description\":\"Libido Mann von NatuGena \u2705Maca Pulver \u2705roter Ginseng \u2705Zink, Selen \u2705B Vitamine \u2705verbessert die Spermienqualit\u00e4t \u2705tr\u00e4gt zur Bildung von Testosteron bei\",\"breadcrumb\":{\"@id\":\"https:\/\/pieceofcake.coach\/gesundheitsshop\/produkte\/libido-mann#breadcrumb\"},\"inLanguage\":\"de\",\"potentialAction\":[{\"@type\":\"ReadAction\",\"target\":[\"https:\/\/pieceofcake.coach\/gesundheitsshop\/produkte\/libido-mann\"]}]},{\"@type\":\"ImageObject\",\"inLanguage\":\"de\",\"@id\":\"https:\/\/pieceofcake.coach\/gesundheitsshop\/produkte\/libido-mann#primaryimage\",\"url\":\"https:\/\/pieceofcake.coach\/gesundheitsshop\/wp-content\/uploads\/sites\/5\/2024\/09\/IMG_1599.jpg\",\"contentUrl\":\"https:\/\/pieceofcake.coach\/gesundheitsshop\/wp-content\/uploads\/sites\/5\/2024\/09\/IMG_1599.jpg\",\"width\":1512,\"height\":1512,\"caption\":\"Libido Mann\"},{\"@type\":\"BreadcrumbList\",\"@id\":\"https:\/\/pieceofcake.coach\/gesundheitsshop\/produkte\/libido-mann#breadcrumb\",\"itemListElement\":[{\"@type\":\"ListItem\",\"position\":1,\"name\":\"Startseite\",\"item\":\"https:\/\/pieceofcake.coach\/gesundheitsshop\/\"},{\"@type\":\"ListItem\",\"position\":2,\"name\":\"Produkte\",\"item\":\"https:\/\/pieceofcake.coach\/gesundheitsshop\/produkte\"},{\"@type\":\"ListItem\",\"position\":3,\"name\":\"Libido Mann\"}]},{\"@type\":\"WebSite\",\"@id\":\"https:\/\/pieceofcake.coach\/gesundheitsshop\/#website\",\"url\":\"https:\/\/pieceofcake.coach\/gesundheitsshop\/\",\"name\":\"piece of cake Gesundheitsshop\",\"description\":\"\",\"potentialAction\":[{\"@type\":\"SearchAction\",\"target\":{\"@type\":\"EntryPoint\",\"urlTemplate\":\"https:\/\/pieceofcake.coach\/gesundheitsshop\/?s={search_term_string}\"},\"query-input\":{\"@type\":\"PropertyValueSpecification\",\"valueRequired\":true,\"valueName\":\"search_term_string\"}}],\"inLanguage\":\"de\"}]}<\/script>\n<!-- \/ Yoast SEO plugin. -->","yoast_head_json":{"title":"Libido Mann - piece of cake Gesundheitsshop \ud83c\udf70","description":"Libido Mann von NatuGena \u2705Maca Pulver \u2705roter Ginseng \u2705Zink, Selen \u2705B Vitamine \u2705verbessert die Spermienqualit\u00e4t \u2705tr\u00e4gt zur Bildung von Testosteron bei","robots":{"index":"index","follow":"follow","max-snippet":"max-snippet:-1","max-image-preview":"max-image-preview:large","max-video-preview":"max-video-preview:-1"},"canonical":"https:\/\/pieceofcake.coach\/gesundheitsshop\/produkte\/libido-mann","og_locale":"de_DE","og_type":"article","og_title":"Libido Mann - piece of cake Gesundheitsshop \ud83c\udf70","og_description":"Libido Mann von NatuGena \u2705Maca Pulver \u2705roter Ginseng \u2705Zink, Selen \u2705B Vitamine \u2705verbessert die Spermienqualit\u00e4t \u2705tr\u00e4gt zur Bildung von Testosteron bei","og_url":"https:\/\/pieceofcake.coach\/gesundheitsshop\/produkte\/libido-mann","og_site_name":"piece of cake Gesundheitsshop","article_modified_time":"2024-09-13T12:14:58+00:00","og_image":[{"width":1512,"height":1512,"url":"https:\/\/pieceofcake.coach\/gesundheitsshop\/wp-content\/uploads\/sites\/5\/2024\/09\/IMG_1599.jpg","type":"image\/jpeg"}],"twitter_card":"summary_large_image","twitter_misc":{"Gesch\u00e4tzte Lesezeit":"1\u00a0Minute"},"schema":{"@context":"https:\/\/schema.org","@graph":[{"@type":"WebPage","@id":"https:\/\/pieceofcake.coach\/gesundheitsshop\/produkte\/libido-mann","url":"https:\/\/pieceofcake.coach\/gesundheitsshop\/produkte\/libido-mann","name":"Libido Mann - piece of cake Gesundheitsshop \ud83c\udf70","isPartOf":{"@id":"https:\/\/pieceofcake.coach\/gesundheitsshop\/#website"},"primaryImageOfPage":{"@id":"https:\/\/pieceofcake.coach\/gesundheitsshop\/produkte\/libido-mann#primaryimage"},"image":{"@id":"https:\/\/pieceofcake.coach\/gesundheitsshop\/produkte\/libido-mann#primaryimage"},"thumbnailUrl":"https:\/\/pieceofcake.coach\/gesundheitsshop\/wp-content\/uploads\/sites\/5\/2024\/09\/IMG_1599.jpg","datePublished":"2024-09-13T11:16:16+00:00","dateModified":"2024-09-13T12:14:58+00:00","description":"Libido Mann von NatuGena \u2705Maca Pulver \u2705roter Ginseng \u2705Zink, Selen \u2705B Vitamine \u2705verbessert die Spermienqualit\u00e4t \u2705tr\u00e4gt zur Bildung von Testosteron bei","breadcrumb":{"@id":"https:\/\/pieceofcake.coach\/gesundheitsshop\/produkte\/libido-mann#breadcrumb"},"inLanguage":"de","potentialAction":[{"@type":"ReadAction","target":["https:\/\/pieceofcake.coach\/gesundheitsshop\/produkte\/libido-mann"]}]},{"@type":"ImageObject","inLanguage":"de","@id":"https:\/\/pieceofcake.coach\/gesundheitsshop\/produkte\/libido-mann#primaryimage","url":"https:\/\/pieceofcake.coach\/gesundheitsshop\/wp-content\/uploads\/sites\/5\/2024\/09\/IMG_1599.jpg","contentUrl":"https:\/\/pieceofcake.coach\/gesundheitsshop\/wp-content\/uploads\/sites\/5\/2024\/09\/IMG_1599.jpg","width":1512,"height":1512,"caption":"Libido Mann"},{"@type":"BreadcrumbList","@id":"https:\/\/pieceofcake.coach\/gesundheitsshop\/produkte\/libido-mann#breadcrumb","itemListElement":[{"@type":"ListItem","position":1,"name":"Startseite","item":"https:\/\/pieceofcake.coach\/gesundheitsshop\/"},{"@type":"ListItem","position":2,"name":"Produkte","item":"https:\/\/pieceofcake.coach\/gesundheitsshop\/produkte"},{"@type":"ListItem","position":3,"name":"Libido Mann"}]},{"@type":"WebSite","@id":"https:\/\/pieceofcake.coach\/gesundheitsshop\/#website","url":"https:\/\/pieceofcake.coach\/gesundheitsshop\/","name":"piece of cake Gesundheitsshop","description":"","potentialAction":[{"@type":"SearchAction","target":{"@type":"EntryPoint","urlTemplate":"https:\/\/pieceofcake.coach\/gesundheitsshop\/?s={search_term_string}"},"query-input":{"@type":"PropertyValueSpecification","valueRequired":true,"valueName":"search_term_string"}}],"inLanguage":"de"}]}},"_links":{"self":[{"href":"https:\/\/pieceofcake.coach\/gesundheitsshop\/wp-json\/wp\/v2\/product\/31788","targetHints":{"allow":["GET"]}}],"collection":[{"href":"https:\/\/pieceofcake.coach\/gesundheitsshop\/wp-json\/wp\/v2\/product"}],"about":[{"href":"https:\/\/pieceofcake.coach\/gesundheitsshop\/wp-json\/wp\/v2\/types\/product"}],"replies":[{"embeddable":true,"href":"https:\/\/pieceofcake.coach\/gesundheitsshop\/wp-json\/wp\/v2\/comments?post=31788"}],"wp:featuredmedia":[{"embeddable":true,"href":"https:\/\/pieceofcake.coach\/gesundheitsshop\/wp-json\/wp\/v2\/media\/31769"}],"wp:attachment":[{"href":"https:\/\/pieceofcake.coach\/gesundheitsshop\/wp-json\/wp\/v2\/media?parent=31788"}],"wp:term":[{"taxonomy":"product_brand","embeddable":true,"href":"https:\/\/pieceofcake.coach\/gesundheitsshop\/wp-json\/wp\/v2\/product_brand?post=31788"},{"taxonomy":"product_cat","embeddable":true,"href":"https:\/\/pieceofcake.coach\/gesundheitsshop\/wp-json\/wp\/v2\/product_cat?post=31788"},{"taxonomy":"product_tag","embeddable":true,"href":"https:\/\/pieceofcake.coach\/gesundheitsshop\/wp-json\/wp\/v2\/product_tag?post=31788"}],"curies":[{"name":"wp","href":"https:\/\/api.w.org\/{rel}","templated":true}]}}