{"id":31789,"date":"2024-09-13T14:24:43","date_gmt":"2024-09-13T12:24:43","guid":{"rendered":"https:\/\/pieceofcake.coach\/gesundheitsshop\/?post_type=product&#038;p=31789"},"modified":"2025-01-31T10:17:19","modified_gmt":"2025-01-31T09:17:19","slug":"tendodyn","status":"publish","type":"product","link":"https:\/\/pieceofcake.coach\/gesundheitsshop\/produkte\/tendodyn","title":{"rendered":"TendoDyn"},"content":{"rendered":"<section class=\"vc_cta3_content-container\">\n<div class=\"vc_general vc_cta3 vc_cta3-style-classic vc_cta3-shape-rounded vc_cta3-align-left vc_cta3-color-classic vc_cta3-icon-size-md vc_cta3-actions-bottom\">\n<div class=\"vc_cta3_content-container\">\n<div class=\"vc_cta3-content\">\n<blockquote>\n<h4>Meine Philosophie:<br \/>\nErstklassige Produkte, pers\u00f6nliche Beratung, entspanntes Einkaufen, durch den Versand entstehen Rohstoffe<\/h4>\n<p>TendoDyn beziehe ich direkt von <a href=\"https:\/\/natugena.de\/Startseite.aspx?r=109602\" target=\"_blank\" rel=\"noopener\"><em>NatuGena<\/em><\/a>, einem meiner handverlesenen Hersteller und Lieferanten. Mit meinen Gesch\u00e4ftspartnern halte ich einen oft \u00fcber Jahre gewachsenen pers\u00f6nlichen Kontakt. Und ich mache nur Gesch\u00e4fte mit Menschen, die wie ich gerne ihr Bestes geben. Bei mir bekommst Du nur hochwertige Produkte, die ich selbst getestet habe und aus fachlicher Sicht f\u00fcr sinnvoll halte. Ich berate Dich gerne telefonisch. Du kannst dabei oder danach entspannt online einkaufen. Ich rufe Dich auch gerne zur\u00fcck.<br \/>\nVom Ern\u00e4hrungsberater mit Liebe recherchierte und individuell empfohlene Produkte f\u00fcr Deinen gesunden Lebensstil. Durch den Versand Deiner Bestellung <a href=\"https:\/\/shop.pieceofcake.coach\/meine-philosophie\">entstehen mehr Rohstoffe<\/a> als verbraucht werden. Gibt es so sonst nirgends.<\/p>\n<h4>Qualit\u00e4t unterst\u00fctzen oder &#8218;billiger, billiger&#8216;<\/h4>\n<p>Nat\u00fcrlich bekommst Du meine Produkte auch anderswo und m\u00f6glicherweise hier und da sogar etwas g\u00fcnstiger. Falls Du nicht auf jeden Cent achten musst, freue ich mich, wenn Du meinen Service wertsch\u00e4tzt und mein Kunde bleibst. Damit unterst\u00fctzt Du, dass mein erstklassiges Sortiment immer weiter w\u00e4chst. <a href=\"https:\/\/shop.pieceofcake.coach\/meine-philosophie\">Stammkunden<\/a> bekommen bei mir zudem Rabatte, <a href=\"https:\/\/pieceofcake.coach\/kontakt\">sprich mich gerne darauf an.<\/a><\/p><\/blockquote>\n<\/div>\n<\/div>\n<\/div>\n<\/section>\n<p>&nbsp;<\/p>\n","protected":false},"excerpt":{"rendered":"<p>TendoDyn ist hervorragend, wenn Du an <strong>Arthrose<\/strong>, <strong>Knochen<\/strong>-, <strong>Knorpel<\/strong>&#8211; oder <strong>B\u00e4nderverletzungen<\/strong> leidest. <strong>Glucosaminsulfat<\/strong> aus Krabben\/ Shrimpsschalenpulver <strong>Gr\u00fcnlippmuschel\u00a0<\/strong>und Chrondoitinsulfat (von Rindern) helfen bei der <strong>Regenerierung<\/strong> von <strong>Knorpel<\/strong> und <strong>Knochen<\/strong>, <strong>Vitamin C<\/strong> bei der <strong>gleichwichtigen<\/strong> <strong>Kollagenbildung<\/strong>. Der Anteil von <strong>MSM<\/strong>, also organischem Schwefel, <strong>hemmt<\/strong> insbesondere\u00a0 <strong>Gelenkentz\u00fcndungen<\/strong>, <strong>Mangan <\/strong>ist entscheidend f\u00fcr die Bildung von Knorpel und B\u00e4ndern. Ebenso sind hier <strong>hydrolisiertes<\/strong> und <strong>natives Typ II Kollagen<\/strong> und noch einige weitere wichtige Bestandteile enthalten, die zur Gesundheit Deiner Knorpel, Sehnen und Gelenke beitragen k\u00f6nnen.<\/p>\n<p>Nat\u00fcrlich kannst Du mit der <strong>Ern\u00e4hrung<\/strong> noch <strong>viel<\/strong> <strong>mehr<\/strong> <strong>tun<\/strong>, um Deine Gesundheit zu st\u00e4rken. <strong><a href=\"https:\/\/pieceofcake.coach\/gesundheitsshop\/kontakt\">Kontaktiere<\/a> mich<\/strong> gerne jederzeit<strong>,<\/strong> wenn Du eine <strong>Frage<\/strong> hast.<\/p>\n<p>Inhalt: 180 Kapseln (6 Kapseln t\u00e4glich)<\/p>\n","protected":false},"featured_media":31763,"comment_status":"closed","ping_status":"closed","template":"","meta":[],"product_brand":[],"product_cat":[358,354,352],"product_tag":[],"class_list":{"0":"post-31789","1":"product","2":"type-product","3":"status-publish","4":"has-post-thumbnail","6":"product_cat-fuer-sportler","7":"product_cat-entzuendungshemmend","8":"product_cat-vitamine-und-mineralstoffe","9":"description-off","11":"first","12":"instock","13":"taxable","14":"shipping-taxable","15":"purchasable","16":"product-type-simple"},"yoast_head":"<!-- This site is optimized with the Yoast SEO plugin v26.4 - https:\/\/yoast.com\/wordpress\/plugins\/seo\/ -->\n<title>TendoDyn - piece of cake Gesundheitsshop<\/title>\n<meta name=\"description\" content=\"TendoDyn \u2705mit Glucosamin \u2705bei Arthrose, Knochen-, Knorpel- oder B\u00e4nderverletzungen \u2705 Vitamin C \u2705 MSM \u2705mit Mangan \u2705hydrolisiertes und natives Typ II Kollagen\" \/>\n<meta name=\"robots\" content=\"noindex, nofollow\" \/>\n<meta property=\"og:locale\" content=\"de_DE\" \/>\n<meta property=\"og:type\" content=\"article\" \/>\n<meta property=\"og:title\" content=\"TendoDyn - piece of cake Gesundheitsshop\" \/>\n<meta property=\"og:description\" content=\"TendoDyn \u2705mit Glucosamin \u2705bei Arthrose, Knochen-, Knorpel- oder B\u00e4nderverletzungen \u2705 Vitamin C \u2705 MSM \u2705mit Mangan \u2705hydrolisiertes und natives Typ II Kollagen\" \/>\n<meta property=\"og:url\" content=\"https:\/\/pieceofcake.coach\/gesundheitsshop\/produkte\/tendodyn\" \/>\n<meta property=\"og:site_name\" content=\"piece of cake Gesundheitsshop\" \/>\n<meta property=\"article:modified_time\" content=\"2025-01-31T09:17:19+00:00\" \/>\n<meta property=\"og:image\" content=\"https:\/\/pieceofcake.coach\/gesundheitsshop\/wp-content\/uploads\/sites\/5\/2024\/09\/IMG_1592.jpg\" \/>\n\t<meta property=\"og:image:width\" content=\"1512\" \/>\n\t<meta property=\"og:image:height\" content=\"1512\" \/>\n\t<meta property=\"og:image:type\" content=\"image\/jpeg\" \/>\n<meta name=\"twitter:card\" content=\"summary_large_image\" \/>\n<meta name=\"twitter:label1\" content=\"Gesch\u00e4tzte Lesezeit\" \/>\n\t<meta name=\"twitter:data1\" content=\"1\u00a0Minute\" \/>\n<script type=\"application\/ld+json\" class=\"yoast-schema-graph\">{\"@context\":\"https:\/\/schema.org\",\"@graph\":[{\"@type\":\"WebPage\",\"@id\":\"https:\/\/pieceofcake.coach\/gesundheitsshop\/produkte\/tendodyn\",\"url\":\"https:\/\/pieceofcake.coach\/gesundheitsshop\/produkte\/tendodyn\",\"name\":\"TendoDyn - piece of cake Gesundheitsshop\",\"isPartOf\":{\"@id\":\"https:\/\/pieceofcake.coach\/gesundheitsshop\/#website\"},\"primaryImageOfPage\":{\"@id\":\"https:\/\/pieceofcake.coach\/gesundheitsshop\/produkte\/tendodyn#primaryimage\"},\"image\":{\"@id\":\"https:\/\/pieceofcake.coach\/gesundheitsshop\/produkte\/tendodyn#primaryimage\"},\"thumbnailUrl\":\"https:\/\/pieceofcake.coach\/gesundheitsshop\/wp-content\/uploads\/sites\/5\/2024\/09\/IMG_1592.jpg\",\"datePublished\":\"2024-09-13T12:24:43+00:00\",\"dateModified\":\"2025-01-31T09:17:19+00:00\",\"description\":\"TendoDyn \u2705mit Glucosamin \u2705bei Arthrose, Knochen-, Knorpel- oder B\u00e4nderverletzungen \u2705 Vitamin C \u2705 MSM \u2705mit Mangan \u2705hydrolisiertes und natives Typ II Kollagen\",\"breadcrumb\":{\"@id\":\"https:\/\/pieceofcake.coach\/gesundheitsshop\/produkte\/tendodyn#breadcrumb\"},\"inLanguage\":\"de\",\"potentialAction\":[{\"@type\":\"ReadAction\",\"target\":[\"https:\/\/pieceofcake.coach\/gesundheitsshop\/produkte\/tendodyn\"]}]},{\"@type\":\"ImageObject\",\"inLanguage\":\"de\",\"@id\":\"https:\/\/pieceofcake.coach\/gesundheitsshop\/produkte\/tendodyn#primaryimage\",\"url\":\"https:\/\/pieceofcake.coach\/gesundheitsshop\/wp-content\/uploads\/sites\/5\/2024\/09\/IMG_1592.jpg\",\"contentUrl\":\"https:\/\/pieceofcake.coach\/gesundheitsshop\/wp-content\/uploads\/sites\/5\/2024\/09\/IMG_1592.jpg\",\"width\":1512,\"height\":1512,\"caption\":\"TendoDyn\"},{\"@type\":\"BreadcrumbList\",\"@id\":\"https:\/\/pieceofcake.coach\/gesundheitsshop\/produkte\/tendodyn#breadcrumb\",\"itemListElement\":[{\"@type\":\"ListItem\",\"position\":1,\"name\":\"Startseite\",\"item\":\"https:\/\/pieceofcake.coach\/gesundheitsshop\/\"},{\"@type\":\"ListItem\",\"position\":2,\"name\":\"Produkte\",\"item\":\"https:\/\/pieceofcake.coach\/gesundheitsshop\/produkte\"},{\"@type\":\"ListItem\",\"position\":3,\"name\":\"TendoDyn\"}]},{\"@type\":\"WebSite\",\"@id\":\"https:\/\/pieceofcake.coach\/gesundheitsshop\/#website\",\"url\":\"https:\/\/pieceofcake.coach\/gesundheitsshop\/\",\"name\":\"piece of cake Gesundheitsshop\",\"description\":\"\",\"potentialAction\":[{\"@type\":\"SearchAction\",\"target\":{\"@type\":\"EntryPoint\",\"urlTemplate\":\"https:\/\/pieceofcake.coach\/gesundheitsshop\/?s={search_term_string}\"},\"query-input\":{\"@type\":\"PropertyValueSpecification\",\"valueRequired\":true,\"valueName\":\"search_term_string\"}}],\"inLanguage\":\"de\"}]}<\/script>\n<!-- \/ Yoast SEO plugin. -->","yoast_head_json":{"title":"TendoDyn - piece of cake Gesundheitsshop","description":"TendoDyn \u2705mit Glucosamin \u2705bei Arthrose, Knochen-, Knorpel- oder B\u00e4nderverletzungen \u2705 Vitamin C \u2705 MSM \u2705mit Mangan \u2705hydrolisiertes und natives Typ II Kollagen","robots":{"index":"noindex","follow":"nofollow"},"og_locale":"de_DE","og_type":"article","og_title":"TendoDyn - piece of cake Gesundheitsshop","og_description":"TendoDyn \u2705mit Glucosamin \u2705bei Arthrose, Knochen-, Knorpel- oder B\u00e4nderverletzungen \u2705 Vitamin C \u2705 MSM \u2705mit Mangan \u2705hydrolisiertes und natives Typ II Kollagen","og_url":"https:\/\/pieceofcake.coach\/gesundheitsshop\/produkte\/tendodyn","og_site_name":"piece of cake Gesundheitsshop","article_modified_time":"2025-01-31T09:17:19+00:00","og_image":[{"width":1512,"height":1512,"url":"https:\/\/pieceofcake.coach\/gesundheitsshop\/wp-content\/uploads\/sites\/5\/2024\/09\/IMG_1592.jpg","type":"image\/jpeg"}],"twitter_card":"summary_large_image","twitter_misc":{"Gesch\u00e4tzte Lesezeit":"1\u00a0Minute"},"schema":{"@context":"https:\/\/schema.org","@graph":[{"@type":"WebPage","@id":"https:\/\/pieceofcake.coach\/gesundheitsshop\/produkte\/tendodyn","url":"https:\/\/pieceofcake.coach\/gesundheitsshop\/produkte\/tendodyn","name":"TendoDyn - piece of cake Gesundheitsshop","isPartOf":{"@id":"https:\/\/pieceofcake.coach\/gesundheitsshop\/#website"},"primaryImageOfPage":{"@id":"https:\/\/pieceofcake.coach\/gesundheitsshop\/produkte\/tendodyn#primaryimage"},"image":{"@id":"https:\/\/pieceofcake.coach\/gesundheitsshop\/produkte\/tendodyn#primaryimage"},"thumbnailUrl":"https:\/\/pieceofcake.coach\/gesundheitsshop\/wp-content\/uploads\/sites\/5\/2024\/09\/IMG_1592.jpg","datePublished":"2024-09-13T12:24:43+00:00","dateModified":"2025-01-31T09:17:19+00:00","description":"TendoDyn \u2705mit Glucosamin \u2705bei Arthrose, Knochen-, Knorpel- oder B\u00e4nderverletzungen \u2705 Vitamin C \u2705 MSM \u2705mit Mangan \u2705hydrolisiertes und natives Typ II Kollagen","breadcrumb":{"@id":"https:\/\/pieceofcake.coach\/gesundheitsshop\/produkte\/tendodyn#breadcrumb"},"inLanguage":"de","potentialAction":[{"@type":"ReadAction","target":["https:\/\/pieceofcake.coach\/gesundheitsshop\/produkte\/tendodyn"]}]},{"@type":"ImageObject","inLanguage":"de","@id":"https:\/\/pieceofcake.coach\/gesundheitsshop\/produkte\/tendodyn#primaryimage","url":"https:\/\/pieceofcake.coach\/gesundheitsshop\/wp-content\/uploads\/sites\/5\/2024\/09\/IMG_1592.jpg","contentUrl":"https:\/\/pieceofcake.coach\/gesundheitsshop\/wp-content\/uploads\/sites\/5\/2024\/09\/IMG_1592.jpg","width":1512,"height":1512,"caption":"TendoDyn"},{"@type":"BreadcrumbList","@id":"https:\/\/pieceofcake.coach\/gesundheitsshop\/produkte\/tendodyn#breadcrumb","itemListElement":[{"@type":"ListItem","position":1,"name":"Startseite","item":"https:\/\/pieceofcake.coach\/gesundheitsshop\/"},{"@type":"ListItem","position":2,"name":"Produkte","item":"https:\/\/pieceofcake.coach\/gesundheitsshop\/produkte"},{"@type":"ListItem","position":3,"name":"TendoDyn"}]},{"@type":"WebSite","@id":"https:\/\/pieceofcake.coach\/gesundheitsshop\/#website","url":"https:\/\/pieceofcake.coach\/gesundheitsshop\/","name":"piece of cake Gesundheitsshop","description":"","potentialAction":[{"@type":"SearchAction","target":{"@type":"EntryPoint","urlTemplate":"https:\/\/pieceofcake.coach\/gesundheitsshop\/?s={search_term_string}"},"query-input":{"@type":"PropertyValueSpecification","valueRequired":true,"valueName":"search_term_string"}}],"inLanguage":"de"}]}},"_links":{"self":[{"href":"https:\/\/pieceofcake.coach\/gesundheitsshop\/wp-json\/wp\/v2\/product\/31789","targetHints":{"allow":["GET"]}}],"collection":[{"href":"https:\/\/pieceofcake.coach\/gesundheitsshop\/wp-json\/wp\/v2\/product"}],"about":[{"href":"https:\/\/pieceofcake.coach\/gesundheitsshop\/wp-json\/wp\/v2\/types\/product"}],"replies":[{"embeddable":true,"href":"https:\/\/pieceofcake.coach\/gesundheitsshop\/wp-json\/wp\/v2\/comments?post=31789"}],"wp:featuredmedia":[{"embeddable":true,"href":"https:\/\/pieceofcake.coach\/gesundheitsshop\/wp-json\/wp\/v2\/media\/31763"}],"wp:attachment":[{"href":"https:\/\/pieceofcake.coach\/gesundheitsshop\/wp-json\/wp\/v2\/media?parent=31789"}],"wp:term":[{"taxonomy":"product_brand","embeddable":true,"href":"https:\/\/pieceofcake.coach\/gesundheitsshop\/wp-json\/wp\/v2\/product_brand?post=31789"},{"taxonomy":"product_cat","embeddable":true,"href":"https:\/\/pieceofcake.coach\/gesundheitsshop\/wp-json\/wp\/v2\/product_cat?post=31789"},{"taxonomy":"product_tag","embeddable":true,"href":"https:\/\/pieceofcake.coach\/gesundheitsshop\/wp-json\/wp\/v2\/product_tag?post=31789"}],"curies":[{"name":"wp","href":"https:\/\/api.w.org\/{rel}","templated":true}]}}