{"id":31790,"date":"2024-09-13T14:46:03","date_gmt":"2024-09-13T12:46:03","guid":{"rendered":"https:\/\/pieceofcake.coach\/gesundheitsshop\/?post_type=product&#038;p=31790"},"modified":"2024-11-26T11:07:35","modified_gmt":"2024-11-26T10:07:35","slug":"femina-vaginalis","status":"publish","type":"product","link":"https:\/\/pieceofcake.coach\/gesundheitsshop\/produkte\/femina-vaginalis","title":{"rendered":"FeminaVaginalis"},"content":{"rendered":"<section class=\"vc_cta3_content-container\">\n<div class=\"vc_general vc_cta3 vc_cta3-style-classic vc_cta3-shape-rounded vc_cta3-align-left vc_cta3-color-classic vc_cta3-icon-size-md vc_cta3-actions-bottom\">\n<div class=\"vc_cta3_content-container\">\n<div class=\"vc_cta3-content\">\n<blockquote>\n<h4>Meine Philosophie:<br \/>\nErstklassige Produkte, pers\u00f6nliche Beratung, entspanntes Einkaufen, durch den Versand entstehen Rohstoffe<\/h4>\n<p>FeminaVaginalis beziehe ich von <em><a href=\"https:\/\/natugena.de\/Startseite.aspx?r=109602\" target=\"_blank\" rel=\"noopener\">NatuGena<\/a>,<\/em> einem meiner handverlesenen Hersteller und Lieferanten. Mit meinen Gesch\u00e4ftspartnern halte ich einen oft \u00fcber Jahre gewachsenen pers\u00f6nlichen Kontakt. Und ich mache nur Gesch\u00e4fte mit Menschen, die wie ich gerne ihr Bestes geben. Bei mir bekommst Du nur hochwertige Produkte, die ich selbst getestet habe und aus fachlicher Sicht f\u00fcr sinnvoll halte. Ich berate Dich gerne telefonisch. Du kannst dabei oder danach entspannt online einkaufen. Ich rufe Dich auch gerne zur\u00fcck.<br \/>\nVom Ern\u00e4hrungsberater mit Liebe recherchierte und individuell empfohlene Produkte f\u00fcr Deinen gesunden Lebensstil. Durch den Versand Deiner Bestellung <a href=\"https:\/\/shop.pieceofcake.coach\/meine-philosophie\">entstehen mehr Rohstoffe<\/a> als verbraucht werden. Gibt es so sonst nirgends.<\/p>\n<h4>Qualit\u00e4t unterst\u00fctzen oder &#8218;billiger, billiger&#8216;<\/h4>\n<p>Nat\u00fcrlich bekommst Du meine Produkte auch anderswo und m\u00f6glicherweise hier und da sogar etwas g\u00fcnstiger. Falls Du nicht auf jeden Cent achten musst, freue ich mich, wenn Du meinen Service wertsch\u00e4tzt und mein Kunde bleibst. Damit unterst\u00fctzt Du, dass mein erstklassiges Sortiment immer weiter w\u00e4chst. <a href=\"https:\/\/shop.pieceofcake.coach\/meine-philosophie\">Stammkunden<\/a> bekommen bei mir zudem Rabatte, <a href=\"https:\/\/pieceofcake.coach\/kontakt\">sprich mich gerne darauf an.<\/a><\/p><\/blockquote>\n<\/div>\n<\/div>\n<\/div>\n<\/section>\n","protected":false},"excerpt":{"rendered":"<p>Dieses Produkt gibt Dir viele Inhaltsstoffe, die einzeln und ihrer Kombination darauf ausgelegt sind, f\u00fcr eine gesunde Vaginalschleimhaut und -flora zu sorgen: Die enthaltenen Milchs\u00e4urebakterien, sind die, die f\u00fcr das Vaginalmikrobiom entscheidend sind (und keine Histaminbildner), L Glutamin ist eine Aminos\u00e4ure, die f\u00fcr gesunde Schleimh\u00e4ute entscheidend ist, ebenso wie Zink als Mineralstoff und die Vitamine B2 (Riboflavin) und B7 (Biotin). Vitamin C ist f\u00fcr die Bildung von Kollagen und als Antioxidans t\u00e4tig und Oregano sowie Grapefruitsamen Extrakt wirken gegen unerw\u00fcnschte Pilze, Bakterien und VIren.<\/p>\n<p>Inhalt: 120 Kapseln f\u00fcr 30 Tage<\/p>\n","protected":false},"featured_media":31766,"comment_status":"closed","ping_status":"closed","template":"","meta":[],"product_brand":[],"product_cat":[377,357,355],"product_tag":[],"class_list":{"0":"post-31790","1":"product","2":"type-product","3":"status-publish","4":"has-post-thumbnail","6":"product_cat-fuer-dein-liebesleben","7":"product_cat-darmsanierung","8":"product_cat-nahrungsergaenzungsmittel-fuer-frauen","9":"description-off","11":"first","12":"instock","13":"taxable","14":"shipping-taxable","15":"purchasable","16":"product-type-simple"},"yoast_head":"<!-- This site is optimized with the Yoast SEO plugin v26.4 - https:\/\/yoast.com\/wordpress\/plugins\/seo\/ -->\n<title>FeminaVaginalis - piece of cake Gesundheitsshop \ud83c\udf70<\/title>\n<meta name=\"description\" content=\"FeminaVaginalis \u2705Probiotikum \u2705Oregano- und Grapefruit-Samen-Extrakt \u2705L-Glutamin \u2705Vitamin C aus Acerola \u2705Zink, Biotin(B7), Riboflavin(B2)\" \/>\n<meta name=\"robots\" content=\"index, follow, max-snippet:-1, max-image-preview:large, max-video-preview:-1\" \/>\n<link rel=\"canonical\" href=\"https:\/\/pieceofcake.coach\/gesundheitsshop\/produkte\/femina-vaginalis\" \/>\n<meta property=\"og:locale\" content=\"de_DE\" \/>\n<meta property=\"og:type\" content=\"article\" \/>\n<meta property=\"og:title\" content=\"FeminaVaginalis - piece of cake Gesundheitsshop \ud83c\udf70\" \/>\n<meta property=\"og:description\" content=\"FeminaVaginalis \u2705Probiotikum \u2705Oregano- und Grapefruit-Samen-Extrakt \u2705L-Glutamin \u2705Vitamin C aus Acerola \u2705Zink, Biotin(B7), Riboflavin(B2)\" \/>\n<meta property=\"og:url\" content=\"https:\/\/pieceofcake.coach\/gesundheitsshop\/produkte\/femina-vaginalis\" \/>\n<meta property=\"og:site_name\" content=\"piece of cake Gesundheitsshop\" \/>\n<meta property=\"article:modified_time\" content=\"2024-11-26T10:07:35+00:00\" \/>\n<meta property=\"og:image\" content=\"https:\/\/pieceofcake.coach\/gesundheitsshop\/wp-content\/uploads\/sites\/5\/2024\/09\/IMG_1596.jpg\" \/>\n\t<meta property=\"og:image:width\" content=\"1512\" \/>\n\t<meta property=\"og:image:height\" content=\"1512\" \/>\n\t<meta property=\"og:image:type\" content=\"image\/jpeg\" \/>\n<meta name=\"twitter:card\" content=\"summary_large_image\" \/>\n<meta name=\"twitter:label1\" content=\"Gesch\u00e4tzte Lesezeit\" \/>\n\t<meta name=\"twitter:data1\" content=\"1\u00a0Minute\" \/>\n<script type=\"application\/ld+json\" class=\"yoast-schema-graph\">{\"@context\":\"https:\/\/schema.org\",\"@graph\":[{\"@type\":\"WebPage\",\"@id\":\"https:\/\/pieceofcake.coach\/gesundheitsshop\/produkte\/femina-vaginalis\",\"url\":\"https:\/\/pieceofcake.coach\/gesundheitsshop\/produkte\/femina-vaginalis\",\"name\":\"FeminaVaginalis - piece of cake Gesundheitsshop \ud83c\udf70\",\"isPartOf\":{\"@id\":\"https:\/\/pieceofcake.coach\/gesundheitsshop\/#website\"},\"primaryImageOfPage\":{\"@id\":\"https:\/\/pieceofcake.coach\/gesundheitsshop\/produkte\/femina-vaginalis#primaryimage\"},\"image\":{\"@id\":\"https:\/\/pieceofcake.coach\/gesundheitsshop\/produkte\/femina-vaginalis#primaryimage\"},\"thumbnailUrl\":\"https:\/\/pieceofcake.coach\/gesundheitsshop\/wp-content\/uploads\/sites\/5\/2024\/09\/IMG_1596.jpg\",\"datePublished\":\"2024-09-13T12:46:03+00:00\",\"dateModified\":\"2024-11-26T10:07:35+00:00\",\"description\":\"FeminaVaginalis \u2705Probiotikum \u2705Oregano- und Grapefruit-Samen-Extrakt \u2705L-Glutamin \u2705Vitamin C aus Acerola \u2705Zink, Biotin(B7), Riboflavin(B2)\",\"breadcrumb\":{\"@id\":\"https:\/\/pieceofcake.coach\/gesundheitsshop\/produkte\/femina-vaginalis#breadcrumb\"},\"inLanguage\":\"de\",\"potentialAction\":[{\"@type\":\"ReadAction\",\"target\":[\"https:\/\/pieceofcake.coach\/gesundheitsshop\/produkte\/femina-vaginalis\"]}]},{\"@type\":\"ImageObject\",\"inLanguage\":\"de\",\"@id\":\"https:\/\/pieceofcake.coach\/gesundheitsshop\/produkte\/femina-vaginalis#primaryimage\",\"url\":\"https:\/\/pieceofcake.coach\/gesundheitsshop\/wp-content\/uploads\/sites\/5\/2024\/09\/IMG_1596.jpg\",\"contentUrl\":\"https:\/\/pieceofcake.coach\/gesundheitsshop\/wp-content\/uploads\/sites\/5\/2024\/09\/IMG_1596.jpg\",\"width\":1512,\"height\":1512,\"caption\":\"FeminaVaginalis\"},{\"@type\":\"BreadcrumbList\",\"@id\":\"https:\/\/pieceofcake.coach\/gesundheitsshop\/produkte\/femina-vaginalis#breadcrumb\",\"itemListElement\":[{\"@type\":\"ListItem\",\"position\":1,\"name\":\"Startseite\",\"item\":\"https:\/\/pieceofcake.coach\/gesundheitsshop\/\"},{\"@type\":\"ListItem\",\"position\":2,\"name\":\"Produkte\",\"item\":\"https:\/\/pieceofcake.coach\/gesundheitsshop\/produkte\"},{\"@type\":\"ListItem\",\"position\":3,\"name\":\"FeminaVaginalis\"}]},{\"@type\":\"WebSite\",\"@id\":\"https:\/\/pieceofcake.coach\/gesundheitsshop\/#website\",\"url\":\"https:\/\/pieceofcake.coach\/gesundheitsshop\/\",\"name\":\"piece of cake Gesundheitsshop\",\"description\":\"\",\"potentialAction\":[{\"@type\":\"SearchAction\",\"target\":{\"@type\":\"EntryPoint\",\"urlTemplate\":\"https:\/\/pieceofcake.coach\/gesundheitsshop\/?s={search_term_string}\"},\"query-input\":{\"@type\":\"PropertyValueSpecification\",\"valueRequired\":true,\"valueName\":\"search_term_string\"}}],\"inLanguage\":\"de\"}]}<\/script>\n<!-- \/ Yoast SEO plugin. -->","yoast_head_json":{"title":"FeminaVaginalis - piece of cake Gesundheitsshop \ud83c\udf70","description":"FeminaVaginalis \u2705Probiotikum \u2705Oregano- und Grapefruit-Samen-Extrakt \u2705L-Glutamin \u2705Vitamin C aus Acerola \u2705Zink, Biotin(B7), Riboflavin(B2)","robots":{"index":"index","follow":"follow","max-snippet":"max-snippet:-1","max-image-preview":"max-image-preview:large","max-video-preview":"max-video-preview:-1"},"canonical":"https:\/\/pieceofcake.coach\/gesundheitsshop\/produkte\/femina-vaginalis","og_locale":"de_DE","og_type":"article","og_title":"FeminaVaginalis - piece of cake Gesundheitsshop \ud83c\udf70","og_description":"FeminaVaginalis \u2705Probiotikum \u2705Oregano- und Grapefruit-Samen-Extrakt \u2705L-Glutamin \u2705Vitamin C aus Acerola \u2705Zink, Biotin(B7), Riboflavin(B2)","og_url":"https:\/\/pieceofcake.coach\/gesundheitsshop\/produkte\/femina-vaginalis","og_site_name":"piece of cake Gesundheitsshop","article_modified_time":"2024-11-26T10:07:35+00:00","og_image":[{"width":1512,"height":1512,"url":"https:\/\/pieceofcake.coach\/gesundheitsshop\/wp-content\/uploads\/sites\/5\/2024\/09\/IMG_1596.jpg","type":"image\/jpeg"}],"twitter_card":"summary_large_image","twitter_misc":{"Gesch\u00e4tzte Lesezeit":"1\u00a0Minute"},"schema":{"@context":"https:\/\/schema.org","@graph":[{"@type":"WebPage","@id":"https:\/\/pieceofcake.coach\/gesundheitsshop\/produkte\/femina-vaginalis","url":"https:\/\/pieceofcake.coach\/gesundheitsshop\/produkte\/femina-vaginalis","name":"FeminaVaginalis - piece of cake Gesundheitsshop \ud83c\udf70","isPartOf":{"@id":"https:\/\/pieceofcake.coach\/gesundheitsshop\/#website"},"primaryImageOfPage":{"@id":"https:\/\/pieceofcake.coach\/gesundheitsshop\/produkte\/femina-vaginalis#primaryimage"},"image":{"@id":"https:\/\/pieceofcake.coach\/gesundheitsshop\/produkte\/femina-vaginalis#primaryimage"},"thumbnailUrl":"https:\/\/pieceofcake.coach\/gesundheitsshop\/wp-content\/uploads\/sites\/5\/2024\/09\/IMG_1596.jpg","datePublished":"2024-09-13T12:46:03+00:00","dateModified":"2024-11-26T10:07:35+00:00","description":"FeminaVaginalis \u2705Probiotikum \u2705Oregano- und Grapefruit-Samen-Extrakt \u2705L-Glutamin \u2705Vitamin C aus Acerola \u2705Zink, Biotin(B7), Riboflavin(B2)","breadcrumb":{"@id":"https:\/\/pieceofcake.coach\/gesundheitsshop\/produkte\/femina-vaginalis#breadcrumb"},"inLanguage":"de","potentialAction":[{"@type":"ReadAction","target":["https:\/\/pieceofcake.coach\/gesundheitsshop\/produkte\/femina-vaginalis"]}]},{"@type":"ImageObject","inLanguage":"de","@id":"https:\/\/pieceofcake.coach\/gesundheitsshop\/produkte\/femina-vaginalis#primaryimage","url":"https:\/\/pieceofcake.coach\/gesundheitsshop\/wp-content\/uploads\/sites\/5\/2024\/09\/IMG_1596.jpg","contentUrl":"https:\/\/pieceofcake.coach\/gesundheitsshop\/wp-content\/uploads\/sites\/5\/2024\/09\/IMG_1596.jpg","width":1512,"height":1512,"caption":"FeminaVaginalis"},{"@type":"BreadcrumbList","@id":"https:\/\/pieceofcake.coach\/gesundheitsshop\/produkte\/femina-vaginalis#breadcrumb","itemListElement":[{"@type":"ListItem","position":1,"name":"Startseite","item":"https:\/\/pieceofcake.coach\/gesundheitsshop\/"},{"@type":"ListItem","position":2,"name":"Produkte","item":"https:\/\/pieceofcake.coach\/gesundheitsshop\/produkte"},{"@type":"ListItem","position":3,"name":"FeminaVaginalis"}]},{"@type":"WebSite","@id":"https:\/\/pieceofcake.coach\/gesundheitsshop\/#website","url":"https:\/\/pieceofcake.coach\/gesundheitsshop\/","name":"piece of cake Gesundheitsshop","description":"","potentialAction":[{"@type":"SearchAction","target":{"@type":"EntryPoint","urlTemplate":"https:\/\/pieceofcake.coach\/gesundheitsshop\/?s={search_term_string}"},"query-input":{"@type":"PropertyValueSpecification","valueRequired":true,"valueName":"search_term_string"}}],"inLanguage":"de"}]}},"_links":{"self":[{"href":"https:\/\/pieceofcake.coach\/gesundheitsshop\/wp-json\/wp\/v2\/product\/31790","targetHints":{"allow":["GET"]}}],"collection":[{"href":"https:\/\/pieceofcake.coach\/gesundheitsshop\/wp-json\/wp\/v2\/product"}],"about":[{"href":"https:\/\/pieceofcake.coach\/gesundheitsshop\/wp-json\/wp\/v2\/types\/product"}],"replies":[{"embeddable":true,"href":"https:\/\/pieceofcake.coach\/gesundheitsshop\/wp-json\/wp\/v2\/comments?post=31790"}],"wp:featuredmedia":[{"embeddable":true,"href":"https:\/\/pieceofcake.coach\/gesundheitsshop\/wp-json\/wp\/v2\/media\/31766"}],"wp:attachment":[{"href":"https:\/\/pieceofcake.coach\/gesundheitsshop\/wp-json\/wp\/v2\/media?parent=31790"}],"wp:term":[{"taxonomy":"product_brand","embeddable":true,"href":"https:\/\/pieceofcake.coach\/gesundheitsshop\/wp-json\/wp\/v2\/product_brand?post=31790"},{"taxonomy":"product_cat","embeddable":true,"href":"https:\/\/pieceofcake.coach\/gesundheitsshop\/wp-json\/wp\/v2\/product_cat?post=31790"},{"taxonomy":"product_tag","embeddable":true,"href":"https:\/\/pieceofcake.coach\/gesundheitsshop\/wp-json\/wp\/v2\/product_tag?post=31790"}],"curies":[{"name":"wp","href":"https:\/\/api.w.org\/{rel}","templated":true}]}}