{"id":3251,"date":"2018-07-05T12:58:10","date_gmt":"2018-07-05T10:58:10","guid":{"rendered":"https:\/\/shop.pieceofcake.coach\/?post_type=product&#038;p=3251"},"modified":"2024-10-20T17:45:40","modified_gmt":"2024-10-20T15:45:40","slug":"basische-deocreme","status":"publish","type":"product","link":"https:\/\/pieceofcake.coach\/gesundheitsshop\/produkte\/basische-deocreme","title":{"rendered":"Basische Deocreme"},"content":{"rendered":"<div class=\"wpb-content-wrapper\"><p>[vc_row][vc_column][vc_column_text]<\/p>\n<h2>Basische Deocreme ist mild, frei von Schadstoffen und duftet angenehm<\/h2>\n<p>Diese hochwertige Basische Deocreme ist sehr mild und mit ihren nat\u00fcrlichen Wirkstoffen angenehm auch auf frisch rasierter oder durch viel Sport und Duschen beanspruchter Haut. Die naheliegenden Lymphknoten bekommen weder Aluminiumverbindungen noch andere Schadstoffe ab. F\u00fcr den Alltag hervorragend geeignet, bei &#8218;heavy duty&#8216; und durchtanzten N\u00e4chten musst Du eventuell nachlegen.<br \/>\nIch selbst verwende seit einer Weile fast ausschlie\u00dflich Kosmetika von pH-Cosmetics. Sie unterst\u00fctzen mit ihrem basischen pH-Wert die Haut bei einer ihrer wichtigsten Aufgaben als Ents\u00e4uerungsorgan. Gleichzeitig regen sie die Regeneration und Selbstfettung der Haut an. Zudem duften sie angenehm nat\u00fcrlich. Sie enthalten nur speziell ausgew\u00e4hlte Frischpflanzenextrakte und \u00e4therische \u00d6le in sorgf\u00e4ltig abgestimmten Mischungen.<\/p>\n<h3>Geeignet f\u00fcr Menschen mit empfindlicher Haut, Neurodermitis und Akne<\/h3>\n<p>Die Produkte von pH Cosmetics enthalten weder Alkohol, Erd\u00f6lprodukte, Silikone, Aluminiumverbindungen, Sodium Laureth Sulfate oder Konservierungsstoffe. Deswegen sind sie f\u00fcr Menschen mit empfindlicher, entz\u00fcndeter oder sonstwie ekrankter Haut geeignet.<\/p>\n<h3>Pflegende Inhaltsstoffe:<\/h3>\n<p>Jojoba-\u00d6l, Avocado-\u00d6l, Squalan, Allantoin, Sheabutter, Gew\u00fcrznelkenbaum, Fichtennadel-\u00d6l und Muskatellersalbei. Die komplette Pflegeserie ist made in Germany und zu 100 Prozent vegan.[\/vc_column_text][\/vc_column][\/vc_row]<\/p>\n<p>&nbsp;<\/p>\n<section class=\"vc_cta3_content-container\">\n<div class=\"vc_general vc_cta3 vc_cta3-style-classic vc_cta3-shape-rounded vc_cta3-align-left vc_cta3-color-classic vc_cta3-icon-size-md vc_cta3-actions-bottom\">\n<div class=\"vc_cta3_content-container\">\n<div class=\"vc_cta3-content\">\n<blockquote>\n<h4>Meine Philosophie:<br \/>\nErstklassige Produkte, pers\u00f6nliche Beratung, entspanntes Einkaufen, durch den Versand entstehen Rohstoffe<\/h4>\n<p>Basische Deocreme beziehe ich direkt von <em>ph-Cosmetics<\/em>, einem meiner handverlesenen Hersteller und Lieferanten. Mit meinen Gesch\u00e4ftspartnern halte ich einen oft \u00fcber Jahre gewachsenen pers\u00f6nlichen Kontakt. Und ich mache nur Gesch\u00e4fte mit Menschen, die wie ich gerne ihr Bestes geben. Bei mir bekommst Du nur hochwertige Produkte, die ich selbst getestet habe und aus fachlicher Sicht f\u00fcr sinnvoll halte. Ich berate Dich gerne telefonisch. Du kannst dabei oder danach entspannt online einkaufen. Ich rufe Dich auch gerne zur\u00fcck.<br \/>\nVom Ern\u00e4hrungsberater mit Liebe recherchierte und individuell empfohlene Produkte f\u00fcr Deinen gesunden Lebensstil. Durch den Versand Deiner Bestellung <a href=\"https:\/\/shop.pieceofcake.coach\/meine-philosophie\">entstehen mehr Rohstoffe<\/a> als verbraucht werden. Gibt es so sonst nirgends.<\/p>\n<h4>Qualit\u00e4t unterst\u00fctzen oder &#8218;billiger, billiger&#8216;<\/h4>\n<p>Nat\u00fcrlich bekommst Du meine Produkte auch anderswo und m\u00f6glicherweise hier und da sogar etwas g\u00fcnstiger. Falls Du nicht auf jeden Cent achten musst, freue ich mich, wenn Du meinen Service wertsch\u00e4tzt und mein Kunde bleibst. Damit unterst\u00fctzt Du, dass mein erstklassiges Sortiment immer weiter w\u00e4chst. <a href=\"https:\/\/shop.pieceofcake.coach\/meine-philosophie\">Stammkunden<\/a> bekommen bei mir zudem Rabatte, <a href=\"https:\/\/pieceofcake.coach\/kontakt\">sprich mich gerne darauf an.<\/a><\/p><\/blockquote>\n<\/div>\n<\/div>\n<\/div>\n<\/section>\n<\/div>","protected":false},"excerpt":{"rendered":"<p>Milde <strong>Basische<\/strong> Deocreme (<strong>ph Wert 7,5<\/strong>), die sehr angenehm nach <strong>Fichtennadeln, Muskatellersalbei<\/strong> und <strong>Gew\u00fcrznelke<\/strong> duftet. <strong>Vegan<\/strong> und <strong>ohne sch\u00e4dliche Inhaltsstoffe<\/strong>. Die Basische Deocreme verwende ich selbst.<\/p>\n<p>Inhalt: 40 ml<\/p>\n","protected":false},"featured_media":27850,"comment_status":"closed","ping_status":"closed","template":"","meta":[],"product_brand":[],"product_cat":[348,361,360,358],"product_tag":[],"class_list":{"0":"post-3251","1":"product","2":"type-product","3":"status-publish","4":"has-post-thumbnail","6":"product_cat-ganzheitlich-gesund","7":"product_cat-basische-kosmetik","8":"product_cat-entsaeuerung","9":"product_cat-fuer-sportler","10":"description-off","12":"first","13":"outofstock","14":"taxable","15":"shipping-taxable","16":"purchasable","17":"product-type-simple"},"yoast_head":"<!-- This site is optimized with the Yoast SEO plugin v26.4 - https:\/\/yoast.com\/wordpress\/plugins\/seo\/ -->\n<title>Basische Deocreme pH Cosmetics - piece of cake Gesundheitsshop<\/title>\n<meta name=\"description\" content=\"Basische Deocreme \u2705ph Cosmetics \u2705\u00e4therische \u00d6le und Pflanzenextrakte \u2705vegan \u2705ohne Erd\u00f6l, Aluminium, Parabene, Konservierungsmittel, Silikon\" \/>\n<meta name=\"robots\" content=\"index, follow, max-snippet:-1, max-image-preview:large, max-video-preview:-1\" \/>\n<link rel=\"canonical\" href=\"https:\/\/pieceofcake.coach\/gesundheitsshop\/produkte\/basische-deocreme\" \/>\n<meta property=\"og:locale\" content=\"de_DE\" \/>\n<meta property=\"og:type\" content=\"article\" \/>\n<meta property=\"og:title\" content=\"Basische Deocreme pH Cosmetics - piece of cake Gesundheitsshop\" \/>\n<meta property=\"og:description\" content=\"Basische Deocreme \u2705ph Cosmetics \u2705\u00e4therische \u00d6le und Pflanzenextrakte \u2705vegan \u2705ohne Erd\u00f6l, Aluminium, Parabene, Konservierungsmittel, Silikon\" \/>\n<meta property=\"og:url\" content=\"https:\/\/pieceofcake.coach\/gesundheitsshop\/produkte\/basische-deocreme\" \/>\n<meta property=\"og:site_name\" content=\"piece of cake Gesundheitsshop\" \/>\n<meta property=\"article:modified_time\" content=\"2024-10-20T15:45:40+00:00\" \/>\n<meta property=\"og:image\" content=\"https:\/\/pieceofcake.coach\/gesundheitsshop\/wp-content\/uploads\/sites\/5\/2020\/05\/Basische-Deocreme-scaled.jpg\" \/>\n\t<meta property=\"og:image:width\" content=\"2560\" \/>\n\t<meta property=\"og:image:height\" content=\"2560\" \/>\n\t<meta property=\"og:image:type\" content=\"image\/jpeg\" \/>\n<meta name=\"twitter:card\" content=\"summary_large_image\" \/>\n<meta name=\"twitter:label1\" content=\"Gesch\u00e4tzte Lesezeit\" \/>\n\t<meta name=\"twitter:data1\" content=\"2\u00a0Minuten\" \/>\n<script type=\"application\/ld+json\" class=\"yoast-schema-graph\">{\"@context\":\"https:\/\/schema.org\",\"@graph\":[{\"@type\":\"WebPage\",\"@id\":\"https:\/\/pieceofcake.coach\/gesundheitsshop\/produkte\/basische-deocreme\",\"url\":\"https:\/\/pieceofcake.coach\/gesundheitsshop\/produkte\/basische-deocreme\",\"name\":\"Basische Deocreme pH Cosmetics - piece of cake Gesundheitsshop\",\"isPartOf\":{\"@id\":\"https:\/\/pieceofcake.coach\/gesundheitsshop\/#website\"},\"primaryImageOfPage\":{\"@id\":\"https:\/\/pieceofcake.coach\/gesundheitsshop\/produkte\/basische-deocreme#primaryimage\"},\"image\":{\"@id\":\"https:\/\/pieceofcake.coach\/gesundheitsshop\/produkte\/basische-deocreme#primaryimage\"},\"thumbnailUrl\":\"https:\/\/pieceofcake.coach\/gesundheitsshop\/wp-content\/uploads\/sites\/5\/2020\/05\/Basische-Deocreme-scaled.jpg\",\"datePublished\":\"2018-07-05T10:58:10+00:00\",\"dateModified\":\"2024-10-20T15:45:40+00:00\",\"description\":\"Basische Deocreme \u2705ph Cosmetics \u2705\u00e4therische \u00d6le und Pflanzenextrakte \u2705vegan \u2705ohne Erd\u00f6l, Aluminium, Parabene, Konservierungsmittel, Silikon\",\"breadcrumb\":{\"@id\":\"https:\/\/pieceofcake.coach\/gesundheitsshop\/produkte\/basische-deocreme#breadcrumb\"},\"inLanguage\":\"de\",\"potentialAction\":[{\"@type\":\"ReadAction\",\"target\":[\"https:\/\/pieceofcake.coach\/gesundheitsshop\/produkte\/basische-deocreme\"]}]},{\"@type\":\"ImageObject\",\"inLanguage\":\"de\",\"@id\":\"https:\/\/pieceofcake.coach\/gesundheitsshop\/produkte\/basische-deocreme#primaryimage\",\"url\":\"https:\/\/pieceofcake.coach\/gesundheitsshop\/wp-content\/uploads\/sites\/5\/2020\/05\/Basische-Deocreme-scaled.jpg\",\"contentUrl\":\"https:\/\/pieceofcake.coach\/gesundheitsshop\/wp-content\/uploads\/sites\/5\/2020\/05\/Basische-Deocreme-scaled.jpg\",\"width\":2560,\"height\":2560,\"caption\":\"Basische Deocreme\"},{\"@type\":\"BreadcrumbList\",\"@id\":\"https:\/\/pieceofcake.coach\/gesundheitsshop\/produkte\/basische-deocreme#breadcrumb\",\"itemListElement\":[{\"@type\":\"ListItem\",\"position\":1,\"name\":\"Startseite\",\"item\":\"https:\/\/pieceofcake.coach\/gesundheitsshop\/\"},{\"@type\":\"ListItem\",\"position\":2,\"name\":\"Produkte\",\"item\":\"https:\/\/pieceofcake.coach\/gesundheitsshop\/produkte\"},{\"@type\":\"ListItem\",\"position\":3,\"name\":\"Basische Deocreme\"}]},{\"@type\":\"WebSite\",\"@id\":\"https:\/\/pieceofcake.coach\/gesundheitsshop\/#website\",\"url\":\"https:\/\/pieceofcake.coach\/gesundheitsshop\/\",\"name\":\"piece of cake Gesundheitsshop\",\"description\":\"\",\"potentialAction\":[{\"@type\":\"SearchAction\",\"target\":{\"@type\":\"EntryPoint\",\"urlTemplate\":\"https:\/\/pieceofcake.coach\/gesundheitsshop\/?s={search_term_string}\"},\"query-input\":{\"@type\":\"PropertyValueSpecification\",\"valueRequired\":true,\"valueName\":\"search_term_string\"}}],\"inLanguage\":\"de\"}]}<\/script>\n<!-- \/ Yoast SEO plugin. -->","yoast_head_json":{"title":"Basische Deocreme pH Cosmetics - piece of cake Gesundheitsshop","description":"Basische Deocreme \u2705ph Cosmetics \u2705\u00e4therische \u00d6le und Pflanzenextrakte \u2705vegan \u2705ohne Erd\u00f6l, Aluminium, Parabene, Konservierungsmittel, Silikon","robots":{"index":"index","follow":"follow","max-snippet":"max-snippet:-1","max-image-preview":"max-image-preview:large","max-video-preview":"max-video-preview:-1"},"canonical":"https:\/\/pieceofcake.coach\/gesundheitsshop\/produkte\/basische-deocreme","og_locale":"de_DE","og_type":"article","og_title":"Basische Deocreme pH Cosmetics - piece of cake Gesundheitsshop","og_description":"Basische Deocreme \u2705ph Cosmetics \u2705\u00e4therische \u00d6le und Pflanzenextrakte \u2705vegan \u2705ohne Erd\u00f6l, Aluminium, Parabene, Konservierungsmittel, Silikon","og_url":"https:\/\/pieceofcake.coach\/gesundheitsshop\/produkte\/basische-deocreme","og_site_name":"piece of cake Gesundheitsshop","article_modified_time":"2024-10-20T15:45:40+00:00","og_image":[{"width":2560,"height":2560,"url":"https:\/\/pieceofcake.coach\/gesundheitsshop\/wp-content\/uploads\/sites\/5\/2020\/05\/Basische-Deocreme-scaled.jpg","type":"image\/jpeg"}],"twitter_card":"summary_large_image","twitter_misc":{"Gesch\u00e4tzte Lesezeit":"2\u00a0Minuten"},"schema":{"@context":"https:\/\/schema.org","@graph":[{"@type":"WebPage","@id":"https:\/\/pieceofcake.coach\/gesundheitsshop\/produkte\/basische-deocreme","url":"https:\/\/pieceofcake.coach\/gesundheitsshop\/produkte\/basische-deocreme","name":"Basische Deocreme pH Cosmetics - piece of cake Gesundheitsshop","isPartOf":{"@id":"https:\/\/pieceofcake.coach\/gesundheitsshop\/#website"},"primaryImageOfPage":{"@id":"https:\/\/pieceofcake.coach\/gesundheitsshop\/produkte\/basische-deocreme#primaryimage"},"image":{"@id":"https:\/\/pieceofcake.coach\/gesundheitsshop\/produkte\/basische-deocreme#primaryimage"},"thumbnailUrl":"https:\/\/pieceofcake.coach\/gesundheitsshop\/wp-content\/uploads\/sites\/5\/2020\/05\/Basische-Deocreme-scaled.jpg","datePublished":"2018-07-05T10:58:10+00:00","dateModified":"2024-10-20T15:45:40+00:00","description":"Basische Deocreme \u2705ph Cosmetics \u2705\u00e4therische \u00d6le und Pflanzenextrakte \u2705vegan \u2705ohne Erd\u00f6l, Aluminium, Parabene, Konservierungsmittel, Silikon","breadcrumb":{"@id":"https:\/\/pieceofcake.coach\/gesundheitsshop\/produkte\/basische-deocreme#breadcrumb"},"inLanguage":"de","potentialAction":[{"@type":"ReadAction","target":["https:\/\/pieceofcake.coach\/gesundheitsshop\/produkte\/basische-deocreme"]}]},{"@type":"ImageObject","inLanguage":"de","@id":"https:\/\/pieceofcake.coach\/gesundheitsshop\/produkte\/basische-deocreme#primaryimage","url":"https:\/\/pieceofcake.coach\/gesundheitsshop\/wp-content\/uploads\/sites\/5\/2020\/05\/Basische-Deocreme-scaled.jpg","contentUrl":"https:\/\/pieceofcake.coach\/gesundheitsshop\/wp-content\/uploads\/sites\/5\/2020\/05\/Basische-Deocreme-scaled.jpg","width":2560,"height":2560,"caption":"Basische Deocreme"},{"@type":"BreadcrumbList","@id":"https:\/\/pieceofcake.coach\/gesundheitsshop\/produkte\/basische-deocreme#breadcrumb","itemListElement":[{"@type":"ListItem","position":1,"name":"Startseite","item":"https:\/\/pieceofcake.coach\/gesundheitsshop\/"},{"@type":"ListItem","position":2,"name":"Produkte","item":"https:\/\/pieceofcake.coach\/gesundheitsshop\/produkte"},{"@type":"ListItem","position":3,"name":"Basische Deocreme"}]},{"@type":"WebSite","@id":"https:\/\/pieceofcake.coach\/gesundheitsshop\/#website","url":"https:\/\/pieceofcake.coach\/gesundheitsshop\/","name":"piece of cake Gesundheitsshop","description":"","potentialAction":[{"@type":"SearchAction","target":{"@type":"EntryPoint","urlTemplate":"https:\/\/pieceofcake.coach\/gesundheitsshop\/?s={search_term_string}"},"query-input":{"@type":"PropertyValueSpecification","valueRequired":true,"valueName":"search_term_string"}}],"inLanguage":"de"}]}},"_links":{"self":[{"href":"https:\/\/pieceofcake.coach\/gesundheitsshop\/wp-json\/wp\/v2\/product\/3251","targetHints":{"allow":["GET"]}}],"collection":[{"href":"https:\/\/pieceofcake.coach\/gesundheitsshop\/wp-json\/wp\/v2\/product"}],"about":[{"href":"https:\/\/pieceofcake.coach\/gesundheitsshop\/wp-json\/wp\/v2\/types\/product"}],"replies":[{"embeddable":true,"href":"https:\/\/pieceofcake.coach\/gesundheitsshop\/wp-json\/wp\/v2\/comments?post=3251"}],"wp:featuredmedia":[{"embeddable":true,"href":"https:\/\/pieceofcake.coach\/gesundheitsshop\/wp-json\/wp\/v2\/media\/27850"}],"wp:attachment":[{"href":"https:\/\/pieceofcake.coach\/gesundheitsshop\/wp-json\/wp\/v2\/media?parent=3251"}],"wp:term":[{"taxonomy":"product_brand","embeddable":true,"href":"https:\/\/pieceofcake.coach\/gesundheitsshop\/wp-json\/wp\/v2\/product_brand?post=3251"},{"taxonomy":"product_cat","embeddable":true,"href":"https:\/\/pieceofcake.coach\/gesundheitsshop\/wp-json\/wp\/v2\/product_cat?post=3251"},{"taxonomy":"product_tag","embeddable":true,"href":"https:\/\/pieceofcake.coach\/gesundheitsshop\/wp-json\/wp\/v2\/product_tag?post=3251"}],"curies":[{"name":"wp","href":"https:\/\/api.w.org\/{rel}","templated":true}]}}