{"id":3339,"date":"2018-07-05T15:29:05","date_gmt":"2018-07-05T13:29:05","guid":{"rendered":"https:\/\/shop.pieceofcake.coach\/?post_type=product&#038;p=3339"},"modified":"2024-10-20T17:43:30","modified_gmt":"2024-10-20T15:43:30","slug":"basische-handcreme","status":"publish","type":"product","link":"https:\/\/pieceofcake.coach\/gesundheitsshop\/produkte\/basische-handcreme","title":{"rendered":"Basische Handcreme"},"content":{"rendered":"<h2>Basische Handcreme von ph-Cosmetics<\/h2>\n<p>Die hochwertige Basische Handcreme pflegt Deine H\u00e4nde mit nat\u00fcrlichem Mandel\u00f6l und Lavendelextrakten sowie mit Urea und Vitamin E. Die Creme zieht rasch ein und ist fein, dezent und nat\u00fcrlich im Duft. Das liegt selbstverst\u00e4ndlich an den nat\u00fcrlichen Inhaltsstoffen aus Frischpflanzenextrakten und \u00e4therischen \u00d6len.<\/p>\n<p>Da auch die Handcreme wie alle anderen Produkte der Pflegeserie komplett ohne Schadstoffe wie Aluminiumverbindungen, Erd\u00f6l, Soium Laureth Sulfate, Lanoline, Silikone, Propylene Glycol, Parabene und PEG auskommt, ist sie auch f\u00fcr Deine empfindliche Haut geeignet. H\u00e4ufig sogar falls Du Psoriasis oder Neurodermitis hast. In jedem Fall aber ist diese Handcreme sehr fein und auch ein gro\u00dfartiges Geschenk in Handgep\u00e4ckgr\u00f6\u00dfe von 100 ml. Die komplette Pflegeserie ist made in Germany und zu 100 Prozent vegan. Wie alle anderen Produkte von pH-Cosmetics ist auch die Basische Handcreme sehr ergiebig.<\/p>\n<p>&nbsp;<\/p>\n<section class=\"vc_cta3_content-container\">\n<div class=\"vc_general vc_cta3 vc_cta3-style-classic vc_cta3-shape-rounded vc_cta3-align-left vc_cta3-color-classic vc_cta3-icon-size-md vc_cta3-actions-bottom\">\n<div class=\"vc_cta3_content-container\">\n<div class=\"vc_cta3-content\">\n<blockquote>\n<h4>Meine Philosophie:<br \/>\nErstklassige Produkte, pers\u00f6nliche Beratung, entspanntes Einkaufen, durch den Versand entstehen Rohstoffe<\/h4>\n<p>Basische Handcreme beziehe ich direkt von <em>ph-Cosmetics<\/em>, einem meiner handverlesenen Hersteller und Lieferanten. Mit meinen Gesch\u00e4ftspartnern halte ich einen oft \u00fcber Jahre gewachsenen pers\u00f6nlichen Kontakt. Und ich mache nur Gesch\u00e4fte mit Menschen, die wie ich gerne ihr Bestes geben. Bei mir bekommst Du nur hochwertige Produkte, die ich selbst getestet habe und aus fachlicher Sicht f\u00fcr sinnvoll halte. Ich berate Dich gerne telefonisch. Du kannst dabei oder danach entspannt online einkaufen. Ich rufe Dich auch gerne zur\u00fcck.<br \/>\nVom Ern\u00e4hrungsberater mit Liebe recherchierte und individuell empfohlene Produkte f\u00fcr Deinen gesunden Lebensstil. Durch den Versand Deiner Bestellung <a href=\"https:\/\/shop.pieceofcake.coach\/meine-philosophie\">entstehen mehr Rohstoffe<\/a> als verbraucht werden. Gibt es so sonst nirgends.<\/p>\n<h4>Qualit\u00e4t unterst\u00fctzen oder &#8218;billiger, billiger&#8216;<\/h4>\n<p>Nat\u00fcrlich bekommst Du meine Produkte auch anderswo und m\u00f6glicherweise hier und da sogar etwas g\u00fcnstiger. Falls Du nicht auf jeden Cent achten musst, freue ich mich, wenn Du meinen Service wertsch\u00e4tzt und mein Kunde bleibst. Damit unterst\u00fctzt Du, dass mein erstklassiges Sortiment immer weiter w\u00e4chst. <a href=\"https:\/\/shop.pieceofcake.coach\/meine-philosophie\">Stammkunden<\/a> bekommen bei mir zudem Rabatte, <a href=\"https:\/\/pieceofcake.coach\/kontakt\">sprich mich gerne darauf an.<\/a><\/p><\/blockquote>\n<\/div>\n<\/div>\n<\/div>\n<\/section>\n","protected":false},"excerpt":{"rendered":"<p>Angenehm duftende <strong>Basische Handcreme<\/strong> mit <strong>Mandel\u00f6l, Lavendel, Urea<\/strong> und <strong>Vitamin E<\/strong>.<br \/>\n<strong>Vegan<\/strong> und <strong>ohne sch\u00e4dliche Inhaltsstoffe<\/strong>. Ich bin ein Mann, Handcreme ist mir nicht so wichtig. Aber diese ist toll, weil sie <strong>rasch<\/strong> <strong>einzieht<\/strong> und dezent und <strong>frisch<\/strong> duftet. Tolles <strong>Geschenk<\/strong>.<\/p>\n<p>Inhalt: 100 ml<\/p>\n","protected":false},"featured_media":27852,"comment_status":"closed","ping_status":"closed","template":"","meta":[],"product_brand":[],"product_cat":[348,361],"product_tag":[162,169,161,160],"class_list":{"0":"post-3339","1":"product","2":"type-product","3":"status-publish","4":"has-post-thumbnail","6":"product_cat-ganzheitlich-gesund","7":"product_cat-basische-kosmetik","8":"product_tag-basisch","9":"product_tag-handcreme","10":"product_tag-kosmetik","11":"product_tag-ph-cosmetics","12":"description-off","14":"first","15":"outofstock","16":"taxable","17":"shipping-taxable","18":"purchasable","19":"product-type-simple"},"yoast_head":"<!-- This site is optimized with the Yoast SEO plugin v26.4 - https:\/\/yoast.com\/wordpress\/plugins\/seo\/ -->\n<title>Basische Handcreme kaufen | piece of cake Gesundheitsshop<\/title>\n<meta name=\"description\" content=\"Basische Handcreme \u2705ph Cosmetics \u2705pflegt mit nat\u00fcrlichen \u00d6len und Extrakten von Mandeln, Lavendel, Urea und Vitamin E \u2705pH 7,5 \u2705zieht rasch ein\" \/>\n<meta name=\"robots\" content=\"index, follow, max-snippet:-1, max-image-preview:large, max-video-preview:-1\" \/>\n<link rel=\"canonical\" href=\"https:\/\/pieceofcake.coach\/gesundheitsshop\/produkte\/basische-handcreme\" \/>\n<meta property=\"og:locale\" content=\"de_DE\" \/>\n<meta property=\"og:type\" content=\"article\" \/>\n<meta property=\"og:title\" content=\"Basische Handcreme kaufen | piece of cake Gesundheitsshop\" \/>\n<meta property=\"og:description\" content=\"Basische Handcreme \u2705ph Cosmetics \u2705pflegt mit nat\u00fcrlichen \u00d6len und Extrakten von Mandeln, Lavendel, Urea und Vitamin E \u2705pH 7,5 \u2705zieht rasch ein\" \/>\n<meta property=\"og:url\" content=\"https:\/\/pieceofcake.coach\/gesundheitsshop\/produkte\/basische-handcreme\" \/>\n<meta property=\"og:site_name\" content=\"piece of cake Gesundheitsshop\" \/>\n<meta property=\"article:modified_time\" content=\"2024-10-20T15:43:30+00:00\" \/>\n<meta property=\"og:image\" content=\"https:\/\/pieceofcake.coach\/gesundheitsshop\/wp-content\/uploads\/sites\/5\/2020\/05\/Basische-Handcreme-scaled.jpg\" \/>\n\t<meta property=\"og:image:width\" content=\"2560\" \/>\n\t<meta property=\"og:image:height\" content=\"2560\" \/>\n\t<meta property=\"og:image:type\" content=\"image\/jpeg\" \/>\n<meta name=\"twitter:card\" content=\"summary_large_image\" \/>\n<meta name=\"twitter:label1\" content=\"Gesch\u00e4tzte Lesezeit\" \/>\n\t<meta name=\"twitter:data1\" content=\"1\u00a0Minute\" \/>\n<script type=\"application\/ld+json\" class=\"yoast-schema-graph\">{\"@context\":\"https:\/\/schema.org\",\"@graph\":[{\"@type\":\"WebPage\",\"@id\":\"https:\/\/pieceofcake.coach\/gesundheitsshop\/produkte\/basische-handcreme\",\"url\":\"https:\/\/pieceofcake.coach\/gesundheitsshop\/produkte\/basische-handcreme\",\"name\":\"Basische Handcreme kaufen | piece of cake Gesundheitsshop\",\"isPartOf\":{\"@id\":\"https:\/\/pieceofcake.coach\/gesundheitsshop\/#website\"},\"primaryImageOfPage\":{\"@id\":\"https:\/\/pieceofcake.coach\/gesundheitsshop\/produkte\/basische-handcreme#primaryimage\"},\"image\":{\"@id\":\"https:\/\/pieceofcake.coach\/gesundheitsshop\/produkte\/basische-handcreme#primaryimage\"},\"thumbnailUrl\":\"https:\/\/pieceofcake.coach\/gesundheitsshop\/wp-content\/uploads\/sites\/5\/2020\/05\/Basische-Handcreme-scaled.jpg\",\"datePublished\":\"2018-07-05T13:29:05+00:00\",\"dateModified\":\"2024-10-20T15:43:30+00:00\",\"description\":\"Basische Handcreme \u2705ph Cosmetics \u2705pflegt mit nat\u00fcrlichen \u00d6len und Extrakten von Mandeln, Lavendel, Urea und Vitamin E \u2705pH 7,5 \u2705zieht rasch ein\",\"breadcrumb\":{\"@id\":\"https:\/\/pieceofcake.coach\/gesundheitsshop\/produkte\/basische-handcreme#breadcrumb\"},\"inLanguage\":\"de\",\"potentialAction\":[{\"@type\":\"ReadAction\",\"target\":[\"https:\/\/pieceofcake.coach\/gesundheitsshop\/produkte\/basische-handcreme\"]}]},{\"@type\":\"ImageObject\",\"inLanguage\":\"de\",\"@id\":\"https:\/\/pieceofcake.coach\/gesundheitsshop\/produkte\/basische-handcreme#primaryimage\",\"url\":\"https:\/\/pieceofcake.coach\/gesundheitsshop\/wp-content\/uploads\/sites\/5\/2020\/05\/Basische-Handcreme-scaled.jpg\",\"contentUrl\":\"https:\/\/pieceofcake.coach\/gesundheitsshop\/wp-content\/uploads\/sites\/5\/2020\/05\/Basische-Handcreme-scaled.jpg\",\"width\":2560,\"height\":2560,\"caption\":\"Basische Handcreme\"},{\"@type\":\"BreadcrumbList\",\"@id\":\"https:\/\/pieceofcake.coach\/gesundheitsshop\/produkte\/basische-handcreme#breadcrumb\",\"itemListElement\":[{\"@type\":\"ListItem\",\"position\":1,\"name\":\"Startseite\",\"item\":\"https:\/\/pieceofcake.coach\/gesundheitsshop\/\"},{\"@type\":\"ListItem\",\"position\":2,\"name\":\"Produkte\",\"item\":\"https:\/\/pieceofcake.coach\/gesundheitsshop\/produkte\"},{\"@type\":\"ListItem\",\"position\":3,\"name\":\"Basische Handcreme\"}]},{\"@type\":\"WebSite\",\"@id\":\"https:\/\/pieceofcake.coach\/gesundheitsshop\/#website\",\"url\":\"https:\/\/pieceofcake.coach\/gesundheitsshop\/\",\"name\":\"piece of cake Gesundheitsshop\",\"description\":\"\",\"potentialAction\":[{\"@type\":\"SearchAction\",\"target\":{\"@type\":\"EntryPoint\",\"urlTemplate\":\"https:\/\/pieceofcake.coach\/gesundheitsshop\/?s={search_term_string}\"},\"query-input\":{\"@type\":\"PropertyValueSpecification\",\"valueRequired\":true,\"valueName\":\"search_term_string\"}}],\"inLanguage\":\"de\"}]}<\/script>\n<!-- \/ Yoast SEO plugin. -->","yoast_head_json":{"title":"Basische Handcreme kaufen | piece of cake Gesundheitsshop","description":"Basische Handcreme \u2705ph Cosmetics \u2705pflegt mit nat\u00fcrlichen \u00d6len und Extrakten von Mandeln, Lavendel, Urea und Vitamin E \u2705pH 7,5 \u2705zieht rasch ein","robots":{"index":"index","follow":"follow","max-snippet":"max-snippet:-1","max-image-preview":"max-image-preview:large","max-video-preview":"max-video-preview:-1"},"canonical":"https:\/\/pieceofcake.coach\/gesundheitsshop\/produkte\/basische-handcreme","og_locale":"de_DE","og_type":"article","og_title":"Basische Handcreme kaufen | piece of cake Gesundheitsshop","og_description":"Basische Handcreme \u2705ph Cosmetics \u2705pflegt mit nat\u00fcrlichen \u00d6len und Extrakten von Mandeln, Lavendel, Urea und Vitamin E \u2705pH 7,5 \u2705zieht rasch ein","og_url":"https:\/\/pieceofcake.coach\/gesundheitsshop\/produkte\/basische-handcreme","og_site_name":"piece of cake Gesundheitsshop","article_modified_time":"2024-10-20T15:43:30+00:00","og_image":[{"width":2560,"height":2560,"url":"https:\/\/pieceofcake.coach\/gesundheitsshop\/wp-content\/uploads\/sites\/5\/2020\/05\/Basische-Handcreme-scaled.jpg","type":"image\/jpeg"}],"twitter_card":"summary_large_image","twitter_misc":{"Gesch\u00e4tzte Lesezeit":"1\u00a0Minute"},"schema":{"@context":"https:\/\/schema.org","@graph":[{"@type":"WebPage","@id":"https:\/\/pieceofcake.coach\/gesundheitsshop\/produkte\/basische-handcreme","url":"https:\/\/pieceofcake.coach\/gesundheitsshop\/produkte\/basische-handcreme","name":"Basische Handcreme kaufen | piece of cake Gesundheitsshop","isPartOf":{"@id":"https:\/\/pieceofcake.coach\/gesundheitsshop\/#website"},"primaryImageOfPage":{"@id":"https:\/\/pieceofcake.coach\/gesundheitsshop\/produkte\/basische-handcreme#primaryimage"},"image":{"@id":"https:\/\/pieceofcake.coach\/gesundheitsshop\/produkte\/basische-handcreme#primaryimage"},"thumbnailUrl":"https:\/\/pieceofcake.coach\/gesundheitsshop\/wp-content\/uploads\/sites\/5\/2020\/05\/Basische-Handcreme-scaled.jpg","datePublished":"2018-07-05T13:29:05+00:00","dateModified":"2024-10-20T15:43:30+00:00","description":"Basische Handcreme \u2705ph Cosmetics \u2705pflegt mit nat\u00fcrlichen \u00d6len und Extrakten von Mandeln, Lavendel, Urea und Vitamin E \u2705pH 7,5 \u2705zieht rasch ein","breadcrumb":{"@id":"https:\/\/pieceofcake.coach\/gesundheitsshop\/produkte\/basische-handcreme#breadcrumb"},"inLanguage":"de","potentialAction":[{"@type":"ReadAction","target":["https:\/\/pieceofcake.coach\/gesundheitsshop\/produkte\/basische-handcreme"]}]},{"@type":"ImageObject","inLanguage":"de","@id":"https:\/\/pieceofcake.coach\/gesundheitsshop\/produkte\/basische-handcreme#primaryimage","url":"https:\/\/pieceofcake.coach\/gesundheitsshop\/wp-content\/uploads\/sites\/5\/2020\/05\/Basische-Handcreme-scaled.jpg","contentUrl":"https:\/\/pieceofcake.coach\/gesundheitsshop\/wp-content\/uploads\/sites\/5\/2020\/05\/Basische-Handcreme-scaled.jpg","width":2560,"height":2560,"caption":"Basische Handcreme"},{"@type":"BreadcrumbList","@id":"https:\/\/pieceofcake.coach\/gesundheitsshop\/produkte\/basische-handcreme#breadcrumb","itemListElement":[{"@type":"ListItem","position":1,"name":"Startseite","item":"https:\/\/pieceofcake.coach\/gesundheitsshop\/"},{"@type":"ListItem","position":2,"name":"Produkte","item":"https:\/\/pieceofcake.coach\/gesundheitsshop\/produkte"},{"@type":"ListItem","position":3,"name":"Basische Handcreme"}]},{"@type":"WebSite","@id":"https:\/\/pieceofcake.coach\/gesundheitsshop\/#website","url":"https:\/\/pieceofcake.coach\/gesundheitsshop\/","name":"piece of cake Gesundheitsshop","description":"","potentialAction":[{"@type":"SearchAction","target":{"@type":"EntryPoint","urlTemplate":"https:\/\/pieceofcake.coach\/gesundheitsshop\/?s={search_term_string}"},"query-input":{"@type":"PropertyValueSpecification","valueRequired":true,"valueName":"search_term_string"}}],"inLanguage":"de"}]}},"_links":{"self":[{"href":"https:\/\/pieceofcake.coach\/gesundheitsshop\/wp-json\/wp\/v2\/product\/3339","targetHints":{"allow":["GET"]}}],"collection":[{"href":"https:\/\/pieceofcake.coach\/gesundheitsshop\/wp-json\/wp\/v2\/product"}],"about":[{"href":"https:\/\/pieceofcake.coach\/gesundheitsshop\/wp-json\/wp\/v2\/types\/product"}],"replies":[{"embeddable":true,"href":"https:\/\/pieceofcake.coach\/gesundheitsshop\/wp-json\/wp\/v2\/comments?post=3339"}],"wp:featuredmedia":[{"embeddable":true,"href":"https:\/\/pieceofcake.coach\/gesundheitsshop\/wp-json\/wp\/v2\/media\/27852"}],"wp:attachment":[{"href":"https:\/\/pieceofcake.coach\/gesundheitsshop\/wp-json\/wp\/v2\/media?parent=3339"}],"wp:term":[{"taxonomy":"product_brand","embeddable":true,"href":"https:\/\/pieceofcake.coach\/gesundheitsshop\/wp-json\/wp\/v2\/product_brand?post=3339"},{"taxonomy":"product_cat","embeddable":true,"href":"https:\/\/pieceofcake.coach\/gesundheitsshop\/wp-json\/wp\/v2\/product_cat?post=3339"},{"taxonomy":"product_tag","embeddable":true,"href":"https:\/\/pieceofcake.coach\/gesundheitsshop\/wp-json\/wp\/v2\/product_tag?post=3339"}],"curies":[{"name":"wp","href":"https:\/\/api.w.org\/{rel}","templated":true}]}}