{"id":3354,"date":"2018-07-05T15:58:27","date_gmt":"2018-07-05T13:58:27","guid":{"rendered":"https:\/\/shop.pieceofcake.coach\/?post_type=product&#038;p=3354"},"modified":"2025-12-01T12:50:15","modified_gmt":"2025-12-01T11:50:15","slug":"basische-reinigungsmilch","status":"publish","type":"product","link":"https:\/\/pieceofcake.coach\/gesundheitsshop\/produkte\/basische-reinigungsmilch","title":{"rendered":"Basische Reinigungsmilch"},"content":{"rendered":"<h2>Basische Reinigungsmilch von ph-Cosmetics<\/h2>\n<p>Die hochwertige Basische Reinigungsmilch reinigt und pflegt Dein Gesicht mit Wiesenschaumkraut\u00f6l, Pfefferminze, Mandarine und Schachtelhalm. Sie ist f\u00fcr jeden Hauttyp und auch zur Behandlung der Augenpartie als Make-up Entferner oder zur t\u00e4glichen Reinigung geeignet. Basische Kosmetika von ph-Cosmetics unterst\u00fctzen die Haut bei einer ihrer wichtigen Aufgabe als Ents\u00e4uerungsorgan. Gleichzeitig regen sie die Regeneration und Selbstfettung der Haut an und sie duften angenehm nat\u00fcrlich. Das liegt an den Frischpflanzenextrakten und Natur\u00f6len in sorgf\u00e4ltig abgestimmten Mischungen.<\/p>\n<h3>Geeignet f\u00fcr Menschen mit empfindlicher Haut, Akne und Neurodermitis<\/h3>\n<p>Keines der Produkte der gesamten Pflegeserie enth\u00e4lt Erd\u00f6lprodukte, Alkohol, Silikone, Sodium Laureth Sulfate, Aluminiumverbindungen, Parabene, Silikone, PEG oder Konservierungsstoffe. Deswegen sind sie f\u00fcr Menschen mit empfindlicher, entz\u00fcndeter und sonstwie ekrankter Haut geeignet. Alle Produkte sind made in Germany und zu 100 Prozent vegan. Wie alle anderen Produkte von pH Cosmetics ist auch die Basische Reinigungsmilch sehr ergiebig.<\/p>\n<p>&nbsp;<\/p>\n<section class=\"vc_cta3_content-container\">\n<div class=\"vc_general vc_cta3 vc_cta3-style-classic vc_cta3-shape-rounded vc_cta3-align-left vc_cta3-color-classic vc_cta3-icon-size-md vc_cta3-actions-bottom\">\n<div class=\"vc_cta3_content-container\">\n<div class=\"vc_cta3-content\">\n<blockquote>\n<h4>Meine Philosophie:<br \/>\nErstklassige Produkte, pers\u00f6nliche Beratung, entspanntes Einkaufen, durch den Versand entstehen Rohstoffe<\/h4>\n<p>Basische Reinigungsmilch beziehe ich direkt von <em>ph-Cosmetics<\/em>, einem meiner handverlesenen Hersteller und Lieferanten. Mit meinen Gesch\u00e4ftspartnern halte ich einen oft \u00fcber Jahre gewachsenen pers\u00f6nlichen Kontakt. Und ich mache nur Gesch\u00e4fte mit Menschen, die wie ich gerne ihr Bestes geben. Bei mir bekommst Du nur hochwertige Produkte, die ich selbst getestet habe und aus fachlicher Sicht f\u00fcr sinnvoll halte. Ich berate Dich gerne telefonisch. Du kannst dabei oder danach entspannt online einkaufen. Ich rufe Dich auch gerne zur\u00fcck.<br \/>\nVom Ern\u00e4hrungsberater mit Liebe recherchierte und individuell empfohlene Produkte f\u00fcr Deinen gesunden Lebensstil. Durch den Versand Deiner Bestellung <a href=\"https:\/\/shop.pieceofcake.coach\/meine-philosophie\">entstehen mehr Rohstoffe<\/a> als verbraucht werden. Gibt es so sonst nirgends.<\/p>\n<h4>Qualit\u00e4t unterst\u00fctzen oder &#8218;billiger, billiger&#8216;<\/h4>\n<p>Nat\u00fcrlich bekommst Du meine Produkte auch anderswo und m\u00f6glicherweise hier und da sogar etwas g\u00fcnstiger. Falls Du nicht auf jeden Cent achten musst, freue ich mich, wenn Du meinen Service wertsch\u00e4tzt und mein Kunde bleibst. Damit unterst\u00fctzt Du, dass mein erstklassiges Sortiment immer weiter w\u00e4chst. <a href=\"https:\/\/shop.pieceofcake.coach\/meine-philosophie\">Stammkunden<\/a> bekommen bei mir zudem Rabatte, <a href=\"https:\/\/pieceofcake.coach\/kontakt\">sprich mich gerne darauf an.<\/a><\/p><\/blockquote>\n<\/div>\n<\/div>\n<\/div>\n<\/section>\n","protected":false},"excerpt":{"rendered":"<p>Die <strong>Basische Reinigungsmilch<\/strong> <strong>reinigt<\/strong> und <strong>pflegt<\/strong> Dein Gesicht mit <strong>Wiesenschaumkraut\u00f6l, Pfefferminze, Mandarine<\/strong> und <strong>Schachtelhalm<\/strong>. Sie ist zur <strong>Make-up Entfernung<\/strong> und zur <strong>t\u00e4glichen Reinigung<\/strong> auch der <strong>Augenpartie<\/strong> geeignet. Der basische pH Wert von 8,7 regt Deine Haut zur <strong>Regeneration, Ents\u00e4uerung<\/strong> und <strong>Selbstfettung<\/strong> an. Anschlie\u00dfend bietet sich zum Kl\u00e4ren eine Auftragen des Basischen Tonics der gleichen Pflegeserie an. F\u00fcr <strong>alle Hauttypen<\/strong> bestens geeignet.<br \/>\n<strong>Vegan<\/strong> und <strong>ohne sch\u00e4dliche Inhaltsstoffe<\/strong>.<\/p>\n<p>Inhalt: 200 ml<\/p>\n","protected":false},"featured_media":27857,"comment_status":"closed","ping_status":"closed","template":"","meta":[],"product_brand":[],"product_cat":[387,348,361],"product_tag":[],"class_list":{"0":"post-3354","1":"product","2":"type-product","3":"status-publish","4":"has-post-thumbnail","6":"product_cat-angebote","7":"product_cat-ganzheitlich-gesund","8":"product_cat-basische-kosmetik","9":"description-off","11":"first","12":"instock","13":"sale","14":"taxable","15":"shipping-taxable","16":"purchasable","17":"product-type-simple"},"yoast_head":"<!-- This site is optimized with the Yoast SEO plugin v26.4 - https:\/\/yoast.com\/wordpress\/plugins\/seo\/ -->\n<title>Basische Reinigungsmilch kaufen | piece of cake Gesundheitsshop<\/title>\n<meta name=\"description\" content=\"Basische Reinigungsmilch \u2705ph-Cosmetics \u2705Wiesenschaumkraut\u00f6l, Pfefferminze, Mandarine, Schachtelhalm \u2705pH 8,7 \u2705f\u00fcr Ents\u00e4uerung und Selbstfettung\" \/>\n<meta name=\"robots\" content=\"index, follow, max-snippet:-1, max-image-preview:large, max-video-preview:-1\" \/>\n<link rel=\"canonical\" href=\"https:\/\/pieceofcake.coach\/gesundheitsshop\/produkte\/basische-reinigungsmilch\" \/>\n<meta property=\"og:locale\" content=\"de_DE\" \/>\n<meta property=\"og:type\" content=\"article\" \/>\n<meta property=\"og:title\" content=\"Basische Reinigungsmilch kaufen | piece of cake Gesundheitsshop\" \/>\n<meta property=\"og:description\" content=\"Basische Reinigungsmilch \u2705ph-Cosmetics \u2705Wiesenschaumkraut\u00f6l, Pfefferminze, Mandarine, Schachtelhalm \u2705pH 8,7 \u2705f\u00fcr Ents\u00e4uerung und Selbstfettung\" \/>\n<meta property=\"og:url\" content=\"https:\/\/pieceofcake.coach\/gesundheitsshop\/produkte\/basische-reinigungsmilch\" \/>\n<meta property=\"og:site_name\" content=\"piece of cake Gesundheitsshop\" \/>\n<meta property=\"article:modified_time\" content=\"2025-12-01T11:50:15+00:00\" \/>\n<meta property=\"og:image\" content=\"https:\/\/pieceofcake.coach\/gesundheitsshop\/wp-content\/uploads\/sites\/5\/2020\/05\/Basische-Reinigungsmilch-scaled.jpg\" \/>\n\t<meta property=\"og:image:width\" content=\"2560\" \/>\n\t<meta property=\"og:image:height\" content=\"2560\" \/>\n\t<meta property=\"og:image:type\" content=\"image\/jpeg\" \/>\n<meta name=\"twitter:card\" content=\"summary_large_image\" \/>\n<meta name=\"twitter:label1\" content=\"Gesch\u00e4tzte Lesezeit\" \/>\n\t<meta name=\"twitter:data1\" content=\"2\u00a0Minuten\" \/>\n<script type=\"application\/ld+json\" class=\"yoast-schema-graph\">{\"@context\":\"https:\/\/schema.org\",\"@graph\":[{\"@type\":\"WebPage\",\"@id\":\"https:\/\/pieceofcake.coach\/gesundheitsshop\/produkte\/basische-reinigungsmilch\",\"url\":\"https:\/\/pieceofcake.coach\/gesundheitsshop\/produkte\/basische-reinigungsmilch\",\"name\":\"Basische Reinigungsmilch kaufen | piece of cake Gesundheitsshop\",\"isPartOf\":{\"@id\":\"https:\/\/pieceofcake.coach\/gesundheitsshop\/#website\"},\"primaryImageOfPage\":{\"@id\":\"https:\/\/pieceofcake.coach\/gesundheitsshop\/produkte\/basische-reinigungsmilch#primaryimage\"},\"image\":{\"@id\":\"https:\/\/pieceofcake.coach\/gesundheitsshop\/produkte\/basische-reinigungsmilch#primaryimage\"},\"thumbnailUrl\":\"https:\/\/pieceofcake.coach\/gesundheitsshop\/wp-content\/uploads\/sites\/5\/2020\/05\/Basische-Reinigungsmilch-scaled.jpg\",\"datePublished\":\"2018-07-05T13:58:27+00:00\",\"dateModified\":\"2025-12-01T11:50:15+00:00\",\"description\":\"Basische Reinigungsmilch \u2705ph-Cosmetics \u2705Wiesenschaumkraut\u00f6l, Pfefferminze, Mandarine, Schachtelhalm \u2705pH 8,7 \u2705f\u00fcr Ents\u00e4uerung und Selbstfettung\",\"breadcrumb\":{\"@id\":\"https:\/\/pieceofcake.coach\/gesundheitsshop\/produkte\/basische-reinigungsmilch#breadcrumb\"},\"inLanguage\":\"de\",\"potentialAction\":[{\"@type\":\"ReadAction\",\"target\":[\"https:\/\/pieceofcake.coach\/gesundheitsshop\/produkte\/basische-reinigungsmilch\"]}]},{\"@type\":\"ImageObject\",\"inLanguage\":\"de\",\"@id\":\"https:\/\/pieceofcake.coach\/gesundheitsshop\/produkte\/basische-reinigungsmilch#primaryimage\",\"url\":\"https:\/\/pieceofcake.coach\/gesundheitsshop\/wp-content\/uploads\/sites\/5\/2020\/05\/Basische-Reinigungsmilch-scaled.jpg\",\"contentUrl\":\"https:\/\/pieceofcake.coach\/gesundheitsshop\/wp-content\/uploads\/sites\/5\/2020\/05\/Basische-Reinigungsmilch-scaled.jpg\",\"width\":2560,\"height\":2560,\"caption\":\"Basische Reinigungsmilch\"},{\"@type\":\"BreadcrumbList\",\"@id\":\"https:\/\/pieceofcake.coach\/gesundheitsshop\/produkte\/basische-reinigungsmilch#breadcrumb\",\"itemListElement\":[{\"@type\":\"ListItem\",\"position\":1,\"name\":\"Startseite\",\"item\":\"https:\/\/pieceofcake.coach\/gesundheitsshop\/\"},{\"@type\":\"ListItem\",\"position\":2,\"name\":\"Produkte\",\"item\":\"https:\/\/pieceofcake.coach\/gesundheitsshop\/produkte\"},{\"@type\":\"ListItem\",\"position\":3,\"name\":\"Basische Reinigungsmilch\"}]},{\"@type\":\"WebSite\",\"@id\":\"https:\/\/pieceofcake.coach\/gesundheitsshop\/#website\",\"url\":\"https:\/\/pieceofcake.coach\/gesundheitsshop\/\",\"name\":\"piece of cake Gesundheitsshop\",\"description\":\"\",\"potentialAction\":[{\"@type\":\"SearchAction\",\"target\":{\"@type\":\"EntryPoint\",\"urlTemplate\":\"https:\/\/pieceofcake.coach\/gesundheitsshop\/?s={search_term_string}\"},\"query-input\":{\"@type\":\"PropertyValueSpecification\",\"valueRequired\":true,\"valueName\":\"search_term_string\"}}],\"inLanguage\":\"de\"}]}<\/script>\n<!-- \/ Yoast SEO plugin. -->","yoast_head_json":{"title":"Basische Reinigungsmilch kaufen | piece of cake Gesundheitsshop","description":"Basische Reinigungsmilch \u2705ph-Cosmetics \u2705Wiesenschaumkraut\u00f6l, Pfefferminze, Mandarine, Schachtelhalm \u2705pH 8,7 \u2705f\u00fcr Ents\u00e4uerung und Selbstfettung","robots":{"index":"index","follow":"follow","max-snippet":"max-snippet:-1","max-image-preview":"max-image-preview:large","max-video-preview":"max-video-preview:-1"},"canonical":"https:\/\/pieceofcake.coach\/gesundheitsshop\/produkte\/basische-reinigungsmilch","og_locale":"de_DE","og_type":"article","og_title":"Basische Reinigungsmilch kaufen | piece of cake Gesundheitsshop","og_description":"Basische Reinigungsmilch \u2705ph-Cosmetics \u2705Wiesenschaumkraut\u00f6l, Pfefferminze, Mandarine, Schachtelhalm \u2705pH 8,7 \u2705f\u00fcr Ents\u00e4uerung und Selbstfettung","og_url":"https:\/\/pieceofcake.coach\/gesundheitsshop\/produkte\/basische-reinigungsmilch","og_site_name":"piece of cake Gesundheitsshop","article_modified_time":"2025-12-01T11:50:15+00:00","og_image":[{"width":2560,"height":2560,"url":"https:\/\/pieceofcake.coach\/gesundheitsshop\/wp-content\/uploads\/sites\/5\/2020\/05\/Basische-Reinigungsmilch-scaled.jpg","type":"image\/jpeg"}],"twitter_card":"summary_large_image","twitter_misc":{"Gesch\u00e4tzte Lesezeit":"2\u00a0Minuten"},"schema":{"@context":"https:\/\/schema.org","@graph":[{"@type":"WebPage","@id":"https:\/\/pieceofcake.coach\/gesundheitsshop\/produkte\/basische-reinigungsmilch","url":"https:\/\/pieceofcake.coach\/gesundheitsshop\/produkte\/basische-reinigungsmilch","name":"Basische Reinigungsmilch kaufen | piece of cake Gesundheitsshop","isPartOf":{"@id":"https:\/\/pieceofcake.coach\/gesundheitsshop\/#website"},"primaryImageOfPage":{"@id":"https:\/\/pieceofcake.coach\/gesundheitsshop\/produkte\/basische-reinigungsmilch#primaryimage"},"image":{"@id":"https:\/\/pieceofcake.coach\/gesundheitsshop\/produkte\/basische-reinigungsmilch#primaryimage"},"thumbnailUrl":"https:\/\/pieceofcake.coach\/gesundheitsshop\/wp-content\/uploads\/sites\/5\/2020\/05\/Basische-Reinigungsmilch-scaled.jpg","datePublished":"2018-07-05T13:58:27+00:00","dateModified":"2025-12-01T11:50:15+00:00","description":"Basische Reinigungsmilch \u2705ph-Cosmetics \u2705Wiesenschaumkraut\u00f6l, Pfefferminze, Mandarine, Schachtelhalm \u2705pH 8,7 \u2705f\u00fcr Ents\u00e4uerung und Selbstfettung","breadcrumb":{"@id":"https:\/\/pieceofcake.coach\/gesundheitsshop\/produkte\/basische-reinigungsmilch#breadcrumb"},"inLanguage":"de","potentialAction":[{"@type":"ReadAction","target":["https:\/\/pieceofcake.coach\/gesundheitsshop\/produkte\/basische-reinigungsmilch"]}]},{"@type":"ImageObject","inLanguage":"de","@id":"https:\/\/pieceofcake.coach\/gesundheitsshop\/produkte\/basische-reinigungsmilch#primaryimage","url":"https:\/\/pieceofcake.coach\/gesundheitsshop\/wp-content\/uploads\/sites\/5\/2020\/05\/Basische-Reinigungsmilch-scaled.jpg","contentUrl":"https:\/\/pieceofcake.coach\/gesundheitsshop\/wp-content\/uploads\/sites\/5\/2020\/05\/Basische-Reinigungsmilch-scaled.jpg","width":2560,"height":2560,"caption":"Basische Reinigungsmilch"},{"@type":"BreadcrumbList","@id":"https:\/\/pieceofcake.coach\/gesundheitsshop\/produkte\/basische-reinigungsmilch#breadcrumb","itemListElement":[{"@type":"ListItem","position":1,"name":"Startseite","item":"https:\/\/pieceofcake.coach\/gesundheitsshop\/"},{"@type":"ListItem","position":2,"name":"Produkte","item":"https:\/\/pieceofcake.coach\/gesundheitsshop\/produkte"},{"@type":"ListItem","position":3,"name":"Basische Reinigungsmilch"}]},{"@type":"WebSite","@id":"https:\/\/pieceofcake.coach\/gesundheitsshop\/#website","url":"https:\/\/pieceofcake.coach\/gesundheitsshop\/","name":"piece of cake Gesundheitsshop","description":"","potentialAction":[{"@type":"SearchAction","target":{"@type":"EntryPoint","urlTemplate":"https:\/\/pieceofcake.coach\/gesundheitsshop\/?s={search_term_string}"},"query-input":{"@type":"PropertyValueSpecification","valueRequired":true,"valueName":"search_term_string"}}],"inLanguage":"de"}]}},"_links":{"self":[{"href":"https:\/\/pieceofcake.coach\/gesundheitsshop\/wp-json\/wp\/v2\/product\/3354","targetHints":{"allow":["GET"]}}],"collection":[{"href":"https:\/\/pieceofcake.coach\/gesundheitsshop\/wp-json\/wp\/v2\/product"}],"about":[{"href":"https:\/\/pieceofcake.coach\/gesundheitsshop\/wp-json\/wp\/v2\/types\/product"}],"replies":[{"embeddable":true,"href":"https:\/\/pieceofcake.coach\/gesundheitsshop\/wp-json\/wp\/v2\/comments?post=3354"}],"wp:featuredmedia":[{"embeddable":true,"href":"https:\/\/pieceofcake.coach\/gesundheitsshop\/wp-json\/wp\/v2\/media\/27857"}],"wp:attachment":[{"href":"https:\/\/pieceofcake.coach\/gesundheitsshop\/wp-json\/wp\/v2\/media?parent=3354"}],"wp:term":[{"taxonomy":"product_brand","embeddable":true,"href":"https:\/\/pieceofcake.coach\/gesundheitsshop\/wp-json\/wp\/v2\/product_brand?post=3354"},{"taxonomy":"product_cat","embeddable":true,"href":"https:\/\/pieceofcake.coach\/gesundheitsshop\/wp-json\/wp\/v2\/product_cat?post=3354"},{"taxonomy":"product_tag","embeddable":true,"href":"https:\/\/pieceofcake.coach\/gesundheitsshop\/wp-json\/wp\/v2\/product_tag?post=3354"}],"curies":[{"name":"wp","href":"https:\/\/api.w.org\/{rel}","templated":true}]}}