{"id":3403,"date":"2018-07-06T19:47:48","date_gmt":"2018-07-06T17:47:48","guid":{"rendered":"https:\/\/shop.pieceofcake.coach\/?post_type=product&#038;p=3403"},"modified":"2024-09-03T12:37:36","modified_gmt":"2024-09-03T10:37:36","slug":"bio-flohsamenschalen","status":"publish","type":"product","link":"https:\/\/pieceofcake.coach\/gesundheitsshop\/produkte\/bio-flohsamenschalen","title":{"rendered":"Bio Flohsamenschalen Pulver"},"content":{"rendered":"<div class=\"is-description content--description\">\n<div class=\"product--description columns\">\n<h2>Worum handelt es sich bei Bio Flohsamenschalen Pulver?<\/h2>\n<p>Dieses Bio Flohsamenschalen Pulver besteht aus feinst vermahlenen Flohsamen Schalen. Diese enthalten einen grossen Anteil an l\u00f6slichen Ballaststoffen, die in Verbindung mit Wasser um ein Vielfaches aufquellen. Die feine Vermahlung verst\u00e4rkt den Effekt zus\u00e4tzlich, da sie die Oberfl\u00e4che der Flohsamenschalen vergr\u00f6ssert.<\/p>\n<h2>Wof\u00fcr ist Bio Flohsamenschalen Pulver geeignet?<\/h2>\n<p>Bio Flohsamenschalen Pulver ist eine Basis-Komponente einer effektiven Darmreinigung. Dabei wandern die aufgequollenen Flohsamenschalen wie eine Art Schwamm durch den Verdauungstrakt und l\u00f6sen Ablagerungen aber auch Parasiten, Pilze etc. Im Zusammenspiel mit einer Mineralerde wie z.B. <a href=\"https:\/\/shop.pieceofcake.coach\/produkte\/bentonit-detox-pulver-400g\">Bentonit Detox Pulver<\/a>, das die gel\u00f6sten Schadstoffe bindet, sowie einem geeigneten Probiotikum wie z.B. <a href=\"https:\/\/shop.pieceofcake.coach\/produkte\/prointens-ultra-probiotikum-30-kapseln\">ProIntens Ultra<\/a> ist Bio Flohsamenschalen Pulver wichtiger Bestandteil einer <a href=\"https:\/\/pieceofcake.coach\/darmsanierung-weg-zur-darmgesundheit\" target=\"_blank\" rel=\"noopener noreferrer\">Darmsanierung<\/a>. Die drei Bestandteile verst\u00e4rken sich gegenseitig in ihrer Wirkung. Flohsamenschalen Pulver wirkt zudem noch pr\u00e4biotisch, d.h. es liefert Nahrung f\u00fcr die frischen Darmbakterien. Entscheidend f\u00fcr den Erfolg einer Darmsanierung sind zudem die Ern\u00e4hrungs- und Lebensgewohnheiten, die es dem Darm erm\u00f6glichen zu gesunden.<\/p>\n<h3>Zur Herstellung und Qualit\u00e4t von Bio Flohsamenschalen Pulver<\/h3>\n<p>Das Flohsamenschalen Pulver stammt aus kontrolliert biologischer Landwirtschaft aus Indien, der Heimat der Flohsamen. Das Produkt liegt in Rohkost-Qualit\u00e4t und vor allem feinst vermahlen vor.<\/p>\n<h2>Ballaststoffe &#8211; Was ist das eigentlich?<\/h2>\n<p>Ballaststoffe sind alles andere als Ballast. Der Begriff stammt aus einer Zeit, in der man annahm, dass Ballaststoffe nur \u201eBallast\u201c seien und keinerlei Funktion haben.<br \/>\nAllerdings helfen Ballaststoffe bei der Verdauung. Sie erh\u00f6hen das Volumen des Magen- und Darminhalts ohne dabei Energie zu liefern. Durch eine gute Magen- bzw. Darmf\u00fcllung haben wir ein S\u00e4ttigungsgef\u00fchl und h\u00f6ren auf zu essen. Durch eine gute F\u00fcllung des Darms transportiert dieser die Nahrung effektiver weiter und entleert sich komplett, was f\u00fcr die Regeneration des Darmes wichtig ist. Bio Flohsamenschalen Pulver tr\u00e4gt also auch in dieser Hinsicht zur Darmgesundheit bei.<\/p>\n<h2>L\u00f6sliche und unl\u00f6sliche Ballaststoffe<\/h2>\n<p>Ballaststoffe k\u00f6nnen in zwei Gruppen eingeteilt werden. Die unl\u00f6slichen Ballaststoffe und die l\u00f6slichen Ballaststoffe. Wenn Du z. B. Weizenkleie in Wasser gibst, passiert rein gar nichts. Denn die enthaltenen Ballaststoffe sind gr\u00f6sstenteils unl\u00f6slich. Gibst Du dagegen Bio Flohsamenschalen Pulver in Wasser, dickt die Fl\u00fcssigkeit schnell an \u2013 denn es sind l\u00f6sliche Ballaststoffe.<br \/>\nL\u00f6sliche Ballaststoffe haben den Vorteil, dass Sie Wasser binden und Ihr Volumen damit enorm erh\u00f6hen. Die Magen- und Darmf\u00fcllung wird damit noch mehr erh\u00f6ht als durch den Verzehr unl\u00f6slicher Ballaststoffe. Dieser Effekt f\u00fchrt aber auch zum Umkehrschluss, dass Du bei der Einnahme von l\u00f6slichen Ballaststoffen viel Wasser trinken solltest. Ansonsten kann es zu Verstopfung kommen.<\/p>\n<h3>Schalen versus Pulver<\/h3>\n<p>Flohsamenschalen sind die Reste der gesch\u00e4lten Flohsamen. Sie werden oft etwas g\u00fcnstiger als ganze Schalen oder nur grob zerkleinert angeboten. Der Vorteil des hier vorliegenden feinst vermahlenen Pulvers ist &#8211; neben der Bioqualit\u00e4t &#8211; die gr\u00f6ssere Oberfl\u00e4che, die viel besser Wasser binden kann und st\u00e4rker aufquillt und damit den gew\u00fcnschten reinigenden und pr\u00e4biotischen Effekt im Darm hat. Die Flohsamenschalen, die es f\u00fcr gew\u00f6hnlich in Reformh\u00e4usern oder Biol\u00e4den gibt, sind etwas g\u00fcnstiger und zum Backen geeignet.<\/p>\n<p>&nbsp;<\/p>\n<section class=\"vc_cta3_content-container\">\n<div class=\"vc_general vc_cta3 vc_cta3-style-classic vc_cta3-shape-rounded vc_cta3-align-left vc_cta3-color-classic vc_cta3-icon-size-md vc_cta3-actions-bottom\">\n<div class=\"vc_cta3_content-container\">\n<div class=\"vc_cta3-content\">\n<blockquote>\n<h4>Meine Philosophie:<br \/>\nErstklassige Produkte, pers\u00f6nliche Beratung, entspanntes Einkaufen, durch den Versand entstehen Rohstoffe<\/h4>\n<p>Bio Flohsamenschalen Pulver beziehe ich direkt von <em>myfairtrade<\/em>, einem meiner handverlesenen Gesch\u00e4ftspartner, mit denen ich einen oft \u00fcber Jahre gewachsenen pers\u00f6nlichen Kontakt halte. Und ich mache nur Gesch\u00e4fte mit Menschen, die wie ich gerne ihr Bestes geben. Bei mir bekommst Du nur hochwertige Produkte, die ich selbst getestet habe und aus fachlicher Sicht f\u00fcr sinnvoll halte. Ich berate Dich gerne telefonisch. Du kannst dabei oder danach entspannt online einkaufen. Ich rufe Dich auch gerne zur\u00fcck.<br \/>\nVom Ern\u00e4hrungsberater mit Liebe recherchierte und individuell empfohlene Produkte f\u00fcr Deinen gesunden Lebensstil. Ich <a href=\"https:\/\/pieceofcake.coach\/gesundheitsshop\/meine-philosophie\">schaffe \u00fcbrigens mehr Rohstoffe<\/a> als durch den Versand Deiner Bestellung verbraucht werden. Gibt es so sonst nirgends.<\/p>\n<h4>Qualit\u00e4t unterst\u00fctzen oder &#8218;billiger, billiger&#8216;<\/h4>\n<p>Nat\u00fcrlich bekommst Du meine Produkte auch anderswo und m\u00f6glicherweise hier und da sogar etwas g\u00fcnstiger. Falls Du nicht auf jeden Cent achten musst, freue ich mich, wenn Du meinen Service wertsch\u00e4tzt und mein Kunde bleibst. Damit unterst\u00fctzt Du, dass mein erstklassiges Sortiment immer weiter w\u00e4chst. <a href=\"https:\/\/shop.pieceofcake.coach\/meine-philosophie\">Stammkunden<\/a> bekommen bei mir zudem Rabatte, <a href=\"https:\/\/pieceofcake.coach\/kontakt\">sprich mich gerne darauf an.<\/a><\/p><\/blockquote>\n<\/div>\n<\/div>\n<\/div>\n<\/section>\n<\/div>\n<\/div>\n","protected":false},"excerpt":{"rendered":"<p><strong>Flohsamenschalen<\/strong> (oder auch Psyllium genannt) sind ein l\u00f6slicher und <strong>stark quellender Ballaststoff<\/strong>. In Verbindung mit einer <strong>Mineralerde<\/strong> wie z.B. <a href=\"https:\/\/pieceofcake.coach\/gesundheitsshop\/produkte\/bentonit-detox-pulver-400g\">Bentonit<\/a> und einem geeigneten <strong>Probiotikum<\/strong> sind sie integraler <strong>Bestandteil einer Darmsanierung<\/strong>. Das wichtigste ist aber auch hierbei &#8211; wie immer &#8211; die Ern\u00e4hrung, nicht die Erg\u00e4nzung.<\/p>\n<p>Inhalt: 300g feinst vermahlenes Pulver<\/p>\n","protected":false},"featured_media":30993,"comment_status":"open","ping_status":"closed","template":"","meta":[],"product_brand":[],"product_cat":[376,366,357,356],"product_tag":[],"class_list":{"0":"post-3403","1":"product","2":"type-product","3":"status-publish","4":"has-post-thumbnail","6":"product_cat-entgiften","7":"product_cat-fuer-deinen-smoothie","8":"product_cat-darmsanierung","9":"product_cat-immunsystem-staerken","10":"description-off","12":"first","13":"instock","14":"taxable","15":"shipping-taxable","16":"purchasable","17":"product-type-simple"},"yoast_head":"<!-- This site is optimized with the Yoast SEO plugin v26.4 - https:\/\/yoast.com\/wordpress\/plugins\/seo\/ -->\n<title>Bio Flohsamenschalen Pulver | piece of cake Gesundheitsshop \ud83c\udf70<\/title>\n<meta name=\"description\" content=\"Bio Flohsamenschalen Pulver \u2705effective nature \u2705feinst vermahlen \u2705Darmreinigung \u2705Darmsanierung \u2705beste Qualit\u00e4t \u2705300g \u2705pr\u00e4biotisch\" \/>\n<meta name=\"robots\" content=\"index, follow, max-snippet:-1, max-image-preview:large, max-video-preview:-1\" \/>\n<link rel=\"canonical\" href=\"https:\/\/pieceofcake.coach\/gesundheitsshop\/produkte\/bio-flohsamenschalen\" \/>\n<meta property=\"og:locale\" content=\"de_DE\" \/>\n<meta property=\"og:type\" content=\"article\" \/>\n<meta property=\"og:title\" content=\"Bio Flohsamenschalen Pulver | piece of cake Gesundheitsshop \ud83c\udf70\" \/>\n<meta property=\"og:description\" content=\"Bio Flohsamenschalen Pulver \u2705effective nature \u2705feinst vermahlen \u2705Darmreinigung \u2705Darmsanierung \u2705beste Qualit\u00e4t \u2705300g \u2705pr\u00e4biotisch\" \/>\n<meta property=\"og:url\" content=\"https:\/\/pieceofcake.coach\/gesundheitsshop\/produkte\/bio-flohsamenschalen\" \/>\n<meta property=\"og:site_name\" content=\"piece of cake Gesundheitsshop\" \/>\n<meta property=\"article:modified_time\" content=\"2024-09-03T10:37:36+00:00\" \/>\n<meta property=\"og:image\" content=\"https:\/\/pieceofcake.coach\/gesundheitsshop\/wp-content\/uploads\/sites\/5\/2022\/08\/IMG_9475.jpeg\" \/>\n\t<meta property=\"og:image:width\" content=\"1758\" \/>\n\t<meta property=\"og:image:height\" content=\"1786\" \/>\n\t<meta property=\"og:image:type\" content=\"image\/jpeg\" \/>\n<meta name=\"twitter:card\" content=\"summary_large_image\" \/>\n<meta name=\"twitter:label1\" content=\"Gesch\u00e4tzte Lesezeit\" \/>\n\t<meta name=\"twitter:data1\" content=\"3\u00a0Minuten\" \/>\n<script type=\"application\/ld+json\" class=\"yoast-schema-graph\">{\"@context\":\"https:\/\/schema.org\",\"@graph\":[{\"@type\":\"WebPage\",\"@id\":\"https:\/\/pieceofcake.coach\/gesundheitsshop\/produkte\/bio-flohsamenschalen\",\"url\":\"https:\/\/pieceofcake.coach\/gesundheitsshop\/produkte\/bio-flohsamenschalen\",\"name\":\"Bio Flohsamenschalen Pulver | piece of cake Gesundheitsshop \ud83c\udf70\",\"isPartOf\":{\"@id\":\"https:\/\/pieceofcake.coach\/gesundheitsshop\/#website\"},\"primaryImageOfPage\":{\"@id\":\"https:\/\/pieceofcake.coach\/gesundheitsshop\/produkte\/bio-flohsamenschalen#primaryimage\"},\"image\":{\"@id\":\"https:\/\/pieceofcake.coach\/gesundheitsshop\/produkte\/bio-flohsamenschalen#primaryimage\"},\"thumbnailUrl\":\"https:\/\/pieceofcake.coach\/gesundheitsshop\/wp-content\/uploads\/sites\/5\/2022\/08\/IMG_9475.jpeg\",\"datePublished\":\"2018-07-06T17:47:48+00:00\",\"dateModified\":\"2024-09-03T10:37:36+00:00\",\"description\":\"Bio Flohsamenschalen Pulver \u2705effective nature \u2705feinst vermahlen \u2705Darmreinigung \u2705Darmsanierung \u2705beste Qualit\u00e4t \u2705300g \u2705pr\u00e4biotisch\",\"breadcrumb\":{\"@id\":\"https:\/\/pieceofcake.coach\/gesundheitsshop\/produkte\/bio-flohsamenschalen#breadcrumb\"},\"inLanguage\":\"de\",\"potentialAction\":[{\"@type\":\"ReadAction\",\"target\":[\"https:\/\/pieceofcake.coach\/gesundheitsshop\/produkte\/bio-flohsamenschalen\"]}]},{\"@type\":\"ImageObject\",\"inLanguage\":\"de\",\"@id\":\"https:\/\/pieceofcake.coach\/gesundheitsshop\/produkte\/bio-flohsamenschalen#primaryimage\",\"url\":\"https:\/\/pieceofcake.coach\/gesundheitsshop\/wp-content\/uploads\/sites\/5\/2022\/08\/IMG_9475.jpeg\",\"contentUrl\":\"https:\/\/pieceofcake.coach\/gesundheitsshop\/wp-content\/uploads\/sites\/5\/2022\/08\/IMG_9475.jpeg\",\"width\":1758,\"height\":1786,\"caption\":\"bio flohsammen\"},{\"@type\":\"BreadcrumbList\",\"@id\":\"https:\/\/pieceofcake.coach\/gesundheitsshop\/produkte\/bio-flohsamenschalen#breadcrumb\",\"itemListElement\":[{\"@type\":\"ListItem\",\"position\":1,\"name\":\"Startseite\",\"item\":\"https:\/\/pieceofcake.coach\/gesundheitsshop\/\"},{\"@type\":\"ListItem\",\"position\":2,\"name\":\"Produkte\",\"item\":\"https:\/\/pieceofcake.coach\/gesundheitsshop\/produkte\"},{\"@type\":\"ListItem\",\"position\":3,\"name\":\"Bio Flohsamenschalen Pulver\"}]},{\"@type\":\"WebSite\",\"@id\":\"https:\/\/pieceofcake.coach\/gesundheitsshop\/#website\",\"url\":\"https:\/\/pieceofcake.coach\/gesundheitsshop\/\",\"name\":\"piece of cake Gesundheitsshop\",\"description\":\"\",\"potentialAction\":[{\"@type\":\"SearchAction\",\"target\":{\"@type\":\"EntryPoint\",\"urlTemplate\":\"https:\/\/pieceofcake.coach\/gesundheitsshop\/?s={search_term_string}\"},\"query-input\":{\"@type\":\"PropertyValueSpecification\",\"valueRequired\":true,\"valueName\":\"search_term_string\"}}],\"inLanguage\":\"de\"}]}<\/script>\n<!-- \/ Yoast SEO plugin. -->","yoast_head_json":{"title":"Bio Flohsamenschalen Pulver | piece of cake Gesundheitsshop \ud83c\udf70","description":"Bio Flohsamenschalen Pulver \u2705effective nature \u2705feinst vermahlen \u2705Darmreinigung \u2705Darmsanierung \u2705beste Qualit\u00e4t \u2705300g \u2705pr\u00e4biotisch","robots":{"index":"index","follow":"follow","max-snippet":"max-snippet:-1","max-image-preview":"max-image-preview:large","max-video-preview":"max-video-preview:-1"},"canonical":"https:\/\/pieceofcake.coach\/gesundheitsshop\/produkte\/bio-flohsamenschalen","og_locale":"de_DE","og_type":"article","og_title":"Bio Flohsamenschalen Pulver | piece of cake Gesundheitsshop \ud83c\udf70","og_description":"Bio Flohsamenschalen Pulver \u2705effective nature \u2705feinst vermahlen \u2705Darmreinigung \u2705Darmsanierung \u2705beste Qualit\u00e4t \u2705300g \u2705pr\u00e4biotisch","og_url":"https:\/\/pieceofcake.coach\/gesundheitsshop\/produkte\/bio-flohsamenschalen","og_site_name":"piece of cake Gesundheitsshop","article_modified_time":"2024-09-03T10:37:36+00:00","og_image":[{"width":1758,"height":1786,"url":"https:\/\/pieceofcake.coach\/gesundheitsshop\/wp-content\/uploads\/sites\/5\/2022\/08\/IMG_9475.jpeg","type":"image\/jpeg"}],"twitter_card":"summary_large_image","twitter_misc":{"Gesch\u00e4tzte Lesezeit":"3\u00a0Minuten"},"schema":{"@context":"https:\/\/schema.org","@graph":[{"@type":"WebPage","@id":"https:\/\/pieceofcake.coach\/gesundheitsshop\/produkte\/bio-flohsamenschalen","url":"https:\/\/pieceofcake.coach\/gesundheitsshop\/produkte\/bio-flohsamenschalen","name":"Bio Flohsamenschalen Pulver | piece of cake Gesundheitsshop \ud83c\udf70","isPartOf":{"@id":"https:\/\/pieceofcake.coach\/gesundheitsshop\/#website"},"primaryImageOfPage":{"@id":"https:\/\/pieceofcake.coach\/gesundheitsshop\/produkte\/bio-flohsamenschalen#primaryimage"},"image":{"@id":"https:\/\/pieceofcake.coach\/gesundheitsshop\/produkte\/bio-flohsamenschalen#primaryimage"},"thumbnailUrl":"https:\/\/pieceofcake.coach\/gesundheitsshop\/wp-content\/uploads\/sites\/5\/2022\/08\/IMG_9475.jpeg","datePublished":"2018-07-06T17:47:48+00:00","dateModified":"2024-09-03T10:37:36+00:00","description":"Bio Flohsamenschalen Pulver \u2705effective nature \u2705feinst vermahlen \u2705Darmreinigung \u2705Darmsanierung \u2705beste Qualit\u00e4t \u2705300g \u2705pr\u00e4biotisch","breadcrumb":{"@id":"https:\/\/pieceofcake.coach\/gesundheitsshop\/produkte\/bio-flohsamenschalen#breadcrumb"},"inLanguage":"de","potentialAction":[{"@type":"ReadAction","target":["https:\/\/pieceofcake.coach\/gesundheitsshop\/produkte\/bio-flohsamenschalen"]}]},{"@type":"ImageObject","inLanguage":"de","@id":"https:\/\/pieceofcake.coach\/gesundheitsshop\/produkte\/bio-flohsamenschalen#primaryimage","url":"https:\/\/pieceofcake.coach\/gesundheitsshop\/wp-content\/uploads\/sites\/5\/2022\/08\/IMG_9475.jpeg","contentUrl":"https:\/\/pieceofcake.coach\/gesundheitsshop\/wp-content\/uploads\/sites\/5\/2022\/08\/IMG_9475.jpeg","width":1758,"height":1786,"caption":"bio flohsammen"},{"@type":"BreadcrumbList","@id":"https:\/\/pieceofcake.coach\/gesundheitsshop\/produkte\/bio-flohsamenschalen#breadcrumb","itemListElement":[{"@type":"ListItem","position":1,"name":"Startseite","item":"https:\/\/pieceofcake.coach\/gesundheitsshop\/"},{"@type":"ListItem","position":2,"name":"Produkte","item":"https:\/\/pieceofcake.coach\/gesundheitsshop\/produkte"},{"@type":"ListItem","position":3,"name":"Bio Flohsamenschalen Pulver"}]},{"@type":"WebSite","@id":"https:\/\/pieceofcake.coach\/gesundheitsshop\/#website","url":"https:\/\/pieceofcake.coach\/gesundheitsshop\/","name":"piece of cake Gesundheitsshop","description":"","potentialAction":[{"@type":"SearchAction","target":{"@type":"EntryPoint","urlTemplate":"https:\/\/pieceofcake.coach\/gesundheitsshop\/?s={search_term_string}"},"query-input":{"@type":"PropertyValueSpecification","valueRequired":true,"valueName":"search_term_string"}}],"inLanguage":"de"}]}},"_links":{"self":[{"href":"https:\/\/pieceofcake.coach\/gesundheitsshop\/wp-json\/wp\/v2\/product\/3403","targetHints":{"allow":["GET"]}}],"collection":[{"href":"https:\/\/pieceofcake.coach\/gesundheitsshop\/wp-json\/wp\/v2\/product"}],"about":[{"href":"https:\/\/pieceofcake.coach\/gesundheitsshop\/wp-json\/wp\/v2\/types\/product"}],"replies":[{"embeddable":true,"href":"https:\/\/pieceofcake.coach\/gesundheitsshop\/wp-json\/wp\/v2\/comments?post=3403"}],"wp:featuredmedia":[{"embeddable":true,"href":"https:\/\/pieceofcake.coach\/gesundheitsshop\/wp-json\/wp\/v2\/media\/30993"}],"wp:attachment":[{"href":"https:\/\/pieceofcake.coach\/gesundheitsshop\/wp-json\/wp\/v2\/media?parent=3403"}],"wp:term":[{"taxonomy":"product_brand","embeddable":true,"href":"https:\/\/pieceofcake.coach\/gesundheitsshop\/wp-json\/wp\/v2\/product_brand?post=3403"},{"taxonomy":"product_cat","embeddable":true,"href":"https:\/\/pieceofcake.coach\/gesundheitsshop\/wp-json\/wp\/v2\/product_cat?post=3403"},{"taxonomy":"product_tag","embeddable":true,"href":"https:\/\/pieceofcake.coach\/gesundheitsshop\/wp-json\/wp\/v2\/product_tag?post=3403"}],"curies":[{"name":"wp","href":"https:\/\/api.w.org\/{rel}","templated":true}]}}