{"id":3498,"date":"2018-07-07T00:03:21","date_gmt":"2018-07-06T22:03:21","guid":{"rendered":"https:\/\/shop.pieceofcake.coach\/?post_type=product&#038;p=3498"},"modified":"2024-08-29T13:11:56","modified_gmt":"2024-08-29T11:11:56","slug":"omega-3-vegan","status":"publish","type":"product","link":"https:\/\/pieceofcake.coach\/gesundheitsshop\/produkte\/omega-3-vegan","title":{"rendered":"Omega-3 Vegan"},"content":{"rendered":"<h2>Omega-3 Vegan ist reich an marinen Omega-3 Fetts\u00e4uren<\/h2>\n<p>Omega-3 Vegan enth\u00e4lt hochwertiges veganes Algen\u00f6l und versorgt Dich pro Portion mit 2g der wichtigen marinen Omega-3-Fetts\u00e4uren EPA (entz\u00fcndungshemmend) und DHA (gut f\u00fcr Herz, Hirn, Haut, Darm und Nerven). Eine Flasche reicht bei Einnahme der empfohlenen Tagesdosis (5ml) f\u00fcr 20 Tage. Das \u00d6l ist ein sinnvoller Bestandteil einer entz\u00fcndungshemmenden Ern\u00e4hrung und tr\u00e4gt hervorragend bei zur Pr\u00e4vention vieler Krankheiten wie unter anderem Diabetes, Arteriosklerose etc. Es steigert die Fruchtbarkeit und ist insbesondere auch w\u00e4hrend einer Schwangerschaft sinnvoll. Sportler brauchen diese Fetts\u00e4uren zur Regeneration.<br \/>\nDu musst es wie jedes \u00d6l, das Omega-3-Fetts\u00e4uren enth\u00e4lt, nach dem \u00d6ffnen im K\u00fchlschrank aufbewahren, um einer Oxidation vorzubeugen. Als nat\u00fcrliches Antioxidationsmittel enth\u00e4lt dieses wertvolle \u00d6l natives kaltgepresstes Bio-Oliven\u00f6l mit reichlich Vitamin E als Tr\u00e4gersubstanz des Algen\u00f6ls. Dieses Oliven\u00f6l und Zitronen\u00f6l runden den Geschmack ab. Dar\u00fcber hinaus gibt es mit jeder Tagesdosis noch eine Dosis von 800 IE (Internationalen Einheiten) <a href=\"https:\/\/shop.pieceofcake.coach\/fakten-ueber-vitamin-d\">Vitamin D3<\/a>, das ebenfalls aus den Algen stammt.<\/p>\n<h3>Zum Beispiel in gr\u00fcne Smoothies &#8211; und dann ab in den K\u00fchlschrank<\/h3>\n<p>Du solltest Omega-3 Vegan immer mit einer fetthaltigen Mahlzeit einnehmen. Somit hast Du mehr L\u00f6sungsmittel und erh\u00f6hst damit die Resorption der wertvollen Omega-3 Fetts\u00e4uren. Wenn Du es wie ich in Gr\u00fcne Smoothies gibst (mit zum Beispeil Avocado oder Kokos\u00f6l), solltest Du es erst nach dem Mixen dazu geben, denn dann gibt es keinen Verlust beim Mixen und Ausgie\u00dfen. Dieses \u00d6l ist ideal zum Probieren f\u00fcr Dich. <strong>Wenn Du schon alle Vorteile von Omega-3 Fetts\u00e4uren kennst und sie wie ich es auch tue, t\u00e4glich nimmst, dann empfehle ich Dir <a href=\"https:\/\/pieceofcake.coach\/gesundheitsshop\/produkte\/omega-3-vegan-plus\">Omega-3 vegan Plus.<\/a><\/strong> Es hat 50% mehr Inhalt und eine h\u00f6here N\u00e4hrstoffdichte. Der Preis pro Tagesdosis reduziert sich f\u00fcr Dich dabei um bis zu 25%. More bang for the buck.<br \/>\nF\u00fcr unterwegs nehme ich die <a href=\"https:\/\/pieceofcake.coach\/gesundheitsshop\/produkte\/omega-3-vegan-kapseln\">Kapseln<\/a> des gleichen \u00d6ls. Sie sind etwas teurer pro Tagesdosis, aber sie m\u00fcssen nach dem \u00d6ffnen nicht gek\u00fchlt werden wie das \u00d6l.<\/p>\n<p>&nbsp;<\/p>\n<section class=\"vc_cta3_content-container\">\n<div class=\"vc_general vc_cta3 vc_cta3-style-classic vc_cta3-shape-rounded vc_cta3-align-left vc_cta3-color-classic vc_cta3-icon-size-md vc_cta3-actions-bottom\">\n<div class=\"vc_cta3_content-container\">\n<div class=\"vc_cta3-content\">\n<blockquote>\n<h4>Meine Philosophie:<br \/>\nErstklassige Produkte, pers\u00f6nliche Beratung, entspanntes Einkaufen, durch den Versand entstehen Rohstoffe<\/h4>\n<p>Omega-3 vegan beziehe ich direkt vom Hersteller <em><a href=\"https:\/\/www.norsan.de\/?norsan=89\" target=\"_blank\" rel=\"noopener noreferrer\">Norsan<\/a>,<\/em> einem meiner handverlesenen Gesch\u00e4ftspartner, mit denen ich einen oft \u00fcber Jahre gewachsenen pers\u00f6nlichen Kontakt halte. Und ich mache nur Gesch\u00e4fte mit Menschen, die wie ich gerne ihr Bestes geben. Bei mir bekommst Du nur hochwertige Produkte, die ich selbst getestet habe und aus fachlicher Sicht f\u00fcr sinnvoll halte. Ich berate Dich gerne telefonisch. Du kannst dabei oder danach entspannt online einkaufen. Ich rufe Dich auch gerne zur\u00fcck.<br \/>\nVom Ern\u00e4hrungsberater mit Liebe recherchierte und individuell empfohlene Produkte f\u00fcr Deinen gesunden Lebensstil. Ich <a href=\"https:\/\/pieceofcake.coach\/gesundheitsshop\/meine-philosophie\">schaffe \u00fcbrigens mehr Rohstoffe<\/a> als durch den Versand Deiner Bestellung verbraucht werden. Gibt es so sonst nirgends.<\/p>\n<h4>Qualit\u00e4t unterst\u00fctzen oder &#8218;billiger, billiger&#8216;<\/h4>\n<p>Nat\u00fcrlich bekommst Du meine Produkte auch anderswo und m\u00f6glicherweise hier und da sogar etwas g\u00fcnstiger. Falls Du nicht auf jeden Cent achten musst, freue ich mich, wenn Du meinen Service wertsch\u00e4tzt und mein Kunde bleibst. Damit unterst\u00fctzt Du, dass mein erstklassiges Sortiment immer weiter w\u00e4chst. <a href=\"https:\/\/shop.pieceofcake.coach\/meine-philosophie\">Stammkunden<\/a> bekommen bei mir zudem Rabatte, <a href=\"https:\/\/pieceofcake.coach\/kontakt\">sprich mich gerne darauf an.<\/a><\/p><\/blockquote>\n<\/div>\n<\/div>\n<\/div>\n<\/section>\n","protected":false},"excerpt":{"rendered":"<p>Das <strong>hochwertige Omega-3 Vegan \u00d6l<\/strong> hat einen hohen Gehalt an <strong>EPA<\/strong> und <strong>DHA,<\/strong> den beiden Omega-3-Fetts\u00e4uren, die bei regelm\u00e4\u00dfiger Einnahme <strong>entz\u00fcndungshemmend<\/strong> wirken und entscheidend f\u00fcr die Gesundheit von <strong>Hirn, Herz, Darm und Nerven<\/strong> und w\u00e4hrend der <strong>Schwangerschaft<\/strong> sind. Die Fetts\u00e4uren entstammen hier dem <strong>\u00d6l von<\/strong> <strong>Algen,<\/strong> die <strong>schadstofffrei<\/strong> <strong>an Land gez\u00fcchtet<\/strong> werden. Eine <strong>Tagesdosis von 5 ml, <\/strong>das etwa einem Teel\u00f6ffel entspricht,\u00a0versorgt Dich sehr gut mit diesen extrem wichtigen Fetts\u00e4uren. F\u00fcr die regelm\u00e4\u00dfige Verwendung empfehle ich Dir <a href=\"https:\/\/pieceofcake.coach\/gesundheitsshop\/produkte\/omega-3-vegan-plus\">Omega-3 vegan Plus<\/a>, mit dem Du bis zu 25% Kosten sowie die Versandkosten sparst.<\/p>\n<p><strong>Mehr veganes Omega-3 f\u00fcr Dein Geld bekommst Du \u00fcbrigens mit <a href=\"https:\/\/pieceofcake.coach\/gesundheitsshop\/produkte\/omega-3-vegan-plus\">Omega-3 vegan Plus<\/a>, das es nicht \u00fcberall gibt. Dieses Produkt ist meine pers\u00f6nliche Empfehlung f\u00fcr Omega-3 Produkte.<\/strong><\/p>\n<p>Inhalt: 100ml (f\u00fcr knapp drei Wochen)<\/p>\n","protected":false},"featured_media":27728,"comment_status":"closed","ping_status":"closed","template":"","meta":[],"product_brand":[],"product_cat":[349],"product_tag":[],"class_list":{"0":"post-3498","1":"product","2":"type-product","3":"status-publish","4":"has-post-thumbnail","6":"product_cat-omega-3-oele","7":"description-off","9":"first","10":"outofstock","11":"taxable","12":"shipping-taxable","13":"purchasable","14":"product-type-simple"},"yoast_head":"<!-- This site is optimized with the Yoast SEO plugin v26.4 - https:\/\/yoast.com\/wordpress\/plugins\/seo\/ -->\n<title>Omega-3 Vegan 100ml Norsan | piece of cake Gesundheitsshop \ud83c\udf70<\/title>\n<meta name=\"description\" content=\"Omega-3 Vegan von Norsan \u2705EPA+DHA \u2705schadstoffrei \u2705Algen\u00f6l \u2705in Zitronen-Oliven\u00f6l \u2705entz\u00fcndungshemmend \u2705f\u00fcr Herz, Hirn, Nerven, Haut, Augen, Darm\" \/>\n<meta name=\"robots\" content=\"index, follow, max-snippet:-1, max-image-preview:large, max-video-preview:-1\" \/>\n<link rel=\"canonical\" href=\"https:\/\/pieceofcake.coach\/gesundheitsshop\/produkte\/omega-3-vegan\" \/>\n<meta property=\"og:locale\" content=\"de_DE\" \/>\n<meta property=\"og:type\" content=\"article\" \/>\n<meta property=\"og:title\" content=\"Omega-3 Vegan 100ml Norsan | piece of cake Gesundheitsshop \ud83c\udf70\" \/>\n<meta property=\"og:description\" content=\"Omega-3 Vegan von Norsan \u2705EPA+DHA \u2705schadstoffrei \u2705Algen\u00f6l \u2705in Zitronen-Oliven\u00f6l \u2705entz\u00fcndungshemmend \u2705f\u00fcr Herz, Hirn, Nerven, Haut, Augen, Darm\" \/>\n<meta property=\"og:url\" content=\"https:\/\/pieceofcake.coach\/gesundheitsshop\/produkte\/omega-3-vegan\" \/>\n<meta property=\"og:site_name\" content=\"piece of cake Gesundheitsshop\" \/>\n<meta property=\"article:modified_time\" content=\"2024-08-29T11:11:56+00:00\" \/>\n<meta property=\"og:image\" content=\"https:\/\/pieceofcake.coach\/gesundheitsshop\/wp-content\/uploads\/sites\/5\/2018\/07\/Omega-3-vegan-scaled.jpg\" \/>\n\t<meta property=\"og:image:width\" content=\"2560\" \/>\n\t<meta property=\"og:image:height\" content=\"2560\" \/>\n\t<meta property=\"og:image:type\" content=\"image\/jpeg\" \/>\n<meta name=\"twitter:card\" content=\"summary_large_image\" \/>\n<meta name=\"twitter:label1\" content=\"Gesch\u00e4tzte Lesezeit\" \/>\n\t<meta name=\"twitter:data1\" content=\"2\u00a0Minuten\" \/>\n<script type=\"application\/ld+json\" class=\"yoast-schema-graph\">{\"@context\":\"https:\/\/schema.org\",\"@graph\":[{\"@type\":\"WebPage\",\"@id\":\"https:\/\/pieceofcake.coach\/gesundheitsshop\/produkte\/omega-3-vegan\",\"url\":\"https:\/\/pieceofcake.coach\/gesundheitsshop\/produkte\/omega-3-vegan\",\"name\":\"Omega-3 Vegan 100ml Norsan | piece of cake Gesundheitsshop \ud83c\udf70\",\"isPartOf\":{\"@id\":\"https:\/\/pieceofcake.coach\/gesundheitsshop\/#website\"},\"primaryImageOfPage\":{\"@id\":\"https:\/\/pieceofcake.coach\/gesundheitsshop\/produkte\/omega-3-vegan#primaryimage\"},\"image\":{\"@id\":\"https:\/\/pieceofcake.coach\/gesundheitsshop\/produkte\/omega-3-vegan#primaryimage\"},\"thumbnailUrl\":\"https:\/\/pieceofcake.coach\/gesundheitsshop\/wp-content\/uploads\/sites\/5\/2018\/07\/Omega-3-vegan-scaled.jpg\",\"datePublished\":\"2018-07-06T22:03:21+00:00\",\"dateModified\":\"2024-08-29T11:11:56+00:00\",\"description\":\"Omega-3 Vegan von Norsan \u2705EPA+DHA \u2705schadstoffrei \u2705Algen\u00f6l \u2705in Zitronen-Oliven\u00f6l \u2705entz\u00fcndungshemmend \u2705f\u00fcr Herz, Hirn, Nerven, Haut, Augen, Darm\",\"breadcrumb\":{\"@id\":\"https:\/\/pieceofcake.coach\/gesundheitsshop\/produkte\/omega-3-vegan#breadcrumb\"},\"inLanguage\":\"de\",\"potentialAction\":[{\"@type\":\"ReadAction\",\"target\":[\"https:\/\/pieceofcake.coach\/gesundheitsshop\/produkte\/omega-3-vegan\"]}]},{\"@type\":\"ImageObject\",\"inLanguage\":\"de\",\"@id\":\"https:\/\/pieceofcake.coach\/gesundheitsshop\/produkte\/omega-3-vegan#primaryimage\",\"url\":\"https:\/\/pieceofcake.coach\/gesundheitsshop\/wp-content\/uploads\/sites\/5\/2018\/07\/Omega-3-vegan-scaled.jpg\",\"contentUrl\":\"https:\/\/pieceofcake.coach\/gesundheitsshop\/wp-content\/uploads\/sites\/5\/2018\/07\/Omega-3-vegan-scaled.jpg\",\"width\":2560,\"height\":2560,\"caption\":\"Omega-3 vegan\"},{\"@type\":\"BreadcrumbList\",\"@id\":\"https:\/\/pieceofcake.coach\/gesundheitsshop\/produkte\/omega-3-vegan#breadcrumb\",\"itemListElement\":[{\"@type\":\"ListItem\",\"position\":1,\"name\":\"Startseite\",\"item\":\"https:\/\/pieceofcake.coach\/gesundheitsshop\/\"},{\"@type\":\"ListItem\",\"position\":2,\"name\":\"Produkte\",\"item\":\"https:\/\/pieceofcake.coach\/gesundheitsshop\/produkte\"},{\"@type\":\"ListItem\",\"position\":3,\"name\":\"Omega-3 Vegan\"}]},{\"@type\":\"WebSite\",\"@id\":\"https:\/\/pieceofcake.coach\/gesundheitsshop\/#website\",\"url\":\"https:\/\/pieceofcake.coach\/gesundheitsshop\/\",\"name\":\"piece of cake Gesundheitsshop\",\"description\":\"\",\"potentialAction\":[{\"@type\":\"SearchAction\",\"target\":{\"@type\":\"EntryPoint\",\"urlTemplate\":\"https:\/\/pieceofcake.coach\/gesundheitsshop\/?s={search_term_string}\"},\"query-input\":{\"@type\":\"PropertyValueSpecification\",\"valueRequired\":true,\"valueName\":\"search_term_string\"}}],\"inLanguage\":\"de\"}]}<\/script>\n<!-- \/ Yoast SEO plugin. -->","yoast_head_json":{"title":"Omega-3 Vegan 100ml Norsan | piece of cake Gesundheitsshop \ud83c\udf70","description":"Omega-3 Vegan von Norsan \u2705EPA+DHA \u2705schadstoffrei \u2705Algen\u00f6l \u2705in Zitronen-Oliven\u00f6l \u2705entz\u00fcndungshemmend \u2705f\u00fcr Herz, Hirn, Nerven, Haut, Augen, Darm","robots":{"index":"index","follow":"follow","max-snippet":"max-snippet:-1","max-image-preview":"max-image-preview:large","max-video-preview":"max-video-preview:-1"},"canonical":"https:\/\/pieceofcake.coach\/gesundheitsshop\/produkte\/omega-3-vegan","og_locale":"de_DE","og_type":"article","og_title":"Omega-3 Vegan 100ml Norsan | piece of cake Gesundheitsshop \ud83c\udf70","og_description":"Omega-3 Vegan von Norsan \u2705EPA+DHA \u2705schadstoffrei \u2705Algen\u00f6l \u2705in Zitronen-Oliven\u00f6l \u2705entz\u00fcndungshemmend \u2705f\u00fcr Herz, Hirn, Nerven, Haut, Augen, Darm","og_url":"https:\/\/pieceofcake.coach\/gesundheitsshop\/produkte\/omega-3-vegan","og_site_name":"piece of cake Gesundheitsshop","article_modified_time":"2024-08-29T11:11:56+00:00","og_image":[{"width":2560,"height":2560,"url":"https:\/\/pieceofcake.coach\/gesundheitsshop\/wp-content\/uploads\/sites\/5\/2018\/07\/Omega-3-vegan-scaled.jpg","type":"image\/jpeg"}],"twitter_card":"summary_large_image","twitter_misc":{"Gesch\u00e4tzte Lesezeit":"2\u00a0Minuten"},"schema":{"@context":"https:\/\/schema.org","@graph":[{"@type":"WebPage","@id":"https:\/\/pieceofcake.coach\/gesundheitsshop\/produkte\/omega-3-vegan","url":"https:\/\/pieceofcake.coach\/gesundheitsshop\/produkte\/omega-3-vegan","name":"Omega-3 Vegan 100ml Norsan | piece of cake Gesundheitsshop \ud83c\udf70","isPartOf":{"@id":"https:\/\/pieceofcake.coach\/gesundheitsshop\/#website"},"primaryImageOfPage":{"@id":"https:\/\/pieceofcake.coach\/gesundheitsshop\/produkte\/omega-3-vegan#primaryimage"},"image":{"@id":"https:\/\/pieceofcake.coach\/gesundheitsshop\/produkte\/omega-3-vegan#primaryimage"},"thumbnailUrl":"https:\/\/pieceofcake.coach\/gesundheitsshop\/wp-content\/uploads\/sites\/5\/2018\/07\/Omega-3-vegan-scaled.jpg","datePublished":"2018-07-06T22:03:21+00:00","dateModified":"2024-08-29T11:11:56+00:00","description":"Omega-3 Vegan von Norsan \u2705EPA+DHA \u2705schadstoffrei \u2705Algen\u00f6l \u2705in Zitronen-Oliven\u00f6l \u2705entz\u00fcndungshemmend \u2705f\u00fcr Herz, Hirn, Nerven, Haut, Augen, Darm","breadcrumb":{"@id":"https:\/\/pieceofcake.coach\/gesundheitsshop\/produkte\/omega-3-vegan#breadcrumb"},"inLanguage":"de","potentialAction":[{"@type":"ReadAction","target":["https:\/\/pieceofcake.coach\/gesundheitsshop\/produkte\/omega-3-vegan"]}]},{"@type":"ImageObject","inLanguage":"de","@id":"https:\/\/pieceofcake.coach\/gesundheitsshop\/produkte\/omega-3-vegan#primaryimage","url":"https:\/\/pieceofcake.coach\/gesundheitsshop\/wp-content\/uploads\/sites\/5\/2018\/07\/Omega-3-vegan-scaled.jpg","contentUrl":"https:\/\/pieceofcake.coach\/gesundheitsshop\/wp-content\/uploads\/sites\/5\/2018\/07\/Omega-3-vegan-scaled.jpg","width":2560,"height":2560,"caption":"Omega-3 vegan"},{"@type":"BreadcrumbList","@id":"https:\/\/pieceofcake.coach\/gesundheitsshop\/produkte\/omega-3-vegan#breadcrumb","itemListElement":[{"@type":"ListItem","position":1,"name":"Startseite","item":"https:\/\/pieceofcake.coach\/gesundheitsshop\/"},{"@type":"ListItem","position":2,"name":"Produkte","item":"https:\/\/pieceofcake.coach\/gesundheitsshop\/produkte"},{"@type":"ListItem","position":3,"name":"Omega-3 Vegan"}]},{"@type":"WebSite","@id":"https:\/\/pieceofcake.coach\/gesundheitsshop\/#website","url":"https:\/\/pieceofcake.coach\/gesundheitsshop\/","name":"piece of cake Gesundheitsshop","description":"","potentialAction":[{"@type":"SearchAction","target":{"@type":"EntryPoint","urlTemplate":"https:\/\/pieceofcake.coach\/gesundheitsshop\/?s={search_term_string}"},"query-input":{"@type":"PropertyValueSpecification","valueRequired":true,"valueName":"search_term_string"}}],"inLanguage":"de"}]}},"_links":{"self":[{"href":"https:\/\/pieceofcake.coach\/gesundheitsshop\/wp-json\/wp\/v2\/product\/3498","targetHints":{"allow":["GET"]}}],"collection":[{"href":"https:\/\/pieceofcake.coach\/gesundheitsshop\/wp-json\/wp\/v2\/product"}],"about":[{"href":"https:\/\/pieceofcake.coach\/gesundheitsshop\/wp-json\/wp\/v2\/types\/product"}],"replies":[{"embeddable":true,"href":"https:\/\/pieceofcake.coach\/gesundheitsshop\/wp-json\/wp\/v2\/comments?post=3498"}],"wp:featuredmedia":[{"embeddable":true,"href":"https:\/\/pieceofcake.coach\/gesundheitsshop\/wp-json\/wp\/v2\/media\/27728"}],"wp:attachment":[{"href":"https:\/\/pieceofcake.coach\/gesundheitsshop\/wp-json\/wp\/v2\/media?parent=3498"}],"wp:term":[{"taxonomy":"product_brand","embeddable":true,"href":"https:\/\/pieceofcake.coach\/gesundheitsshop\/wp-json\/wp\/v2\/product_brand?post=3498"},{"taxonomy":"product_cat","embeddable":true,"href":"https:\/\/pieceofcake.coach\/gesundheitsshop\/wp-json\/wp\/v2\/product_cat?post=3498"},{"taxonomy":"product_tag","embeddable":true,"href":"https:\/\/pieceofcake.coach\/gesundheitsshop\/wp-json\/wp\/v2\/product_tag?post=3498"}],"curies":[{"name":"wp","href":"https:\/\/api.w.org\/{rel}","templated":true}]}}