{"id":3617,"date":"2018-07-08T20:17:33","date_gmt":"2018-07-08T18:17:33","guid":{"rendered":"https:\/\/shop.pieceofcake.coach\/?post_type=product&#038;p=3617"},"modified":"2026-02-05T19:24:14","modified_gmt":"2026-02-05T18:24:14","slug":"pro-intens-ultra-probiotikum","status":"publish","type":"product","link":"https:\/\/pieceofcake.coach\/gesundheitsshop\/produkte\/pro-intens-ultra-probiotikum","title":{"rendered":"Pro Intens Ultra Probiotikum"},"content":{"rendered":"<h2>Pro Intens Ultra Probiotikum als Bestandteil einer Darmsanierung<\/h2>\n<p>Pro Intens Ultra Probiotikum ist das potenteste Probiotikum, das ich kenne. Es enth\u00e4lt sagenhafte 120 Milliarden KbE (Koloniebildende Einheiten) von insgesamt 20 aufeinander abgestimmten Bakterienst\u00e4mmen. Wegen der magens\u00e4ureresistenten Kapsel (1 t\u00e4glich mit einer Mahlzeit) werden die Bakterien dort aktiviert, wo sie gebraucht werden: im D\u00fcnndarm.<br \/>\nEs ist &#8211; neben einer entsprechenden Ern\u00e4hrung &#8211;\u00a0 essentieller Bestandteil einer sinnvollen Darmsanierung im Zusammenspiel mit z.B. Bentonit Detox Pulver und Bio Flohsamenschalen Pulver. Du kannst es auch zur Gesunderhaltung Deines Darmes einnehmen, wenn Du in Zeiten mit hoher Belastung steckst. Zu diesem Zweck ist aber die &#8218;kleine Schwester&#8216; Pro Intens die geeignetere und g\u00fcnstigere Variante.<\/p>\n<h2>Wie funktioniert eine Darmsanierung eigentlich?<\/h2>\n<p>Ganz schlicht formuliert, ist eine Darmsanierung, wie der Name schon sagt, das was Deinen Darm (und damit in der Regel den Gro\u00dfteil Deines Organismus) gesund macht. Meiner Erfahrung aus der Ern\u00e4hrungsberatung nach funktioniert eine Darmsanierung mit einer Umstellung der Ern\u00e4hrungs- und Lebensgewohnheiten und einer gleichzeitigen entspannten Auseinandersetzung mit der sehr individuellen emotionalen Entsprechung der angeschlagenen Darmgesundheit. Denn unser Darm und das Stimmungszentrum im Hirn sind mit einer &#8217;neuronalen Autobahn&#8216; miteinander verbunden, dem sogenannten Bauchhirn. Menschen mit Depressionen bekommen h\u00e4ufig Darmprobleme &#8211; und andersherum.<br \/>\nUnd dann nimmt man <strong>zus\u00e4tzlich<\/strong> f\u00fcr eine Weile ein paar sehr gute geeignete Nahrungserg\u00e4nzungsmittel.<br \/>\nPro Intens Ultra Probiotikum ist in diesem Zusammenhang das beste Probiotikum, das ich kenne. Denn erstaunlicher Weise scheint die schiere Menge an koloniebildenden Einheiten und unterschiedlichen Bakterienst\u00e4mmen sowie deren diverse Herkunft entscheidend daf\u00fcr zu sein, ob ein Probiotikum wirklich ma\u00dfgeblich zu einer Gesundung des Darmes beitr\u00e4gt. Es ist das eine Mal, dass Du mich das in puncto Ern\u00e4hrung sagen h\u00f6rst: Viel hilft viel!<br \/>\nAllerdings nicht bei jedem und nicht unter allen Umst\u00e4nden. Es gibt auch hier diverse individuelle Umst\u00e4nde zu betrachten und auch dieses Probiotikum ist kein Wundermittel. Wenn Deine Darmschleimhaut beispielsweise schon degeneriert ist und auch die Mukosschicht im Darm nicht mehr vorhanden oder stabil ist. Dann brauchen wir noch lange keine teuren Probiotika verwenden. Dann muss metaphorisch gesprochen am Fundament gearbeitet werden bevor das Dach gedeckt wird.<\/p>\n<h3>Verzichte entspannt auf standardisierte Darmfloratests, -analysen und darauf &#8218;abgestimmte&#8216; Produkte<\/h3>\n<p>Der Markt rund um eine gesunde Darmflora ist, sagen wir mal: interessant. Es gibt sehr viel Forschung dar\u00fcber und Versuche, um genau festzustellen, welches Bakterium nun genau wof\u00fcr und an welcher Stelle im Darm in welcher Kombination gebraucht wird. Das ist spannend und\u00a0 wichtig. Und ich bin sicher, dass es in Zukunft noch sehr brauchbare Erkenntnisse geben wird.<br \/>\nIm nicht immer ganz koscheren Markt der Gesundheitsprodukte erscheinen als Ergebnis dieser Forschungen daraufhin beinahe zwangsl\u00e4ufig teure Analysen, Tests und &#8211; auf die meiner Meinung nach nicht brauchbaren, standardisierten Ergebnisse ebenjener Analysen ausgelegte &#8211; teure Produkte, die oft v\u00f6llig wirkungslos sind. Die Tests sind oftmals erfunden worden, um anschlie\u00dfend die Produkte zu verkaufen.<br \/>\nDas liegt daran, dass unsere Darmgesundheit einfach nicht standardisiert werden kann. Der menschliche Darm hat eine Oberfl\u00e4che, die meist gr\u00f6\u00dfer ist als die eines Tennisplatzes. Wie soll eine einzelne Analyse (f\u00fcr meistens weitaus mehr als 100\u20ac Kosten) einer Stecknadelkopf gro\u00dfen Stuhlprobe eines einzigen Tages ein brauchbares zuverl\u00e4ssiges repr\u00e4sentatives Ergebnis \u00fcber die Darmgesundheit liefern, das dann auch noch mit einem bereits fertigen Produkt &#8218;beantwortet&#8216; werden soll? Unm\u00f6glich.<br \/>\nGib das Geld lieber f\u00fcr eine Massage, einen Gang in die Sauna, einen Einkauf im Bioladen oder meinetwegen nat\u00fcrlich f\u00fcr eine Ern\u00e4hrungsberatung aus. Und zugegeben: Pro Intens Ultra ist auch nicht wirklich g\u00fcnstig. Gemessen daran, welche Erfolge ich mit meinen Klienten damit allerdings bereits <strong>zus\u00e4tzlich<\/strong> zu einer individuellen Ern\u00e4hrungsumstellung hatte, ist es das aber schon.<\/p>\n<h3>Nat\u00fcrlich macht eine gescheite Diagnostik dennoch Sinn<\/h3>\n<p>Gute Spezialisten k\u00f6nnen \u00fcber die Kombination von Stuhltest, Speicheltest, Bluttest und der individuellen Symptomatik recht genau eingrenzen, wie die Situation im D\u00fcnndarm ist. Eine Darmspiegelung gibt gesichert ausschlie\u00dflich Aufschluss \u00fcber strukturelle Ver\u00e4nderungen im Dickdarm. Bis zum D\u00fcnndarm reicht die &#8218;Sicht&#8216; rein mechanisch einfach nicht. Und \u00fcber die biochemischen Zust\u00e4nde des Dickdarmes kann eine Spiegelung auch nur wenig Aufschluss geben.<\/p>\n<p>&nbsp;<\/p>\n<section class=\"vc_cta3_content-container\">\n<div class=\"vc_general vc_cta3 vc_cta3-style-classic vc_cta3-shape-rounded vc_cta3-align-left vc_cta3-color-classic vc_cta3-icon-size-md vc_cta3-actions-bottom\">\n<div class=\"vc_cta3_content-container\">\n<div class=\"vc_cta3-content\">\n<blockquote>\n<h4>Meine Philosophie:<br \/>\nErstklassige Produkte, pers\u00f6nliche Beratung, entspanntes Einkaufen, durch den Versand entstehen Rohstoffe<\/h4>\n<p>Pro Intens Ultra Probiotikum beziehe ich direkt vom Hersteller <em>Nahani,<\/em> einem meiner handverlesenen Gesch\u00e4ftspartner, mit denen ich einen oft \u00fcber Jahre gewachsenen pers\u00f6nlichen Kontakt halte. Und ich mache nur Gesch\u00e4fte mit Menschen, die wie ich gerne ihr Bestes geben.Bei mir bekommst Du nur hochwertige Produkte, die ich selbst getestet habe und aus fachlicher Sicht f\u00fcr sinnvoll halte. Ich berate Dich gerne telefonisch. Du kannst dabei oder danach entspannt online einkaufen. Ich rufe Dich auch gerne zur\u00fcck.<br \/>\nVom Ern\u00e4hrungsberater mit Liebe recherchierte und individuell empfohlene Produkte f\u00fcr Deinen gesunden Lebensstil. Ich <a href=\"https:\/\/pieceofcake.coach\/gesundheitsshop\/meine-philosophie\">schaffe \u00fcbrigens mehr Rohstoffe<\/a> als durch den Versand Deiner Bestellung verbraucht werden. Gibt es so sonst nirgends.<\/p>\n<h4>Qualit\u00e4t unterst\u00fctzen oder &#8218;billiger, billiger&#8216;<\/h4>\n<p>Nat\u00fcrlich bekommst Du meine Produkte auch anderswo und m\u00f6glicherweise hier und da sogar etwas g\u00fcnstiger. Falls Du nicht auf jeden Cent achten musst, freue ich mich, wenn Du meinen Service wertsch\u00e4tzt und mein Kunde bleibst. Damit unterst\u00fctzt Du, dass mein erstklassiges Sortiment immer weiter w\u00e4chst. <a href=\"https:\/\/shop.pieceofcake.coach\/meine-philosophie#stammkunden\">Stammkunden<\/a> bekommen bei mir zudem Rabatte, <a href=\"https:\/\/pieceofcake.coach\/gesundheitsshop\/kontakt\">sprich mich gerne darauf an.<\/a><\/p><\/blockquote>\n<\/div>\n<\/div>\n<\/div>\n<\/section>\n<p>&nbsp;<\/p>\n<table class=\"nahani-ingredients\" border=\"0\">\n<tbody>\n<tr class=\"even\">\n<td class=\"last\" colspan=\"2\"><strong>Zutaten:<\/strong> Bakterienkulturen (120 Milliarden gepr\u00fcfte, lebensf\u00e4hige Mikroorganismen pro Kapsel, aus 20 Bakterienst\u00e4mmen, siehe N\u00e4hrwerte) (in Kontakt mit Soja und Milch), Inulin (aus der Zichoriewurzel (<em>Cichorium intybus<\/em>)), Arabinogalactan (aus <em>Larix laricina<\/em>), Trennmittel: Siliciumdioxid und Magnesiumsalze von pflanzlichen Speisefetts\u00e4uren, Kartoffelst\u00e4rke, Antioxidationsmittel: Ascorbins\u00e4ure, magensaftresistente pflanzliche Kapsel PH<sup>5<\/sup>D (\u00dcberzugsmittel: Hydroxypropylmethylcellulose; Wasser-l\u00f6sung f\u00fcr die enterale Schutzschicht; reines Wasser).<\/td>\n<\/tr>\n<tr class=\"odd\">\n<td>\n<p class=\"nahani-ingredients\"><strong>N\u00e4hrwerte:<\/strong><\/p>\n<\/td>\n<td class=\"last\">\n<p class=\"nahani-ingredients\"><strong>1 magensaftresistente Kapsel<\/strong><\/p>\n<p class=\"nahani-ingredients\"><strong>(1.058 mg)<\/strong><\/p>\n<\/td>\n<\/tr>\n<tr class=\"even\">\n<td><em>Lactobacillus plantarum <\/em>HA119<em><sup>3<\/sup><\/em><\/td>\n<td class=\"last\">47,10\u00a0Milliarden KbE<\/td>\n<\/tr>\n<tr class=\"odd\">\n<td><em>Lactobacillus rhamnosus<\/em> HA111<sup>2<\/sup><\/td>\n<td class=\"last\">22,86\u00a0Milliarden KbE<\/td>\n<\/tr>\n<tr class=\"even\">\n<td><em>Lactobacillus casei<\/em> HA108<sup>2<\/sup><\/td>\n<td class=\"last\">18,22\u00a0Milliarden KbE<\/td>\n<\/tr>\n<tr class=\"odd\">\n<td>\n<p class=\"nahani-ingredients\"><em>Lactobacillus paracasei<\/em> HA196<sup>1<\/sup><\/p>\n<\/td>\n<td class=\"last\">17,69\u00a0Milliarden KbE<\/td>\n<\/tr>\n<tr class=\"even\">\n<td>\n<p class=\"nahani-ingredients\"><em>Bifidobacterium infantis<\/em> HA116<sup>2<\/sup><\/p>\n<\/td>\n<td class=\"last\">4,30\u00a0Milliarden KbE<\/td>\n<\/tr>\n<tr class=\"odd\">\n<td><em>Lactobacillus salivarius<\/em> HA118<sup>2<\/sup><\/td>\n<td class=\"last\">\u00a02,36\u00a0Milliarden KbE<\/td>\n<\/tr>\n<tr class=\"even\">\n<td>\n<p class=\"nahani-ingredients\"><em>Bifidobacterium bifidum<\/em> HA132<sup>2<\/sup><\/p>\n<\/td>\n<td class=\"last\">\u00a01,91\u00a0Milliarden KbE<\/td>\n<\/tr>\n<tr class=\"odd\">\n<td><em>Lactobacillus rhamnosus<\/em> R0011<sup>1<\/sup><\/td>\n<td class=\"last\">\u00a01,55\u00a0Milliarden KbE<\/td>\n<\/tr>\n<tr class=\"even\">\n<td><em>Lactobacillus rhamnosus<\/em> R1039<sup>1<\/sup><\/td>\n<td class=\"last\">\u00a01,17\u00a0Milliarden KbE<\/td>\n<\/tr>\n<tr class=\"odd\">\n<td><em>Lactobacillus rhamnosus<\/em> HA114<sup>2<\/sup><\/td>\n<td class=\"last\">\u00a0960\u00a0Millionen KbE<\/td>\n<\/tr>\n<tr class=\"even\">\n<td><em>Lactobacillus reuteri HA188<sup>2<\/sup><\/em><\/td>\n<td class=\"last\">700 Millionen KbE<\/td>\n<\/tr>\n<tr class=\"odd\">\n<td><em>Lactobacillus acidophilus<\/em> R0418<sup>2<\/sup><\/td>\n<td class=\"last\">\u00a0210\u00a0Millionen KbE<\/td>\n<\/tr>\n<tr class=\"even\">\n<td><em>Lactobacillus helveticus<\/em> R0052<sup>1<\/sup><\/td>\n<td class=\"last\">190\u00a0Millionen KbE<\/td>\n<\/tr>\n<tr class=\"odd\">\n<td><em>Lactobacillus plantarum<\/em> R1012<sup>3<\/sup><\/td>\n<td class=\"last\">160\u00a0Millionen KbE<\/td>\n<\/tr>\n<tr class=\"even\">\n<td><em>Lactobacillus casei<\/em> R0215<sup>1<\/sup><\/td>\n<td class=\"last\">160\u00a0Millionen KbE<\/td>\n<\/tr>\n<tr class=\"odd\">\n<td><em>Bifidobacterium longum<\/em> ssp. <em>longum<\/em> R0175<sup>2<\/sup><\/td>\n<td class=\"last\">120\u00a0Millionen KbE<\/td>\n<\/tr>\n<tr class=\"even\">\n<td><em>Bifidobacterium breve<\/em> R0070<sup>2<\/sup><\/td>\n<td class=\"last\">120\u00a0Millionen KbE<\/td>\n<\/tr>\n<tr class=\"odd\">\n<td><em>Bifidobacterium infantis<\/em> R0033<sup>2<\/sup><\/td>\n<td class=\"last\">120\u00a0Millionen KbE<\/td>\n<\/tr>\n<tr class=\"even\">\n<td><em>Streptococcus salivarius<\/em> ssp. <em>thermophilus<\/em> R0083<sup>1<\/sup><\/td>\n<td class=\"last\">80\u00a0Millionen KbE<\/td>\n<\/tr>\n<tr class=\"odd\">\n<td><em>Lactobacillus delbrueckii<\/em> ssp. <em>bulgaricus<\/em> R9001<sup>1<\/sup><\/td>\n<td class=\"last\">20\u00a0Millionen KbE<\/td>\n<\/tr>\n<tr class=\"even\">\n<td>Inulin<\/td>\n<td class=\"last\">5 mg<\/td>\n<\/tr>\n<tr class=\"odd\">\n<td>\n<p class=\"nahani-ingredients\">Arabinogalactan (AOS)<\/p>\n<\/td>\n<td class=\"last\">5 mg<\/td>\n<\/tr>\n<tr class=\"even\">\n<td class=\"last\" colspan=\"2\">\n<p class=\"nahani-ingredients\">KbE = Koloniebildende Einheiten<\/p>\n<p>Ganzzell-Bakterien. Potenz bis zum Ablauf des MHD garantiert<\/p>\n<p class=\"nahani-ingredients\">Herkunft der St\u00e4mme: <sup>1<\/sup>Milchprodukte; <sup>2<\/sup>Mensch; <sup>3<\/sup>Pflanzen<\/p>\n<\/td>\n<\/tr>\n<tr class=\"odd\">\n<td class=\"last\" colspan=\"2\"><strong>MAGENSAFTRESISTENTE\u00a0<\/strong><strong>PFLANZLICHE KAPSEL PH<sup>5<\/sup>D<\/strong><\/td>\n<\/tr>\n<\/tbody>\n<\/table>\n","protected":false},"excerpt":{"rendered":"<p><strong>Pro Intens Ultra<\/strong> ist f\u00fcr viele meiner Klienten das beste Probiotikum als <strong>Bestandteil einer Darmsanierung<\/strong>. Es enth\u00e4lt sagenhafte <strong>120 Milliarden KbE<\/strong> (Koloniebildende Einheiten) von insgesamt <strong>20 aufeinander abgestimmten Bakterienst\u00e4mmen<\/strong>. Wegen der <strong>magens\u00e4ureresistenten Kapsel<\/strong> aus Cellulose (1 t\u00e4glich mit einer Mahlzeit) werden die Bakterien dort aktiviert, wo sie gebraucht werden: im D\u00fcnndarm.<br \/>\nEs ist meiner Erfahrung nach &#8211; neben entsprechender Ern\u00e4hrung und einem individuellen inneren Prozess &#8211;\u00a0 essentieller Bestandteil einer sinnvollen Darmsanierung im Zusammenspiel mit Bentonit und Flohsamenschalen. Aber nicht f\u00fcr jeden in jeder Situation geeignet. Das enthaltene <strong>Inulin<\/strong> kann bei (heredit\u00e4rer) <strong>Fructoseintoleranz<\/strong> zu <strong>Schwierigkeiten<\/strong> f\u00fchren, einige der St\u00e4mme f\u00fcr Menschen mit <strong>Histaminintoleranz<\/strong> eine unn\u00f6tige <strong>Herausforderung<\/strong> sein. Beraten lassen w\u00e4re gut, bevor Du f\u00fcr knapp 90 Euro bestellst. Ruf mich also gerne im Laden an.<\/p>\n<p>Inhalt: 30 Kapseln (f\u00fcr 30 Tage) 1x t\u00e4glich mit einer Mahlzeit einnehmen<\/p>\n","protected":false},"featured_media":31004,"comment_status":"closed","ping_status":"closed","template":"","meta":[],"product_brand":[],"product_cat":[357,356,353],"product_tag":[],"class_list":{"0":"post-3617","1":"product","2":"type-product","3":"status-publish","4":"has-post-thumbnail","6":"product_cat-darmsanierung","7":"product_cat-immunsystem-staerken","8":"product_cat-meine-persoenlichen-favoriten","9":"description-off","11":"first","12":"onbackorder","13":"taxable","14":"shipping-taxable","15":"purchasable","16":"product-type-simple"},"yoast_head":"<!-- This site is optimized with the Yoast SEO plugin v26.4 - https:\/\/yoast.com\/wordpress\/plugins\/seo\/ -->\n<title>Pro Intens Ultra Probiotikum - piece of cake Gesundheitsshop \ud83c\udf70<\/title>\n<meta name=\"description\" content=\"Pro Intens Ultra Probiotikum \u2705120 Milliarden KbE \u270520 Bakterienst\u00e4mme \u2705Darmsanierung \u2705Darmgesundheit \u2705magensaftresistente Kapsel\" \/>\n<meta name=\"robots\" content=\"index, follow, max-snippet:-1, max-image-preview:large, max-video-preview:-1\" \/>\n<link rel=\"canonical\" href=\"https:\/\/pieceofcake.coach\/gesundheitsshop\/produkte\/pro-intens-ultra-probiotikum\" \/>\n<meta property=\"og:locale\" content=\"de_DE\" \/>\n<meta property=\"og:type\" content=\"article\" \/>\n<meta property=\"og:title\" content=\"Pro Intens Ultra Probiotikum - piece of cake Gesundheitsshop \ud83c\udf70\" \/>\n<meta property=\"og:description\" content=\"Pro Intens Ultra Probiotikum \u2705120 Milliarden KbE \u270520 Bakterienst\u00e4mme \u2705Darmsanierung \u2705Darmgesundheit \u2705magensaftresistente Kapsel\" \/>\n<meta property=\"og:url\" content=\"https:\/\/pieceofcake.coach\/gesundheitsshop\/produkte\/pro-intens-ultra-probiotikum\" \/>\n<meta property=\"og:site_name\" content=\"piece of cake Gesundheitsshop\" \/>\n<meta property=\"article:modified_time\" content=\"2026-02-05T18:24:14+00:00\" \/>\n<meta property=\"og:image\" content=\"https:\/\/pieceofcake.coach\/gesundheitsshop\/wp-content\/uploads\/sites\/5\/2022\/08\/IMG_9499.jpeg\" \/>\n\t<meta property=\"og:image:width\" content=\"1772\" \/>\n\t<meta property=\"og:image:height\" content=\"1772\" \/>\n\t<meta property=\"og:image:type\" content=\"image\/jpeg\" \/>\n<meta name=\"twitter:card\" content=\"summary_large_image\" \/>\n<meta name=\"twitter:label1\" content=\"Gesch\u00e4tzte Lesezeit\" \/>\n\t<meta name=\"twitter:data1\" content=\"6\u00a0Minuten\" \/>\n<script type=\"application\/ld+json\" class=\"yoast-schema-graph\">{\"@context\":\"https:\/\/schema.org\",\"@graph\":[{\"@type\":\"WebPage\",\"@id\":\"https:\/\/pieceofcake.coach\/gesundheitsshop\/produkte\/pro-intens-ultra-probiotikum\",\"url\":\"https:\/\/pieceofcake.coach\/gesundheitsshop\/produkte\/pro-intens-ultra-probiotikum\",\"name\":\"Pro Intens Ultra Probiotikum - piece of cake Gesundheitsshop \ud83c\udf70\",\"isPartOf\":{\"@id\":\"https:\/\/pieceofcake.coach\/gesundheitsshop\/#website\"},\"primaryImageOfPage\":{\"@id\":\"https:\/\/pieceofcake.coach\/gesundheitsshop\/produkte\/pro-intens-ultra-probiotikum#primaryimage\"},\"image\":{\"@id\":\"https:\/\/pieceofcake.coach\/gesundheitsshop\/produkte\/pro-intens-ultra-probiotikum#primaryimage\"},\"thumbnailUrl\":\"https:\/\/pieceofcake.coach\/gesundheitsshop\/wp-content\/uploads\/sites\/5\/2022\/08\/IMG_9499.jpeg\",\"datePublished\":\"2018-07-08T18:17:33+00:00\",\"dateModified\":\"2026-02-05T18:24:14+00:00\",\"description\":\"Pro Intens Ultra Probiotikum \u2705120 Milliarden KbE \u270520 Bakterienst\u00e4mme \u2705Darmsanierung \u2705Darmgesundheit \u2705magensaftresistente Kapsel\",\"breadcrumb\":{\"@id\":\"https:\/\/pieceofcake.coach\/gesundheitsshop\/produkte\/pro-intens-ultra-probiotikum#breadcrumb\"},\"inLanguage\":\"de\",\"potentialAction\":[{\"@type\":\"ReadAction\",\"target\":[\"https:\/\/pieceofcake.coach\/gesundheitsshop\/produkte\/pro-intens-ultra-probiotikum\"]}]},{\"@type\":\"ImageObject\",\"inLanguage\":\"de\",\"@id\":\"https:\/\/pieceofcake.coach\/gesundheitsshop\/produkte\/pro-intens-ultra-probiotikum#primaryimage\",\"url\":\"https:\/\/pieceofcake.coach\/gesundheitsshop\/wp-content\/uploads\/sites\/5\/2022\/08\/IMG_9499.jpeg\",\"contentUrl\":\"https:\/\/pieceofcake.coach\/gesundheitsshop\/wp-content\/uploads\/sites\/5\/2022\/08\/IMG_9499.jpeg\",\"width\":1772,\"height\":1772,\"caption\":\"ProIntens Ultra\"},{\"@type\":\"BreadcrumbList\",\"@id\":\"https:\/\/pieceofcake.coach\/gesundheitsshop\/produkte\/pro-intens-ultra-probiotikum#breadcrumb\",\"itemListElement\":[{\"@type\":\"ListItem\",\"position\":1,\"name\":\"Startseite\",\"item\":\"https:\/\/pieceofcake.coach\/gesundheitsshop\/\"},{\"@type\":\"ListItem\",\"position\":2,\"name\":\"Produkte\",\"item\":\"https:\/\/pieceofcake.coach\/gesundheitsshop\/produkte\"},{\"@type\":\"ListItem\",\"position\":3,\"name\":\"Pro Intens Ultra Probiotikum\"}]},{\"@type\":\"WebSite\",\"@id\":\"https:\/\/pieceofcake.coach\/gesundheitsshop\/#website\",\"url\":\"https:\/\/pieceofcake.coach\/gesundheitsshop\/\",\"name\":\"piece of cake Gesundheitsshop\",\"description\":\"\",\"potentialAction\":[{\"@type\":\"SearchAction\",\"target\":{\"@type\":\"EntryPoint\",\"urlTemplate\":\"https:\/\/pieceofcake.coach\/gesundheitsshop\/?s={search_term_string}\"},\"query-input\":{\"@type\":\"PropertyValueSpecification\",\"valueRequired\":true,\"valueName\":\"search_term_string\"}}],\"inLanguage\":\"de\"}]}<\/script>\n<!-- \/ Yoast SEO plugin. -->","yoast_head_json":{"title":"Pro Intens Ultra Probiotikum - piece of cake Gesundheitsshop \ud83c\udf70","description":"Pro Intens Ultra Probiotikum \u2705120 Milliarden KbE \u270520 Bakterienst\u00e4mme \u2705Darmsanierung \u2705Darmgesundheit \u2705magensaftresistente Kapsel","robots":{"index":"index","follow":"follow","max-snippet":"max-snippet:-1","max-image-preview":"max-image-preview:large","max-video-preview":"max-video-preview:-1"},"canonical":"https:\/\/pieceofcake.coach\/gesundheitsshop\/produkte\/pro-intens-ultra-probiotikum","og_locale":"de_DE","og_type":"article","og_title":"Pro Intens Ultra Probiotikum - piece of cake Gesundheitsshop \ud83c\udf70","og_description":"Pro Intens Ultra Probiotikum \u2705120 Milliarden KbE \u270520 Bakterienst\u00e4mme \u2705Darmsanierung \u2705Darmgesundheit \u2705magensaftresistente Kapsel","og_url":"https:\/\/pieceofcake.coach\/gesundheitsshop\/produkte\/pro-intens-ultra-probiotikum","og_site_name":"piece of cake Gesundheitsshop","article_modified_time":"2026-02-05T18:24:14+00:00","og_image":[{"width":1772,"height":1772,"url":"https:\/\/pieceofcake.coach\/gesundheitsshop\/wp-content\/uploads\/sites\/5\/2022\/08\/IMG_9499.jpeg","type":"image\/jpeg"}],"twitter_card":"summary_large_image","twitter_misc":{"Gesch\u00e4tzte Lesezeit":"6\u00a0Minuten"},"schema":{"@context":"https:\/\/schema.org","@graph":[{"@type":"WebPage","@id":"https:\/\/pieceofcake.coach\/gesundheitsshop\/produkte\/pro-intens-ultra-probiotikum","url":"https:\/\/pieceofcake.coach\/gesundheitsshop\/produkte\/pro-intens-ultra-probiotikum","name":"Pro Intens Ultra Probiotikum - piece of cake Gesundheitsshop \ud83c\udf70","isPartOf":{"@id":"https:\/\/pieceofcake.coach\/gesundheitsshop\/#website"},"primaryImageOfPage":{"@id":"https:\/\/pieceofcake.coach\/gesundheitsshop\/produkte\/pro-intens-ultra-probiotikum#primaryimage"},"image":{"@id":"https:\/\/pieceofcake.coach\/gesundheitsshop\/produkte\/pro-intens-ultra-probiotikum#primaryimage"},"thumbnailUrl":"https:\/\/pieceofcake.coach\/gesundheitsshop\/wp-content\/uploads\/sites\/5\/2022\/08\/IMG_9499.jpeg","datePublished":"2018-07-08T18:17:33+00:00","dateModified":"2026-02-05T18:24:14+00:00","description":"Pro Intens Ultra Probiotikum \u2705120 Milliarden KbE \u270520 Bakterienst\u00e4mme \u2705Darmsanierung \u2705Darmgesundheit \u2705magensaftresistente Kapsel","breadcrumb":{"@id":"https:\/\/pieceofcake.coach\/gesundheitsshop\/produkte\/pro-intens-ultra-probiotikum#breadcrumb"},"inLanguage":"de","potentialAction":[{"@type":"ReadAction","target":["https:\/\/pieceofcake.coach\/gesundheitsshop\/produkte\/pro-intens-ultra-probiotikum"]}]},{"@type":"ImageObject","inLanguage":"de","@id":"https:\/\/pieceofcake.coach\/gesundheitsshop\/produkte\/pro-intens-ultra-probiotikum#primaryimage","url":"https:\/\/pieceofcake.coach\/gesundheitsshop\/wp-content\/uploads\/sites\/5\/2022\/08\/IMG_9499.jpeg","contentUrl":"https:\/\/pieceofcake.coach\/gesundheitsshop\/wp-content\/uploads\/sites\/5\/2022\/08\/IMG_9499.jpeg","width":1772,"height":1772,"caption":"ProIntens Ultra"},{"@type":"BreadcrumbList","@id":"https:\/\/pieceofcake.coach\/gesundheitsshop\/produkte\/pro-intens-ultra-probiotikum#breadcrumb","itemListElement":[{"@type":"ListItem","position":1,"name":"Startseite","item":"https:\/\/pieceofcake.coach\/gesundheitsshop\/"},{"@type":"ListItem","position":2,"name":"Produkte","item":"https:\/\/pieceofcake.coach\/gesundheitsshop\/produkte"},{"@type":"ListItem","position":3,"name":"Pro Intens Ultra Probiotikum"}]},{"@type":"WebSite","@id":"https:\/\/pieceofcake.coach\/gesundheitsshop\/#website","url":"https:\/\/pieceofcake.coach\/gesundheitsshop\/","name":"piece of cake Gesundheitsshop","description":"","potentialAction":[{"@type":"SearchAction","target":{"@type":"EntryPoint","urlTemplate":"https:\/\/pieceofcake.coach\/gesundheitsshop\/?s={search_term_string}"},"query-input":{"@type":"PropertyValueSpecification","valueRequired":true,"valueName":"search_term_string"}}],"inLanguage":"de"}]}},"_links":{"self":[{"href":"https:\/\/pieceofcake.coach\/gesundheitsshop\/wp-json\/wp\/v2\/product\/3617","targetHints":{"allow":["GET"]}}],"collection":[{"href":"https:\/\/pieceofcake.coach\/gesundheitsshop\/wp-json\/wp\/v2\/product"}],"about":[{"href":"https:\/\/pieceofcake.coach\/gesundheitsshop\/wp-json\/wp\/v2\/types\/product"}],"replies":[{"embeddable":true,"href":"https:\/\/pieceofcake.coach\/gesundheitsshop\/wp-json\/wp\/v2\/comments?post=3617"}],"wp:featuredmedia":[{"embeddable":true,"href":"https:\/\/pieceofcake.coach\/gesundheitsshop\/wp-json\/wp\/v2\/media\/31004"}],"wp:attachment":[{"href":"https:\/\/pieceofcake.coach\/gesundheitsshop\/wp-json\/wp\/v2\/media?parent=3617"}],"wp:term":[{"taxonomy":"product_brand","embeddable":true,"href":"https:\/\/pieceofcake.coach\/gesundheitsshop\/wp-json\/wp\/v2\/product_brand?post=3617"},{"taxonomy":"product_cat","embeddable":true,"href":"https:\/\/pieceofcake.coach\/gesundheitsshop\/wp-json\/wp\/v2\/product_cat?post=3617"},{"taxonomy":"product_tag","embeddable":true,"href":"https:\/\/pieceofcake.coach\/gesundheitsshop\/wp-json\/wp\/v2\/product_tag?post=3617"}],"curies":[{"name":"wp","href":"https:\/\/api.w.org\/{rel}","templated":true}]}}